{"id":8088,"date":"2025-04-04T08:47:36","date_gmt":"2025-04-04T11:47:36","guid":{"rendered":"https:\/\/bairesdeluxe.com.ar\/?post_type=product&#038;p=8088"},"modified":"2025-11-28T09:21:50","modified_gmt":"2025-11-28T12:21:50","slug":"puff-charlotte-canelon-pana-antimanchas-50-cm-bairesdeluxe-natural","status":"publish","type":"product","link":"https:\/\/bairesdeluxe.com.ar\/?product=puff-charlotte-canelon-pana-antimanchas-50-cm-bairesdeluxe-natural","title":{"rendered":"Puff Charlotte Canelon Pana Antimanchas"},"content":{"rendered":"<h2 class=\"math-block\" data-math=\"\\text{H1: Puff Charlotte Canelon | Banqueta Moderna Rectangular en Pana Antimanchas}\"><strong><span class=\"katex-display\"><span class=\"katex\"><span class=\"katex-html\" aria-hidden=\"true\"><span class=\"base\"><span class=\"mord text\"><span class=\"mord\">Puff Charlotte Canelon | Banqueta Moderna Rectangular en Pana Antimanchas<\/span><\/span><\/span><\/span><\/span><\/span><\/strong><\/h2>\n<p data-path-to-node=\"18,0\"><b>Descanso te espera!<\/b><\/p>\n<p data-path-to-node=\"18,1\">Transform\u00e1 tu espacio con el <b>Puff Charlotte Canelon<\/b>, donde la funcionalidad se encuentra con el dise\u00f1o de vanguardia.<\/p>\n<p data-path-to-node=\"18,2\"><b>OFERTA IMPERDIBLE:<\/b> \u00a1Aprovech\u00e1 un <b>15% de Descuento<\/b> en la compra de tu puff pagando en efectivo o por transferencia!<\/p>\n<p data-path-to-node=\"18,3\"><b>&#x1f449; No esperes m\u00e1s, consult\u00e1 colores disponibles y adquir\u00ed tu Puff Charlotte Canelon hoy mismo.<\/b><\/p>\n<h3 data-start=\"907\" data-end=\"945\">&#x2728; <strong data-start=\"913\" data-end=\"945\">Caracter\u00edsticas principales:<\/strong><\/h3>\n<table data-path-to-node=\"20\">\n<thead>\n<tr>\n<td><strong>Caracter\u00edstica<\/strong><\/td>\n<td><strong>Detalle<\/strong><\/td>\n<\/tr>\n<\/thead>\n<tbody>\n<tr>\n<td><span data-path-to-node=\"20,1,0,0\"><b>Focus Keyword<\/b><\/span><\/td>\n<td><span data-path-to-node=\"20,1,1,0\"><b>puff charlotte canelon<\/b><\/span><\/td>\n<\/tr>\n<tr>\n<td><span data-path-to-node=\"20,2,0,0\"><b>Tipo<\/b><\/span><\/td>\n<td><span data-path-to-node=\"20,2,1,0\">Puff \/ Banqueta Rectangular<\/span><\/td>\n<\/tr>\n<tr>\n<td><span data-path-to-node=\"20,3,0,0\"><b>Tapizado<\/b><\/span><\/td>\n<td><span data-path-to-node=\"20,3,1,0\">Pana Antimanchas (Color a elecci\u00f3n)<\/span><\/td>\n<\/tr>\n<tr>\n<td><span data-path-to-node=\"20,4,0,0\"><b>Estructura<\/b><\/span><\/td>\n<td><span data-path-to-node=\"20,4,1,0\">Madera Saligna<\/span><\/td>\n<\/tr>\n<tr>\n<td><span data-path-to-node=\"20,5,0,0\"><b>Patas<\/b><\/span><\/td>\n<td><span data-path-to-node=\"20,5,1,0\">4 patas de Regat\u00f3n (Fijas)<\/span><\/td>\n<\/tr>\n<tr>\n<td><span data-path-to-node=\"20,6,0,0\"><b>Capacidad de Peso<\/b><\/span><\/td>\n<td><span data-path-to-node=\"20,6,1,0\">Hasta <span class=\"math-inline\" data-math=\"120\\ kg\">$120\\ kg$<\/span><\/span><\/td>\n<\/tr>\n<tr>\n<td><span data-path-to-node=\"20,7,0,0\"><b>Alto<\/b><\/span><\/td>\n<td><span data-path-to-node=\"20,7,1,0\"><span class=\"math-inline\" data-math=\"50\\ cm\">$50\\ cm$<\/span><\/span><\/td>\n<\/tr>\n<tr>\n<td><span data-path-to-node=\"20,8,0,0\"><b>Largo (Profundidad)<\/b><\/span><\/td>\n<td><span data-path-to-node=\"20,8,1,0\"><span class=\"math-inline\" data-math=\"40\\ cm\">$40\\ cm$<\/span><\/span><\/td>\n<\/tr>\n<tr>\n<td><span data-path-to-node=\"20,9,0,0\"><b>Ancho<\/b><\/span><\/td>\n<td><span data-path-to-node=\"20,9,1,0\"><span class=\"math-inline\" data-math=\"120\\ cm\">$120\\ cm$<\/span><\/span><\/td>\n<\/tr>\n<tr>\n<td><span data-path-to-node=\"20,10,0,0\"><b>Promoci\u00f3n<\/b><\/span><\/td>\n<td><span data-path-to-node=\"20,10,1,0\"><b>15% OFF<\/b> por Pago en Efectivo\/Transferencia<\/span><\/td>\n<\/tr>\n<tr>\n<td><span data-path-to-node=\"20,11,0,0\"><b>Plegable<\/b><\/span><\/td>\n<td><span data-path-to-node=\"20,11,1,0\">No<\/span><\/td>\n<\/tr>\n<\/tbody>\n<\/table>\n<h3 data-start=\"1412\" data-end=\"1444\">&#x1f527; <strong data-start=\"1419\" data-end=\"1444\">Opciones adicionales:<\/strong><\/h3>\n<ul data-start=\"1445\" data-end=\"1564\">\n<li data-start=\"1445\" data-end=\"1496\">\n<p data-start=\"1447\" data-end=\"1496\">&#x1f9bf; Patas de aluminio (consultar disponibilidad)<\/p>\n<\/li>\n<li data-start=\"1497\" data-end=\"1520\">\n<p data-start=\"1499\" data-end=\"1520\">&#x1f4cf; Medidas a pedido<\/p>\n<\/li>\n<li data-start=\"1521\" data-end=\"1564\">\n<p data-start=\"1523\" data-end=\"1564\">&#x1f3a8; Amplia variedad de tapizados y colores<\/p>\n<\/li>\n<\/ul>\n<p data-start=\"1571\" data-end=\"1694\">&#x1f4ac; <strong data-start=\"1574\" data-end=\"1660\">Fabricado en Argentina con materiales de primera calidad y atenci\u00f3n personalizada.<\/strong><br data-start=\"1660\" data-end=\"1663\" \/>&#x1f69b; <strong data-start=\"1666\" data-end=\"1692\">Env\u00edos a todo el pa\u00eds.<\/strong><\/p>\n<p data-start=\"1696\" data-end=\"1830\">Transform\u00e1 tu living con un sof\u00e1 que une estilo, comodidad y funcionalidad.<br data-start=\"1771\" data-end=\"1774\" \/><strong data-start=\"1774\" data-end=\"1830\">Eleg\u00ed Bairesdeluxe. Eleg\u00ed dise\u00f1o sin intermediarios.<\/strong><\/p>\n<hr data-start=\"1832\" data-end=\"1835\" \/>\n<p data-start=\"1837\" data-end=\"1951\" data-is-last-node=\"\" data-is-only-node=\"\">\u00bfQuer\u00e9s que tambi\u00e9n te cree la versi\u00f3n para Mercado Libre o un copy para redes sociales? Te la preparo en minutos.<\/p>\n","protected":false},"excerpt":{"rendered":"<p><span data-path-to-node=\"22,1,1,0\"><b>\u00a1Un toque moderno y funcional!<\/b> Puff Charlotte Canelon en Pana Antimancha. Estructura de Saligna, ideal para cualquier ambiente. <b>\u00a115% de Descuento en Efectivo!<\/b><\/span><\/p>\n","protected":false},"featured_media":8090,"template":"","meta":{"ocean_post_layout":"","ocean_both_sidebars_style":"","ocean_both_sidebars_content_width":0,"ocean_both_sidebars_sidebars_width":0,"ocean_sidebar":"0","ocean_second_sidebar":"0","ocean_disable_margins":"enable","ocean_add_body_class":"","ocean_shortcode_before_top_bar":"","ocean_shortcode_after_top_bar":"","ocean_shortcode_before_header":"","ocean_shortcode_after_header":"","ocean_has_shortcode":"","ocean_shortcode_after_title":"","ocean_shortcode_before_footer_widgets":"","ocean_shortcode_after_footer_widgets":"","ocean_shortcode_before_footer_bottom":"","ocean_shortcode_after_footer_bottom":"","ocean_display_top_bar":"default","ocean_display_header":"default","ocean_header_style":"","ocean_center_header_left_menu":"0","ocean_custom_header_template":"0","ocean_custom_logo":0,"ocean_custom_retina_logo":0,"ocean_custom_logo_max_width":0,"ocean_custom_logo_tablet_max_width":0,"ocean_custom_logo_mobile_max_width":0,"ocean_custom_logo_max_height":0,"ocean_custom_logo_tablet_max_height":0,"ocean_custom_logo_mobile_max_height":0,"ocean_header_custom_menu":"0","ocean_menu_typo_font_family":"0","ocean_menu_typo_font_subset":"","ocean_menu_typo_font_size":0,"ocean_menu_typo_font_size_tablet":0,"ocean_menu_typo_font_size_mobile":0,"ocean_menu_typo_font_size_unit":"px","ocean_menu_typo_font_weight":"","ocean_menu_typo_font_weight_tablet":"","ocean_menu_typo_font_weight_mobile":"","ocean_menu_typo_transform":"","ocean_menu_typo_transform_tablet":"","ocean_menu_typo_transform_mobile":"","ocean_menu_typo_line_height":0,"ocean_menu_typo_line_height_tablet":0,"ocean_menu_typo_line_height_mobile":0,"ocean_menu_typo_line_height_unit":"","ocean_menu_typo_spacing":0,"ocean_menu_typo_spacing_tablet":0,"ocean_menu_typo_spacing_mobile":0,"ocean_menu_typo_spacing_unit":"","ocean_menu_link_color":"","ocean_menu_link_color_hover":"","ocean_menu_link_color_active":"","ocean_menu_link_background":"","ocean_menu_link_hover_background":"","ocean_menu_link_active_background":"","ocean_menu_social_links_bg":"","ocean_menu_social_hover_links_bg":"","ocean_menu_social_links_color":"","ocean_menu_social_hover_links_color":"","ocean_disable_title":"default","ocean_disable_heading":"default","ocean_post_title":"","ocean_post_subheading":"","ocean_post_title_style":"","ocean_post_title_background_color":"","ocean_post_title_background":0,"ocean_post_title_bg_image_position":"","ocean_post_title_bg_image_attachment":"","ocean_post_title_bg_image_repeat":"","ocean_post_title_bg_image_size":"","ocean_post_title_height":0,"ocean_post_title_bg_overlay":0.5,"ocean_post_title_bg_overlay_color":"","ocean_disable_breadcrumbs":"default","ocean_breadcrumbs_color":"","ocean_breadcrumbs_separator_color":"","ocean_breadcrumbs_links_color":"","ocean_breadcrumbs_links_hover_color":"","ocean_display_footer_widgets":"default","ocean_display_footer_bottom":"default","ocean_custom_footer_template":"0"},"product_brand":[723],"product_cat":[169,590,172,178,184,187,166,179,15],"product_tag":[890,893,894,888,892,891,889],"class_list":{"0":"post-8088","1":"product","2":"type-product","3":"status-publish","4":"has-post-thumbnail","6":"product_brand-bairesdeluxe","7":"product_cat-3-cuerpos","8":"product_cat-estetica","9":"product_cat-modelo","10":"product_cat-moderno","11":"product_cat-pana-antimanchas","12":"product_cat-puff","13":"product_cat-tamano","14":"product_cat-tela","15":"product_cat-todo","16":"product_tag-banqueta-moderna","17":"product_tag-puff-120cm","18":"product_tag-puff-banqueta","19":"product_tag-puff-charlotte-canelon","20":"product_tag-puff-con-patas","21":"product_tag-puff-pana-antimancha","22":"product_tag-puff-rectangular","24":"entry","25":"has-media","27":"first","28":"instock","29":"sale","30":"shipping-taxable","31":"purchasable","32":"product-type-simple","33":"has-product-nav","34":"col","35":"span_1_of_3","36":"owp-content-center","37":"owp-thumbs-layout-horizontal","38":"owp-btn-big","39":"owp-tabs-layout-vertical"},"aioseo_notices":[],"jetpack_sharing_enabled":true,"_links":{"self":[{"href":"https:\/\/bairesdeluxe.com.ar\/index.php?rest_route=\/wp\/v2\/product\/8088","targetHints":{"allow":["GET"]}}],"collection":[{"href":"https:\/\/bairesdeluxe.com.ar\/index.php?rest_route=\/wp\/v2\/product"}],"about":[{"href":"https:\/\/bairesdeluxe.com.ar\/index.php?rest_route=\/wp\/v2\/types\/product"}],"wp:featuredmedia":[{"embeddable":true,"href":"https:\/\/bairesdeluxe.com.ar\/index.php?rest_route=\/wp\/v2\/media\/8090"}],"wp:attachment":[{"href":"https:\/\/bairesdeluxe.com.ar\/index.php?rest_route=%2Fwp%2Fv2%2Fmedia&parent=8088"}],"wp:term":[{"taxonomy":"product_brand","embeddable":true,"href":"https:\/\/bairesdeluxe.com.ar\/index.php?rest_route=%2Fwp%2Fv2%2Fproduct_brand&post=8088"},{"taxonomy":"product_cat","embeddable":true,"href":"https:\/\/bairesdeluxe.com.ar\/index.php?rest_route=%2Fwp%2Fv2%2Fproduct_cat&post=8088"},{"taxonomy":"product_tag","embeddable":true,"href":"https:\/\/bairesdeluxe.com.ar\/index.php?rest_route=%2Fwp%2Fv2%2Fproduct_tag&post=8088"}],"curies":[{"name":"wp","href":"https:\/\/api.w.org\/{rel}","templated":true}]}}