{"id":803,"date":"2020-11-26T23:23:30","date_gmt":"2020-11-27T02:23:30","guid":{"rendered":"https:\/\/bairesdeluxe.com.ar\/?post_type=product&#038;p=803"},"modified":"2025-11-26T09:39:09","modified_gmt":"2025-11-26T12:39:09","slug":"puff-ghost-fantondeluxe-con-funda-tussor","status":"publish","type":"product","link":"https:\/\/bairesdeluxe.com.ar\/?product=puff-ghost-fantondeluxe-con-funda-tussor","title":{"rendered":"&#x1f47b; Puff Ghost phantomdeluxe con Funda Tussor"},"content":{"rendered":"<p><strong>&#x1f47b; Puff Puffera Ghost Fantondeluxe &#8211; Funda Tussor Desmontable y Lavable &#8211; Dise\u00f1o Minimalista<\/strong><\/p>\n<p>Todos los sillones son a fabricar el stock que aparece es para que puedas elegir de acuerdo a tus deseos y necesidades.<\/p>\n<p>Combina lo mejor del dise\u00f1o contempor\u00e1neo con un valor inigualables, la colecci\u00f3n de sillones FantonDeluxe es perfecta para brindar un estilo de alta calidad a tu hogar, estas en el lugar indicado!!<\/p>\n<p>Con funda Tussor a lecci\u00f3n seg\u00fan catalogo, ideal para sentarse y relajarse, crea un ambiente limpio, hermoso y saludable, con estilo minimalista, lo mejor es que desmontas la funda la lavas y listo como nuevo todo, quieres cambiar la deco!!! no hay problema cambias la funda unos cojines y ya esta.<\/p>\n<table data-path-to-node=\"20\">\n<thead>\n<tr>\n<td><strong>Caracter\u00edstica Clave<\/strong><\/td>\n<td><strong>Detalle T\u00e9cnico de Calidad<\/strong><\/td>\n<td><strong>Beneficio para el Cliente<\/strong><\/td>\n<\/tr>\n<\/thead>\n<tbody>\n<tr>\n<td><span data-path-to-node=\"20,1,0,0\"><b>Material\/Estilo<\/b><\/span><\/td>\n<td><span data-path-to-node=\"20,1,1,0\"><b>Funda Tussor desmontable y lavable<\/b> (colores a elecci\u00f3n).<\/span><\/td>\n<td><span data-path-to-node=\"20,1,2,0\"><b>F\u00e1cil Mantenimiento<\/b> e higiene. Permite renovar la decoraci\u00f3n sin cambiar el mueble.<\/span><\/td>\n<\/tr>\n<tr>\n<td><span data-path-to-node=\"20,2,0,0\"><b>Estructura<\/b><\/span><\/td>\n<td><span data-path-to-node=\"20,2,1,0\"><b>Madera Saligna<\/b> entera Estacionada, encolada y clavada.<\/span><\/td>\n<td><span data-path-to-node=\"20,2,2,0\"><b>S\u00f3lida estructura<\/b> garantizada y alta durabilidad para resistir hasta 110 Kg.<\/span><\/td>\n<\/tr>\n<tr>\n<td><span data-path-to-node=\"20,3,0,0\"><b>Asiento (Confort)<\/b><\/span><\/td>\n<td><span data-path-to-node=\"20,3,1,0\">Asiento de <b>Placa Soff de alta densidad<\/b>. Material principal: Piel sint\u00e9tica Bull.<\/span><\/td>\n<td><span data-path-to-node=\"20,3,2,0\"><b>M\u00e1ximo confort<\/b> y asiento acolchado, ideal para sentarse o apoyar los pies.<\/span><\/td>\n<\/tr>\n<tr>\n<td><span data-path-to-node=\"20,4,0,0\"><b>Estilo<\/b><\/span><\/td>\n<td><span data-path-to-node=\"20,4,1,0\"><b>Dise\u00f1o Tradicional<\/b> Fantondeluxe con un toque moderno\/minimalista.<\/span><\/td>\n<td><span data-path-to-node=\"20,4,2,0\">Pieza vers\u00e1til que se adapta a diferentes ambientes: <b>living, dormitorio, hall<\/b>.<\/span><\/td>\n<\/tr>\n<tr>\n<td><span data-path-to-node=\"20,5,0,0\"><b>Fabricaci\u00f3n<\/b><\/span><\/td>\n<td><span data-path-to-node=\"20,5,1,0\">Producto a fabricar.<\/span><\/td>\n<td><span data-path-to-node=\"20,5,2,0\">Posibilidad de elegir color y adaptar a necesidades (<b>Stock de dise\u00f1o<\/b>).<\/span><\/td>\n<\/tr>\n<\/tbody>\n<\/table>\n<h3 data-start=\"1236\" data-end=\"1267\">&#x1f4cf; <strong data-start=\"1243\" data-end=\"1266\">Medidas disponibles<\/strong>:<\/h3>\n<ul data-path-to-node=\"22\">\n<li>\n<p data-path-to-node=\"22,0,0\"><b>Altura del Puff:<\/b> 46 cm (Altura ideal para usar como asiento auxiliar o reposapi\u00e9s).<\/p>\n<\/li>\n<li>\n<p data-path-to-node=\"22,1,0\"><b>Ancho:<\/b> 60 cm.<\/p>\n<\/li>\n<li>\n<p data-path-to-node=\"22,2,0\"><b>Profundidad:<\/b> 70 cm.<\/p>\n<\/li>\n<\/ul>\n<h3 data-start=\"1412\" data-end=\"1444\">&#x1f527;\u00a0<b>Opciones de Personalizaci\u00f3n y Compra:<\/b><\/h3>\n<ul data-path-to-node=\"24\">\n<li>\n<p data-path-to-node=\"24,0,0\"><b>&#x1f3a8; Colores Disponibles (Funda y Base):<\/b> Hueso, Gris, Negro y Azul (y m\u00e1s, consulte cat\u00e1logo).<\/p>\n<\/li>\n<li>\n<p data-path-to-node=\"24,1,0\"><b>&#x1f4cf;Medidas y Telas:<\/b> Consulte por la fabricaci\u00f3n de este <b>Puff<\/b> en otras dimensiones o con otras telas para que se ajuste perfectamente a su proyecto de <b>decoraci\u00f3n<\/b>.<\/p>\n<\/li>\n<\/ul>\n<p><strong>VENTAJAS<\/strong><\/p>\n<p>&#x2714;&#xfe0f;M\u00e1ximo confort<\/p>\n<p>&#x2714;&#xfe0f;Solida estructura<\/p>\n<p>&#x2714;&#xfe0f;Materiales de alt\u00edsima calidad<\/p>\n<p>&#x2714;&#xfe0f;Dise\u00f1o tradicional con un toque moderno<\/p>\n<p>&#x2714;&#xfe0f;De muy f\u00e1cil mantenimiento<\/p>\n<p>&#x2714;&#xfe0f;C\u00f3modo asiento acolchado<\/p>\n<p>&nbsp;<\/p>\n<h3 data-start=\"1412\" data-end=\"1444\">&#x1f527; <strong data-start=\"1419\" data-end=\"1444\">Opciones adicionales:<\/strong><\/h3>\n<ul data-start=\"1445\" data-end=\"1564\">\n<li data-start=\"1445\" data-end=\"1496\">\n<p data-start=\"1447\" data-end=\"1496\">&#x1f9bf; Patas de aluminio (consultar disponibilidad)<\/p>\n<\/li>\n<li data-start=\"1497\" data-end=\"1520\">\n<p data-start=\"1499\" data-end=\"1520\">&#x1f4cf; Medidas a pedido<\/p>\n<\/li>\n<li data-start=\"1521\" data-end=\"1564\">\n<p data-start=\"1523\" data-end=\"1564\">&#x1f3a8; Amplia variedad de tapizados y colores<\/p>\n<\/li>\n<\/ul>\n<hr data-start=\"1566\" data-end=\"1569\" \/>\n<p data-start=\"1571\" data-end=\"1694\">&#x1f4ac; <strong data-start=\"1574\" data-end=\"1660\">Fabricado en Argentina con materiales de primera calidad y atenci\u00f3n personalizada.<\/strong><br data-start=\"1660\" data-end=\"1663\" \/>&#x1f69b; <strong data-start=\"1666\" data-end=\"1692\">Env\u00edos a todo el pa\u00eds.<\/strong><\/p>\n<p data-start=\"1696\" data-end=\"1830\">Transform\u00e1 tu living con un sof\u00e1 que une estilo, comodidad y funcionalidad.<br data-start=\"1771\" data-end=\"1774\" \/><strong data-start=\"1774\" data-end=\"1830\">Eleg\u00ed Bairesdeluxe. Eleg\u00ed dise\u00f1o sin intermediarios.<\/strong><\/p>\n<h3>&#x1f4e3; Promoci\u00f3n de Compra<\/h3>\n<blockquote data-path-to-node=\"22\">\n<p data-path-to-node=\"22,0\"><b>PRECIOS EN PROMOCI\u00d3N: \u00a1Consulte por descuentos especiales abonando con PAGO EFECTIVO O TRANSFERENCIA!<\/b><\/p>\n<p data-path-to-node=\"22,1\"><b>\u00a1Renueva tu living con este dise\u00f1o exclusivo!<\/b><\/p>\n<\/blockquote>\n<p>&nbsp;<\/p>\n","protected":false},"excerpt":{"rendered":"<p><b>Puff Ghost Fantondeluxe<\/b> con estructura de <b>Madera Saligna<\/b> y asiento de <b>Placa Soff de alta densidad<\/b>. Incluye <b>Funda Tussor desmontable y lavable<\/b> a elecci\u00f3n. Ideal como asiento auxiliar o reposapi\u00e9s. Dise\u00f1o minimalista y de muy f\u00e1cil mantenimiento. <b>Dimensiones aprox.:<\/b> 60 x 70 x 46 cm.<\/p>\n","protected":false},"featured_media":2565,"template":"","meta":{"ocean_post_layout":"","ocean_both_sidebars_style":"","ocean_both_sidebars_content_width":0,"ocean_both_sidebars_sidebars_width":0,"ocean_sidebar":"0","ocean_second_sidebar":"0","ocean_disable_margins":"enable","ocean_add_body_class":"","ocean_shortcode_before_top_bar":"","ocean_shortcode_after_top_bar":"","ocean_shortcode_before_header":"","ocean_shortcode_after_header":"","ocean_has_shortcode":"","ocean_shortcode_after_title":"","ocean_shortcode_before_footer_widgets":"","ocean_shortcode_after_footer_widgets":"","ocean_shortcode_before_footer_bottom":"","ocean_shortcode_after_footer_bottom":"","ocean_display_top_bar":"default","ocean_display_header":"default","ocean_header_style":"","ocean_center_header_left_menu":"0","ocean_custom_header_template":"0","ocean_custom_logo":0,"ocean_custom_retina_logo":0,"ocean_custom_logo_max_width":0,"ocean_custom_logo_tablet_max_width":0,"ocean_custom_logo_mobile_max_width":0,"ocean_custom_logo_max_height":0,"ocean_custom_logo_tablet_max_height":0,"ocean_custom_logo_mobile_max_height":0,"ocean_header_custom_menu":"0","ocean_menu_typo_font_family":"0","ocean_menu_typo_font_subset":"","ocean_menu_typo_font_size":0,"ocean_menu_typo_font_size_tablet":0,"ocean_menu_typo_font_size_mobile":0,"ocean_menu_typo_font_size_unit":"px","ocean_menu_typo_font_weight":"","ocean_menu_typo_font_weight_tablet":"","ocean_menu_typo_font_weight_mobile":"","ocean_menu_typo_transform":"","ocean_menu_typo_transform_tablet":"","ocean_menu_typo_transform_mobile":"","ocean_menu_typo_line_height":0,"ocean_menu_typo_line_height_tablet":0,"ocean_menu_typo_line_height_mobile":0,"ocean_menu_typo_line_height_unit":"","ocean_menu_typo_spacing":0,"ocean_menu_typo_spacing_tablet":0,"ocean_menu_typo_spacing_mobile":0,"ocean_menu_typo_spacing_unit":"","ocean_menu_link_color":"","ocean_menu_link_color_hover":"","ocean_menu_link_color_active":"","ocean_menu_link_background":"","ocean_menu_link_hover_background":"","ocean_menu_link_active_background":"","ocean_menu_social_links_bg":"","ocean_menu_social_hover_links_bg":"","ocean_menu_social_links_color":"","ocean_menu_social_hover_links_color":"","ocean_disable_title":"default","ocean_disable_heading":"default","ocean_post_title":"","ocean_post_subheading":"","ocean_post_title_style":"","ocean_post_title_background_color":"","ocean_post_title_background":0,"ocean_post_title_bg_image_position":"","ocean_post_title_bg_image_attachment":"","ocean_post_title_bg_image_repeat":"","ocean_post_title_bg_image_size":"","ocean_post_title_height":0,"ocean_post_title_bg_overlay":0.5,"ocean_post_title_bg_overlay_color":"","ocean_disable_breadcrumbs":"default","ocean_breadcrumbs_color":"","ocean_breadcrumbs_separator_color":"","ocean_breadcrumbs_links_color":"","ocean_breadcrumbs_links_hover_color":"","ocean_display_footer_widgets":"default","ocean_display_footer_bottom":"default","ocean_custom_footer_template":"0"},"product_brand":[723],"product_cat":[171,175,172,187,166,179,15,186],"product_tag":[803,801,111,800,802,754,129,799],"class_list":{"0":"post-803","1":"product","2":"type-product","3":"status-publish","4":"has-post-thumbnail","6":"product_brand-bairesdeluxe","7":"product_cat-1-cuerpo","8":"product_cat-ghost","9":"product_cat-modelo","10":"product_cat-puff","11":"product_cat-tamano","12":"product_cat-tela","13":"product_cat-todo","14":"product_cat-tussor","15":"product_tag-diseno-minimalista","16":"product_tag-fantondeluxe","17":"product_tag-funda-tussor","18":"product_tag-ghost","19":"product_tag-lavable","20":"product_tag-madera-saligna","21":"product_tag-puff","22":"product_tag-puffera","24":"entry","25":"has-media","27":"first","28":"instock","29":"shipping-taxable","30":"purchasable","31":"product-type-simple","32":"has-product-nav","33":"col","34":"span_1_of_3","35":"owp-content-center","36":"owp-thumbs-layout-horizontal","37":"owp-btn-big","38":"owp-tabs-layout-vertical"},"aioseo_notices":[],"jetpack_sharing_enabled":true,"_links":{"self":[{"href":"https:\/\/bairesdeluxe.com.ar\/index.php?rest_route=\/wp\/v2\/product\/803","targetHints":{"allow":["GET"]}}],"collection":[{"href":"https:\/\/bairesdeluxe.com.ar\/index.php?rest_route=\/wp\/v2\/product"}],"about":[{"href":"https:\/\/bairesdeluxe.com.ar\/index.php?rest_route=\/wp\/v2\/types\/product"}],"wp:featuredmedia":[{"embeddable":true,"href":"https:\/\/bairesdeluxe.com.ar\/index.php?rest_route=\/wp\/v2\/media\/2565"}],"wp:attachment":[{"href":"https:\/\/bairesdeluxe.com.ar\/index.php?rest_route=%2Fwp%2Fv2%2Fmedia&parent=803"}],"wp:term":[{"taxonomy":"product_brand","embeddable":true,"href":"https:\/\/bairesdeluxe.com.ar\/index.php?rest_route=%2Fwp%2Fv2%2Fproduct_brand&post=803"},{"taxonomy":"product_cat","embeddable":true,"href":"https:\/\/bairesdeluxe.com.ar\/index.php?rest_route=%2Fwp%2Fv2%2Fproduct_cat&post=803"},{"taxonomy":"product_tag","embeddable":true,"href":"https:\/\/bairesdeluxe.com.ar\/index.php?rest_route=%2Fwp%2Fv2%2Fproduct_tag&post=803"}],"curies":[{"name":"wp","href":"https:\/\/api.w.org\/{rel}","templated":true}]}}