{"id":7920,"date":"2025-03-22T10:55:06","date_gmt":"2025-03-22T13:55:06","guid":{"rendered":"https:\/\/bairesdeluxe.com.ar\/?post_type=product&#038;p=7920"},"modified":"2025-09-13T14:20:39","modified_gmt":"2025-09-13T17:20:39","slug":"mesa-auxiliar-bairesdeluxe-prisma-nido-x3","status":"publish","type":"product","link":"https:\/\/bairesdeluxe.com.ar\/?product=mesa-auxiliar-bairesdeluxe-prisma-nido-x3","title":{"rendered":"Mesa Auxiliar Bairesdeluxe Prisma Nido X3"},"content":{"rendered":"<p>La Mesa Auxiliar BAIRESDELUXE PRISMA Nido X3<\/p>\n<p>De dise\u00f1o sencillo y estilo contempor\u00e1neo, este juego de mesas le dar\u00e1 un aspecto industrial sorprendente a cualquier sala de estar o comedor. Est\u00e1 fabricado con un marco de metal revestido de negro y complementado con una superficie con efecto de marmol que crea un producto moderno y muy elegante.<\/p>\n<p>Con unas dimensiones de 45 cm de largo y ancho, y una altura de 45 cm, esta mesa es ideal para espacios reducidos. Su dise\u00f1o la convierte en una opci\u00f3n pr\u00e1ctica para quienes valoran la versatilidad en el mobiliario. A pesar de su peso de 25 kg, su estructura es ligera y f\u00e1cil de mover.<\/p>\n<p>La Mesa Auxiliar EPSILON no solo es funcional, sino que tambi\u00e9n es un elemento decorativo que realza la est\u00e9tica de cualquier habitaci\u00f3n. Su estilo moderno se complementa con su acabado de alta calidad, haciendo de este pack de mesas un complemento ideal para quienes buscan un equilibrio entre dise\u00f1o y utilidad. Es una elecci\u00f3n inteligente para quienes desean optimizar su espacio sin sacrificar el estilo.<\/p>\n","protected":false},"excerpt":{"rendered":"<p>La Mesa Auxiliar BAIRESDELUXE PRISMA Nido X3 De dise\u00f1o sencillo y estilo contempor\u00e1neo, este juego de mesas le dar\u00e1 un aspecto industrial sorprendente a cualquier sala de estar o comedor. Est\u00e1 fabricado con un marco de metal revestido de negro y complementado con una superficie con efecto de marmol que crea un producto moderno y [&hellip;]<\/p>\n","protected":false},"featured_media":7931,"template":"","meta":{"ocean_post_layout":"","ocean_both_sidebars_style":"","ocean_both_sidebars_content_width":0,"ocean_both_sidebars_sidebars_width":0,"ocean_sidebar":"0","ocean_second_sidebar":"0","ocean_disable_margins":"enable","ocean_add_body_class":"","ocean_shortcode_before_top_bar":"","ocean_shortcode_after_top_bar":"","ocean_shortcode_before_header":"","ocean_shortcode_after_header":"","ocean_has_shortcode":"","ocean_shortcode_after_title":"","ocean_shortcode_before_footer_widgets":"","ocean_shortcode_after_footer_widgets":"","ocean_shortcode_before_footer_bottom":"","ocean_shortcode_after_footer_bottom":"","ocean_display_top_bar":"default","ocean_display_header":"default","ocean_header_style":"","ocean_center_header_left_menu":"0","ocean_custom_header_template":"0","ocean_custom_logo":0,"ocean_custom_retina_logo":0,"ocean_custom_logo_max_width":0,"ocean_custom_logo_tablet_max_width":0,"ocean_custom_logo_mobile_max_width":0,"ocean_custom_logo_max_height":0,"ocean_custom_logo_tablet_max_height":0,"ocean_custom_logo_mobile_max_height":0,"ocean_header_custom_menu":"0","ocean_menu_typo_font_family":"0","ocean_menu_typo_font_subset":"","ocean_menu_typo_font_size":0,"ocean_menu_typo_font_size_tablet":0,"ocean_menu_typo_font_size_mobile":0,"ocean_menu_typo_font_size_unit":"px","ocean_menu_typo_font_weight":"","ocean_menu_typo_font_weight_tablet":"","ocean_menu_typo_font_weight_mobile":"","ocean_menu_typo_transform":"","ocean_menu_typo_transform_tablet":"","ocean_menu_typo_transform_mobile":"","ocean_menu_typo_line_height":0,"ocean_menu_typo_line_height_tablet":0,"ocean_menu_typo_line_height_mobile":0,"ocean_menu_typo_line_height_unit":"","ocean_menu_typo_spacing":0,"ocean_menu_typo_spacing_tablet":0,"ocean_menu_typo_spacing_mobile":0,"ocean_menu_typo_spacing_unit":"","ocean_menu_link_color":"","ocean_menu_link_color_hover":"","ocean_menu_link_color_active":"","ocean_menu_link_background":"","ocean_menu_link_hover_background":"","ocean_menu_link_active_background":"","ocean_menu_social_links_bg":"","ocean_menu_social_hover_links_bg":"","ocean_menu_social_links_color":"","ocean_menu_social_hover_links_color":"","ocean_disable_title":"default","ocean_disable_heading":"default","ocean_post_title":"","ocean_post_subheading":"","ocean_post_title_style":"","ocean_post_title_background_color":"","ocean_post_title_background":0,"ocean_post_title_bg_image_position":"","ocean_post_title_bg_image_attachment":"","ocean_post_title_bg_image_repeat":"","ocean_post_title_bg_image_size":"","ocean_post_title_height":0,"ocean_post_title_bg_overlay":0.5,"ocean_post_title_bg_overlay_color":"","ocean_disable_breadcrumbs":"default","ocean_breadcrumbs_color":"","ocean_breadcrumbs_separator_color":"","ocean_breadcrumbs_links_color":"","ocean_breadcrumbs_links_hover_color":"","ocean_display_footer_widgets":"default","ocean_display_footer_bottom":"default","ocean_custom_footer_template":"0"},"product_brand":[],"product_cat":[498,418,178,15],"product_tag":[575,587,582,588,589],"class_list":{"0":"post-7920","1":"product","2":"type-product","3":"status-publish","4":"has-post-thumbnail","6":"product_cat-comedores-bairesdeluxe","7":"product_cat-escritorio","8":"product_cat-moderno","9":"product_cat-todo","10":"product_tag-mesa-arrime","11":"product_tag-mesa-auxuliar","12":"product_tag-mesa-centro-industriial","13":"product_tag-mesa-insdustrial","14":"product_tag-mesa-x3","16":"entry","17":"has-media","19":"first","20":"instock","21":"shipping-taxable","22":"purchasable","23":"product-type-simple","24":"has-product-nav","25":"col","26":"span_1_of_3","27":"owp-content-center","28":"owp-thumbs-layout-horizontal","29":"owp-btn-big","30":"owp-tabs-layout-vertical"},"aioseo_notices":[],"jetpack_sharing_enabled":true,"_links":{"self":[{"href":"https:\/\/bairesdeluxe.com.ar\/index.php?rest_route=\/wp\/v2\/product\/7920","targetHints":{"allow":["GET"]}}],"collection":[{"href":"https:\/\/bairesdeluxe.com.ar\/index.php?rest_route=\/wp\/v2\/product"}],"about":[{"href":"https:\/\/bairesdeluxe.com.ar\/index.php?rest_route=\/wp\/v2\/types\/product"}],"wp:featuredmedia":[{"embeddable":true,"href":"https:\/\/bairesdeluxe.com.ar\/index.php?rest_route=\/wp\/v2\/media\/7931"}],"wp:attachment":[{"href":"https:\/\/bairesdeluxe.com.ar\/index.php?rest_route=%2Fwp%2Fv2%2Fmedia&parent=7920"}],"wp:term":[{"taxonomy":"product_brand","embeddable":true,"href":"https:\/\/bairesdeluxe.com.ar\/index.php?rest_route=%2Fwp%2Fv2%2Fproduct_brand&post=7920"},{"taxonomy":"product_cat","embeddable":true,"href":"https:\/\/bairesdeluxe.com.ar\/index.php?rest_route=%2Fwp%2Fv2%2Fproduct_cat&post=7920"},{"taxonomy":"product_tag","embeddable":true,"href":"https:\/\/bairesdeluxe.com.ar\/index.php?rest_route=%2Fwp%2Fv2%2Fproduct_tag&post=7920"}],"curies":[{"name":"wp","href":"https:\/\/api.w.org\/{rel}","templated":true}]}}