{"id":7516,"date":"2024-08-05T15:25:58","date_gmt":"2024-08-05T18:25:58","guid":{"rendered":"https:\/\/bairesdeluxe.com.ar\/?post_type=product&#038;p=7516"},"modified":"2025-11-11T08:58:57","modified_gmt":"2025-11-11T11:58:57","slug":"puff-kolbein","status":"publish","type":"product","link":"https:\/\/bairesdeluxe.com.ar\/?product=puff-kolbein","title":{"rendered":"Puff Kolbein"},"content":{"rendered":"<p>A\u00f1ade glamour a tu interior con este puff decorativo. Est\u00e1 fabricado a partir de tela de terciopelo de alta calidad. La banda de metal reflectante aporta un brillo caracter\u00edstico. Gracias a su tama\u00f1o reducido, combina bien junto al sof\u00e1 o al lado de la cama.<\/p>\n<p>Ventajas<\/p>\n<p>Materiales de calidad<br \/>\nPara dormitorio o sal\u00f3n<br \/>\nDecorativo y funcional<br \/>\nNo requiere mantenimiento regular<br \/>\nLigero y s\u00f3lido a la vez, muy f\u00e1cil de mover<\/p>\n<p>Ancho: 36 cm<br \/>\nProfundidad: 36 cm<br \/>\nAltura: 44 cm<\/p>\n<p>Color: a elecci\u00f3n carta de color pana<br \/>\nMateriales: pana<br \/>\nOtros materiales: cinchas el\u00e1sticas<br \/>\nCombinaci\u00f3n de materiales: 100% pana y madera saligna<br \/>\nCapacidad de carga: 150 kg<br \/>\nMontaje: esqueleto ensamblado en madera estacionada<\/p>\n<p>-Caracter\u00edsticas<\/p>\n<p>mucho espacio para sentarse<br \/>\nrobusto hecho de materiales de alta calidad<br \/>\nmirada elegante<br \/>\nparticularmente f\u00e1cil de cuidar<br \/>\nmuy pr\u00e1ctico<\/p>\n<p>COSTURAS:<br \/>\n-Reforzadas con hilo de nylon t\u00edtulo 40<br \/>\n-Estructura de madera saligna maciza de 1 pulgada de espesor.<br \/>\n-El esqueleto es perfectamente encuadrado, encolado, clavado y engrampado para su firmeza y estabilidad estructural integral.<\/p>\n","protected":false},"excerpt":{"rendered":"<p>A\u00f1ade glamour a tu interior con este puff decorativo. Est\u00e1 fabricado a partir de tela de terciopelo de alta calidad. La banda de metal reflectante aporta un brillo caracter\u00edstico. Gracias a su tama\u00f1o reducido, combina bien junto al sof\u00e1 o al lado de la cama. Ventajas Materiales de calidad Para dormitorio o sal\u00f3n Decorativo y [&hellip;]<\/p>\n","protected":false},"featured_media":7517,"template":"","meta":{"ocean_post_layout":"","ocean_both_sidebars_style":"","ocean_both_sidebars_content_width":0,"ocean_both_sidebars_sidebars_width":0,"ocean_sidebar":"0","ocean_second_sidebar":"0","ocean_disable_margins":"enable","ocean_add_body_class":"","ocean_shortcode_before_top_bar":"","ocean_shortcode_after_top_bar":"","ocean_shortcode_before_header":"","ocean_shortcode_after_header":"","ocean_has_shortcode":"","ocean_shortcode_after_title":"","ocean_shortcode_before_footer_widgets":"","ocean_shortcode_after_footer_widgets":"","ocean_shortcode_before_footer_bottom":"","ocean_shortcode_after_footer_bottom":"","ocean_display_top_bar":"default","ocean_display_header":"default","ocean_header_style":"","ocean_center_header_left_menu":"0","ocean_custom_header_template":"0","ocean_custom_logo":0,"ocean_custom_retina_logo":0,"ocean_custom_logo_max_width":0,"ocean_custom_logo_tablet_max_width":0,"ocean_custom_logo_mobile_max_width":0,"ocean_custom_logo_max_height":0,"ocean_custom_logo_tablet_max_height":0,"ocean_custom_logo_mobile_max_height":0,"ocean_header_custom_menu":"0","ocean_menu_typo_font_family":"0","ocean_menu_typo_font_subset":"","ocean_menu_typo_font_size":0,"ocean_menu_typo_font_size_tablet":0,"ocean_menu_typo_font_size_mobile":0,"ocean_menu_typo_font_size_unit":"px","ocean_menu_typo_font_weight":"","ocean_menu_typo_font_weight_tablet":"","ocean_menu_typo_font_weight_mobile":"","ocean_menu_typo_transform":"","ocean_menu_typo_transform_tablet":"","ocean_menu_typo_transform_mobile":"","ocean_menu_typo_line_height":0,"ocean_menu_typo_line_height_tablet":0,"ocean_menu_typo_line_height_mobile":0,"ocean_menu_typo_line_height_unit":"","ocean_menu_typo_spacing":0,"ocean_menu_typo_spacing_tablet":0,"ocean_menu_typo_spacing_mobile":0,"ocean_menu_typo_spacing_unit":"","ocean_menu_link_color":"","ocean_menu_link_color_hover":"","ocean_menu_link_color_active":"","ocean_menu_link_background":"","ocean_menu_link_hover_background":"","ocean_menu_link_active_background":"","ocean_menu_social_links_bg":"","ocean_menu_social_hover_links_bg":"","ocean_menu_social_links_color":"","ocean_menu_social_hover_links_color":"","ocean_disable_title":"default","ocean_disable_heading":"default","ocean_post_title":"","ocean_post_subheading":"","ocean_post_title_style":"","ocean_post_title_background_color":"","ocean_post_title_background":0,"ocean_post_title_bg_image_position":"","ocean_post_title_bg_image_attachment":"","ocean_post_title_bg_image_repeat":"","ocean_post_title_bg_image_size":"","ocean_post_title_height":0,"ocean_post_title_bg_overlay":0.5,"ocean_post_title_bg_overlay_color":"","ocean_disable_breadcrumbs":"default","ocean_breadcrumbs_color":"","ocean_breadcrumbs_separator_color":"","ocean_breadcrumbs_links_color":"","ocean_breadcrumbs_links_hover_color":"","ocean_display_footer_widgets":"default","ocean_display_footer_bottom":"default","ocean_custom_footer_template":"0"},"product_brand":[],"product_cat":[187],"product_tag":[],"class_list":{"0":"post-7516","1":"product","2":"type-product","3":"status-publish","4":"has-post-thumbnail","6":"product_cat-puff","8":"entry","9":"has-media","11":"first","12":"instock","13":"shipping-taxable","14":"purchasable","15":"product-type-simple","16":"has-product-nav","17":"col","18":"span_1_of_3","19":"owp-content-center","20":"owp-thumbs-layout-horizontal","21":"owp-btn-big","22":"owp-tabs-layout-vertical"},"aioseo_notices":[],"jetpack_sharing_enabled":true,"_links":{"self":[{"href":"https:\/\/bairesdeluxe.com.ar\/index.php?rest_route=\/wp\/v2\/product\/7516","targetHints":{"allow":["GET"]}}],"collection":[{"href":"https:\/\/bairesdeluxe.com.ar\/index.php?rest_route=\/wp\/v2\/product"}],"about":[{"href":"https:\/\/bairesdeluxe.com.ar\/index.php?rest_route=\/wp\/v2\/types\/product"}],"wp:featuredmedia":[{"embeddable":true,"href":"https:\/\/bairesdeluxe.com.ar\/index.php?rest_route=\/wp\/v2\/media\/7517"}],"wp:attachment":[{"href":"https:\/\/bairesdeluxe.com.ar\/index.php?rest_route=%2Fwp%2Fv2%2Fmedia&parent=7516"}],"wp:term":[{"taxonomy":"product_brand","embeddable":true,"href":"https:\/\/bairesdeluxe.com.ar\/index.php?rest_route=%2Fwp%2Fv2%2Fproduct_brand&post=7516"},{"taxonomy":"product_cat","embeddable":true,"href":"https:\/\/bairesdeluxe.com.ar\/index.php?rest_route=%2Fwp%2Fv2%2Fproduct_cat&post=7516"},{"taxonomy":"product_tag","embeddable":true,"href":"https:\/\/bairesdeluxe.com.ar\/index.php?rest_route=%2Fwp%2Fv2%2Fproduct_tag&post=7516"}],"curies":[{"name":"wp","href":"https:\/\/api.w.org\/{rel}","templated":true}]}}