{"id":7478,"date":"2024-08-05T12:31:22","date_gmt":"2024-08-05T15:31:22","guid":{"rendered":"https:\/\/bairesdeluxe.com.ar\/?post_type=product&#038;p=7478"},"modified":"2025-09-13T14:20:49","modified_gmt":"2025-09-13T17:20:49","slug":"banco-capitone-pradera","status":"publish","type":"product","link":"https:\/\/bairesdeluxe.com.ar\/?product=banco-capitone-pradera","title":{"rendered":"Banco Capitone  Pradera"},"content":{"rendered":"<p><a href=\"https:\/\/bairesdeluxe.com.ar\/wp-content\/uploads\/2024\/08\/banco-capitone-ambientado.jpg\"><img fetchpriority=\"high\" decoding=\"async\" class=\"alignnone size-medium wp-image-7479\" src=\"https:\/\/bairesdeluxe.com.ar\/wp-content\/uploads\/2024\/08\/banco-capitone-ambientado-533x400.jpg\" alt=\"\" width=\"533\" height=\"400\" srcset=\"https:\/\/bairesdeluxe.com.ar\/wp-content\/uploads\/2024\/08\/banco-capitone-ambientado-533x400.jpg 533w, https:\/\/bairesdeluxe.com.ar\/wp-content\/uploads\/2024\/08\/banco-capitone-ambientado-500x375.jpg 500w, https:\/\/bairesdeluxe.com.ar\/wp-content\/uploads\/2024\/08\/banco-capitone-ambientado-64x48.jpg 64w, https:\/\/bairesdeluxe.com.ar\/wp-content\/uploads\/2024\/08\/banco-capitone-ambientado-1067x800.jpg 1067w, https:\/\/bairesdeluxe.com.ar\/wp-content\/uploads\/2024\/08\/banco-capitone-ambientado-768x576.jpg 768w, https:\/\/bairesdeluxe.com.ar\/wp-content\/uploads\/2024\/08\/banco-capitone-ambientado-1536x1152.jpg 1536w, https:\/\/bairesdeluxe.com.ar\/wp-content\/uploads\/2024\/08\/banco-capitone-ambientado.jpg 1800w\" sizes=\"(max-width: 533px) 100vw, 533px\" \/><\/a>\u00a0 \u00a0 \u00a0 \u00a0 \u00a0 \u00a0 \u00a0 \u00a0 \u00a0 \u00a0 \u00a0 \u00a0 \u00a0 \u00a0 \u00a0 \u00a0 \u00a0 \u00a0 \u00a0 \u00a0 \u00a0 \u00a0 \u00a0 \u00a0 \u00a0 \u00a0 \u00a0 \u00a0 \u00a0 \u00a0 \u00a0 \u00a0 \u00a0 \u00a0 \u00a0 \u00a0 Este lujoso banco a\u00f1ade un toque de elegancia a cualquier habitaci\u00f3n. Con un suave y afelpado tapizado de terciopelo, esta pieza es muy c\u00f3moda para sentarse, a la vez que duradera y de bajo mantenimiento. Adem\u00e1s, sus elegantes patas doradas garantizan la estabilidad de toda la estructura y realzan su aspecto contempor\u00e1neo. Ideal para recibidores, salones o dormitorios, combina a la perfecci\u00f3n estilo y funcionalidad, y encantar\u00e1 a todos los invitados.<\/p>\n<div class=\"elementWrapper\">\n<div class=\"elementsLib topLine\">\n<div class=\"titleBlock\">\n<div class=\"featured-label-title-wrapper\">\n<h3 class=\"featured-label-title b-header2_semibold\">Ventajas<\/h3>\n<\/div>\n<\/div>\n<\/div>\n<\/div>\n<div class=\"elementWrapper\">\n<div class=\"elementsLib\">\n<div class=\"list_elem \">\n<div>\n<ul class=\"radiobutton contentFull\">\n<li>Muy c\u00f3modo<\/li>\n<li>Para dormitorio o sal\u00f3n<\/li>\n<li>Dise\u00f1o elegante<\/li>\n<li>Materiales de la m\u00e1s alta calidad<\/li>\n<li>Construcci\u00f3n muy estable\n<div class=\"elementWrapper\">\n<div class=\"elementsLib topLine\">\n<div class=\"titleBlock\">\n<div class=\"featured-label-title-wrapper\">\n<h3 class=\"featured-label-title b-header2_semibold\">Dimensiones<\/h3>\n<\/div>\n<\/div>\n<\/div>\n<\/div>\n<div class=\"elementWrapper\">\n<div class=\"elementsLib\">\n<div class=\"list_elem \"><b>Ancho:<\/b>\u00a0117 cm<\/div>\n<\/div>\n<\/div>\n<div class=\"elementWrapper\">\n<div class=\"elementsLib\">\n<div class=\"list_elem \"><b>Profundidad:<\/b>\u00a040 cm<\/div>\n<\/div>\n<\/div>\n<div class=\"elementWrapper\">\n<div class=\"elementsLib\">\n<div class=\"list_elem \"><b>Altura:<\/b>\u00a044 cm<\/div>\n<\/div>\n<\/div>\n<\/li>\n<\/ul>\n<\/div>\n<\/div>\n<\/div>\n<\/div>\n","protected":false},"excerpt":{"rendered":"<p>\u00a0 \u00a0 \u00a0 \u00a0 \u00a0 \u00a0 \u00a0 \u00a0 \u00a0 \u00a0 \u00a0 \u00a0 \u00a0 \u00a0 \u00a0 \u00a0 \u00a0 \u00a0 \u00a0 \u00a0 \u00a0 \u00a0 \u00a0 \u00a0 \u00a0 \u00a0 \u00a0 \u00a0 \u00a0 \u00a0 \u00a0 \u00a0 \u00a0 \u00a0 \u00a0 \u00a0 Este lujoso banco a\u00f1ade un toque de elegancia a cualquier habitaci\u00f3n. Con un suave y afelpado tapizado de terciopelo, [&hellip;]<\/p>\n","protected":false},"featured_media":7481,"template":"","meta":{"ocean_post_layout":"","ocean_both_sidebars_style":"","ocean_both_sidebars_content_width":0,"ocean_both_sidebars_sidebars_width":0,"ocean_sidebar":"0","ocean_second_sidebar":"0","ocean_disable_margins":"enable","ocean_add_body_class":"","ocean_shortcode_before_top_bar":"","ocean_shortcode_after_top_bar":"","ocean_shortcode_before_header":"","ocean_shortcode_after_header":"","ocean_has_shortcode":"","ocean_shortcode_after_title":"","ocean_shortcode_before_footer_widgets":"","ocean_shortcode_after_footer_widgets":"","ocean_shortcode_before_footer_bottom":"","ocean_shortcode_after_footer_bottom":"","ocean_display_top_bar":"default","ocean_display_header":"default","ocean_header_style":"","ocean_center_header_left_menu":"0","ocean_custom_header_template":"0","ocean_custom_logo":0,"ocean_custom_retina_logo":0,"ocean_custom_logo_max_width":0,"ocean_custom_logo_tablet_max_width":0,"ocean_custom_logo_mobile_max_width":0,"ocean_custom_logo_max_height":0,"ocean_custom_logo_tablet_max_height":0,"ocean_custom_logo_mobile_max_height":0,"ocean_header_custom_menu":"0","ocean_menu_typo_font_family":"0","ocean_menu_typo_font_subset":"","ocean_menu_typo_font_size":0,"ocean_menu_typo_font_size_tablet":0,"ocean_menu_typo_font_size_mobile":0,"ocean_menu_typo_font_size_unit":"px","ocean_menu_typo_font_weight":"","ocean_menu_typo_font_weight_tablet":"","ocean_menu_typo_font_weight_mobile":"","ocean_menu_typo_transform":"","ocean_menu_typo_transform_tablet":"","ocean_menu_typo_transform_mobile":"","ocean_menu_typo_line_height":0,"ocean_menu_typo_line_height_tablet":0,"ocean_menu_typo_line_height_mobile":0,"ocean_menu_typo_line_height_unit":"","ocean_menu_typo_spacing":0,"ocean_menu_typo_spacing_tablet":0,"ocean_menu_typo_spacing_mobile":0,"ocean_menu_typo_spacing_unit":"","ocean_menu_link_color":"","ocean_menu_link_color_hover":"","ocean_menu_link_color_active":"","ocean_menu_link_background":"","ocean_menu_link_hover_background":"","ocean_menu_link_active_background":"","ocean_menu_social_links_bg":"","ocean_menu_social_hover_links_bg":"","ocean_menu_social_links_color":"","ocean_menu_social_hover_links_color":"","ocean_disable_title":"default","ocean_disable_heading":"default","ocean_post_title":"","ocean_post_subheading":"","ocean_post_title_style":"","ocean_post_title_background_color":"","ocean_post_title_background":0,"ocean_post_title_bg_image_position":"","ocean_post_title_bg_image_attachment":"","ocean_post_title_bg_image_repeat":"","ocean_post_title_bg_image_size":"","ocean_post_title_height":0,"ocean_post_title_bg_overlay":0.5,"ocean_post_title_bg_overlay_color":"","ocean_disable_breadcrumbs":"default","ocean_breadcrumbs_color":"","ocean_breadcrumbs_separator_color":"","ocean_breadcrumbs_links_color":"","ocean_breadcrumbs_links_hover_color":"","ocean_display_footer_widgets":"default","ocean_display_footer_bottom":"default","ocean_custom_footer_template":"0"},"product_brand":[],"product_cat":[187],"product_tag":[],"class_list":{"0":"post-7478","1":"product","2":"type-product","3":"status-publish","4":"has-post-thumbnail","6":"product_cat-puff","8":"entry","9":"has-media","11":"first","12":"instock","13":"shipping-taxable","14":"purchasable","15":"product-type-simple","16":"has-product-nav","17":"col","18":"span_1_of_3","19":"owp-content-center","20":"owp-thumbs-layout-horizontal","21":"owp-btn-big","22":"owp-tabs-layout-vertical"},"aioseo_notices":[],"jetpack_sharing_enabled":true,"_links":{"self":[{"href":"https:\/\/bairesdeluxe.com.ar\/index.php?rest_route=\/wp\/v2\/product\/7478","targetHints":{"allow":["GET"]}}],"collection":[{"href":"https:\/\/bairesdeluxe.com.ar\/index.php?rest_route=\/wp\/v2\/product"}],"about":[{"href":"https:\/\/bairesdeluxe.com.ar\/index.php?rest_route=\/wp\/v2\/types\/product"}],"wp:featuredmedia":[{"embeddable":true,"href":"https:\/\/bairesdeluxe.com.ar\/index.php?rest_route=\/wp\/v2\/media\/7481"}],"wp:attachment":[{"href":"https:\/\/bairesdeluxe.com.ar\/index.php?rest_route=%2Fwp%2Fv2%2Fmedia&parent=7478"}],"wp:term":[{"taxonomy":"product_brand","embeddable":true,"href":"https:\/\/bairesdeluxe.com.ar\/index.php?rest_route=%2Fwp%2Fv2%2Fproduct_brand&post=7478"},{"taxonomy":"product_cat","embeddable":true,"href":"https:\/\/bairesdeluxe.com.ar\/index.php?rest_route=%2Fwp%2Fv2%2Fproduct_cat&post=7478"},{"taxonomy":"product_tag","embeddable":true,"href":"https:\/\/bairesdeluxe.com.ar\/index.php?rest_route=%2Fwp%2Fv2%2Fproduct_tag&post=7478"}],"curies":[{"name":"wp","href":"https:\/\/api.w.org\/{rel}","templated":true}]}}