{"id":7443,"date":"2024-07-29T11:48:14","date_gmt":"2024-07-29T14:48:14","guid":{"rendered":"https:\/\/bairesdeluxe.com.ar\/?post_type=product&#038;p=7443"},"modified":"2025-11-28T15:54:03","modified_gmt":"2025-11-28T18:54:03","slug":"silla-comedor-luna","status":"publish","type":"product","link":"https:\/\/bairesdeluxe.com.ar\/?product=silla-comedor-luna","title":{"rendered":"Silla Comedor Luna Acanalada Hierro Epoxi Pana"},"content":{"rendered":"<p>La Silla Luna\u00a0 es una elegante y funcional opci\u00f3n perfecta para espacios con alto tr\u00e1nsito. Con unas dimensiones de 63cm de ancho, 78 cm de alto y 55 cm de profundidad, su estructura de ca\u00f1o estructural de 20.20 mm de di\u00e1metro y 1.2 mm de espesor garantiza durabilidad y resistencia. Disponible en colores de estructura como negro, dorado satinado y gris aluminio, se adapta a diversos estilos decorativos. Su tapizado en pana antimanchas, elegido en el color que prefieras, asegura un mantenimiento f\u00e1cil y una apariencia siempre impecable. Ideal para comedores, oficinas o lugares p\u00fablicos, la Silla Monti combina dise\u00f1o y funcionalidad en\u00a0 \u00a0cada detalle.\u00a0 \u00a0 \u00a0 \u00a0 \u00a0 \u00a0 \u00a0 \u00a0 \u00a0 \u00a0 \u00a0 \u00a0 \u00a0 \u00a0 \u00a0 \u00a0 \u00a0 \u00a0 \u00a0 \u00a0 \u00a0 \u00a0 \u00a0 \u00a0 \u00a0 \u00a0 \u00a0 \u00a0 \u00a0 \u00a0 \u00a0 \u00a0 \u00a0 \u00a0 \u00a0 \u00a0 \u00a0 \u00a0 \u00a0 \u00a0 \u00a0 \u00a0 \u00a0 \u00a0 \u00a0 <a href=\"https:\/\/bairesdeluxe.com.ar\/wp-content\/uploads\/2024\/07\/WhatsApp-Image-2024-07-29-at-10.46.23.jpeg\"><img fetchpriority=\"high\" decoding=\"async\" class=\"alignnone size-medium wp-image-7446\" src=\"https:\/\/bairesdeluxe.com.ar\/wp-content\/uploads\/2024\/07\/WhatsApp-Image-2024-07-29-at-10.46.23-400x400.jpeg\" alt=\"\" width=\"400\" height=\"400\" srcset=\"https:\/\/bairesdeluxe.com.ar\/wp-content\/uploads\/2024\/07\/WhatsApp-Image-2024-07-29-at-10.46.23-400x400.jpeg 400w, https:\/\/bairesdeluxe.com.ar\/wp-content\/uploads\/2024\/07\/WhatsApp-Image-2024-07-29-at-10.46.23-150x150.jpeg 150w, https:\/\/bairesdeluxe.com.ar\/wp-content\/uploads\/2024\/07\/WhatsApp-Image-2024-07-29-at-10.46.23-100x100.jpeg 100w, https:\/\/bairesdeluxe.com.ar\/wp-content\/uploads\/2024\/07\/WhatsApp-Image-2024-07-29-at-10.46.23-500x500.jpeg 500w, https:\/\/bairesdeluxe.com.ar\/wp-content\/uploads\/2024\/07\/WhatsApp-Image-2024-07-29-at-10.46.23-64x64.jpeg 64w, https:\/\/bairesdeluxe.com.ar\/wp-content\/uploads\/2024\/07\/WhatsApp-Image-2024-07-29-at-10.46.23-800x800.jpeg 800w, https:\/\/bairesdeluxe.com.ar\/wp-content\/uploads\/2024\/07\/WhatsApp-Image-2024-07-29-at-10.46.23-280x280.jpeg 280w, https:\/\/bairesdeluxe.com.ar\/wp-content\/uploads\/2024\/07\/WhatsApp-Image-2024-07-29-at-10.46.23-768x768.jpeg 768w, https:\/\/bairesdeluxe.com.ar\/wp-content\/uploads\/2024\/07\/WhatsApp-Image-2024-07-29-at-10.46.23-1536x1536.jpeg 1536w, https:\/\/bairesdeluxe.com.ar\/wp-content\/uploads\/2024\/07\/WhatsApp-Image-2024-07-29-at-10.46.23-600x600.jpeg 600w, https:\/\/bairesdeluxe.com.ar\/wp-content\/uploads\/2024\/07\/WhatsApp-Image-2024-07-29-at-10.46.23-50x50.jpeg 50w, https:\/\/bairesdeluxe.com.ar\/wp-content\/uploads\/2024\/07\/WhatsApp-Image-2024-07-29-at-10.46.23.jpeg 1600w\" sizes=\"(max-width: 400px) 100vw, 400px\" \/><\/a><\/p>\n","protected":false},"excerpt":{"rendered":"<p>La Silla Luna\u00a0 es una elegante y funcional opci\u00f3n perfecta para espacios con alto tr\u00e1nsito. Con unas dimensiones de 63cm de ancho, 78 cm de alto y 55 cm de profundidad, su estructura de ca\u00f1o estructural de 20.20 mm de di\u00e1metro y 1.2 mm de espesor garantiza durabilidad y resistencia. Disponible en colores de estructura [&hellip;]<\/p>\n","protected":false},"featured_media":7445,"template":"","meta":{"ocean_post_layout":"","ocean_both_sidebars_style":"","ocean_both_sidebars_content_width":0,"ocean_both_sidebars_sidebars_width":0,"ocean_sidebar":"0","ocean_second_sidebar":"0","ocean_disable_margins":"enable","ocean_add_body_class":"","ocean_shortcode_before_top_bar":"","ocean_shortcode_after_top_bar":"","ocean_shortcode_before_header":"","ocean_shortcode_after_header":"","ocean_has_shortcode":"","ocean_shortcode_after_title":"","ocean_shortcode_before_footer_widgets":"","ocean_shortcode_after_footer_widgets":"","ocean_shortcode_before_footer_bottom":"","ocean_shortcode_after_footer_bottom":"","ocean_display_top_bar":"default","ocean_display_header":"default","ocean_header_style":"","ocean_center_header_left_menu":"0","ocean_custom_header_template":"0","ocean_custom_logo":0,"ocean_custom_retina_logo":0,"ocean_custom_logo_max_width":0,"ocean_custom_logo_tablet_max_width":0,"ocean_custom_logo_mobile_max_width":0,"ocean_custom_logo_max_height":0,"ocean_custom_logo_tablet_max_height":0,"ocean_custom_logo_mobile_max_height":0,"ocean_header_custom_menu":"0","ocean_menu_typo_font_family":"0","ocean_menu_typo_font_subset":"","ocean_menu_typo_font_size":0,"ocean_menu_typo_font_size_tablet":0,"ocean_menu_typo_font_size_mobile":0,"ocean_menu_typo_font_size_unit":"px","ocean_menu_typo_font_weight":"","ocean_menu_typo_font_weight_tablet":"","ocean_menu_typo_font_weight_mobile":"","ocean_menu_typo_transform":"","ocean_menu_typo_transform_tablet":"","ocean_menu_typo_transform_mobile":"","ocean_menu_typo_line_height":0,"ocean_menu_typo_line_height_tablet":0,"ocean_menu_typo_line_height_mobile":0,"ocean_menu_typo_line_height_unit":"","ocean_menu_typo_spacing":0,"ocean_menu_typo_spacing_tablet":0,"ocean_menu_typo_spacing_mobile":0,"ocean_menu_typo_spacing_unit":"","ocean_menu_link_color":"","ocean_menu_link_color_hover":"","ocean_menu_link_color_active":"","ocean_menu_link_background":"","ocean_menu_link_hover_background":"","ocean_menu_link_active_background":"","ocean_menu_social_links_bg":"","ocean_menu_social_hover_links_bg":"","ocean_menu_social_links_color":"","ocean_menu_social_hover_links_color":"","ocean_disable_title":"default","ocean_disable_heading":"default","ocean_post_title":"","ocean_post_subheading":"","ocean_post_title_style":"","ocean_post_title_background_color":"","ocean_post_title_background":0,"ocean_post_title_bg_image_position":"","ocean_post_title_bg_image_attachment":"","ocean_post_title_bg_image_repeat":"","ocean_post_title_bg_image_size":"","ocean_post_title_height":0,"ocean_post_title_bg_overlay":0.5,"ocean_post_title_bg_overlay_color":"","ocean_disable_breadcrumbs":"default","ocean_breadcrumbs_color":"","ocean_breadcrumbs_separator_color":"","ocean_breadcrumbs_links_color":"","ocean_breadcrumbs_links_hover_color":"","ocean_display_footer_widgets":"default","ocean_display_footer_bottom":"default","ocean_custom_footer_template":"0"},"product_brand":[],"product_cat":[590,184,553,15],"product_tag":[681,680,683,682,679,678,677,672],"class_list":{"0":"post-7443","1":"product","2":"type-product","3":"status-publish","4":"has-post-thumbnail","6":"product_cat-estetica","7":"product_cat-pana-antimanchas","8":"product_cat-sillas-premium","9":"product_cat-todo","10":"product_tag-decoracion","11":"product_tag-diseno-interior","12":"product_tag-envios-a-todo-el-pais","13":"product_tag-fabricacion-propia","14":"product_tag-muebles-para-hogar","15":"product_tag-muebles-para-negocios","16":"product_tag-sillas-modernas","17":"product_tag-sillas-premium","19":"entry","20":"has-media","22":"first","23":"instock","24":"sale","25":"shipping-taxable","26":"purchasable","27":"product-type-simple","28":"has-product-nav","29":"col","30":"span_1_of_3","31":"owp-content-center","32":"owp-thumbs-layout-horizontal","33":"owp-btn-big","34":"owp-tabs-layout-vertical","35":"has-no-thumbnails"},"aioseo_notices":[],"jetpack_sharing_enabled":true,"_links":{"self":[{"href":"https:\/\/bairesdeluxe.com.ar\/index.php?rest_route=\/wp\/v2\/product\/7443","targetHints":{"allow":["GET"]}}],"collection":[{"href":"https:\/\/bairesdeluxe.com.ar\/index.php?rest_route=\/wp\/v2\/product"}],"about":[{"href":"https:\/\/bairesdeluxe.com.ar\/index.php?rest_route=\/wp\/v2\/types\/product"}],"wp:featuredmedia":[{"embeddable":true,"href":"https:\/\/bairesdeluxe.com.ar\/index.php?rest_route=\/wp\/v2\/media\/7445"}],"wp:attachment":[{"href":"https:\/\/bairesdeluxe.com.ar\/index.php?rest_route=%2Fwp%2Fv2%2Fmedia&parent=7443"}],"wp:term":[{"taxonomy":"product_brand","embeddable":true,"href":"https:\/\/bairesdeluxe.com.ar\/index.php?rest_route=%2Fwp%2Fv2%2Fproduct_brand&post=7443"},{"taxonomy":"product_cat","embeddable":true,"href":"https:\/\/bairesdeluxe.com.ar\/index.php?rest_route=%2Fwp%2Fv2%2Fproduct_cat&post=7443"},{"taxonomy":"product_tag","embeddable":true,"href":"https:\/\/bairesdeluxe.com.ar\/index.php?rest_route=%2Fwp%2Fv2%2Fproduct_tag&post=7443"}],"curies":[{"name":"wp","href":"https:\/\/api.w.org\/{rel}","templated":true}]}}