{"id":7395,"date":"2024-06-25T15:38:58","date_gmt":"2024-06-25T18:38:58","guid":{"rendered":"https:\/\/bairesdeluxe.com.ar\/?post_type=product&#038;p=7395"},"modified":"2025-11-11T09:01:50","modified_gmt":"2025-11-11T12:01:50","slug":"banco-nordico-milan","status":"publish","type":"product","link":"https:\/\/bairesdeluxe.com.ar\/?product=banco-nordico-milan","title":{"rendered":"Banco Nordico Milan"},"content":{"rendered":"<p><a href=\"https:\/\/bairesdeluxe.com.ar\/wp-content\/uploads\/2024\/06\/WhatsApp-Image-2024-06-25-at-15.42.39.jpeg\"><img fetchpriority=\"high\" decoding=\"async\" class=\"alignnone size-medium wp-image-7397\" src=\"https:\/\/bairesdeluxe.com.ar\/wp-content\/uploads\/2024\/06\/WhatsApp-Image-2024-06-25-at-15.42.39-533x400.jpeg\" alt=\"\" width=\"533\" height=\"400\" srcset=\"https:\/\/bairesdeluxe.com.ar\/wp-content\/uploads\/2024\/06\/WhatsApp-Image-2024-06-25-at-15.42.39-533x400.jpeg 533w, https:\/\/bairesdeluxe.com.ar\/wp-content\/uploads\/2024\/06\/WhatsApp-Image-2024-06-25-at-15.42.39-500x375.jpeg 500w, https:\/\/bairesdeluxe.com.ar\/wp-content\/uploads\/2024\/06\/WhatsApp-Image-2024-06-25-at-15.42.39-64x48.jpeg 64w, https:\/\/bairesdeluxe.com.ar\/wp-content\/uploads\/2024\/06\/WhatsApp-Image-2024-06-25-at-15.42.39-1067x800.jpeg 1067w, https:\/\/bairesdeluxe.com.ar\/wp-content\/uploads\/2024\/06\/WhatsApp-Image-2024-06-25-at-15.42.39-768x576.jpeg 768w, https:\/\/bairesdeluxe.com.ar\/wp-content\/uploads\/2024\/06\/WhatsApp-Image-2024-06-25-at-15.42.39.jpeg 1152w\" sizes=\"(max-width: 533px) 100vw, 533px\" \/><\/a><\/p>\n<p>Este elegante Pie De Cama Banco N\u00f3rdico en Pana y Base Hierro Milan de la marca Bairesdeluxe es perfecto para darle un toque de estilo a tu dormitorio. Con un di\u00e1metro de 45 cm, largo 1.20\u00a0 y una altura de 50 cm, este banco es ideal para descansar al final de la cama. Su estructura de hierro garantiza una resistencia de hasta 200 kg, mientras que el material del asiento de espuma de alta densidad brinda comodidad y durabilidad.<\/p>\n<p>Ya sea como asiento adicional en tu dormitorio o como elemento decorativo en tu sala de estar, este banco Milan es una pieza \u00fanica que a\u00f1adir\u00e1 personalidad a cualquier espacio. No requiere ensamblado, por lo que podr\u00e1s disfrutar de \u00e9l desde el momento en que llegue a tu hogar. \u00a1Hazte con este banco n\u00f3rdico en pana y base hierro Milan y dale un toque de estilo a tu hogar!<\/p>\n","protected":false},"excerpt":{"rendered":"<p>Este elegante Pie De Cama Banco N\u00f3rdico en Pana y Base Hierro Milan de la marca Bairesdeluxe es perfecto para darle un toque de estilo a tu dormitorio. Con un di\u00e1metro de 45 cm, largo 1.20\u00a0 y una altura de 50 cm, este banco es ideal para descansar al final de la cama. Su estructura [&hellip;]<\/p>\n","protected":false},"featured_media":7396,"template":"","meta":{"ocean_post_layout":"","ocean_both_sidebars_style":"","ocean_both_sidebars_content_width":0,"ocean_both_sidebars_sidebars_width":0,"ocean_sidebar":"0","ocean_second_sidebar":"0","ocean_disable_margins":"enable","ocean_add_body_class":"","ocean_shortcode_before_top_bar":"","ocean_shortcode_after_top_bar":"","ocean_shortcode_before_header":"","ocean_shortcode_after_header":"","ocean_has_shortcode":"","ocean_shortcode_after_title":"","ocean_shortcode_before_footer_widgets":"","ocean_shortcode_after_footer_widgets":"","ocean_shortcode_before_footer_bottom":"","ocean_shortcode_after_footer_bottom":"","ocean_display_top_bar":"default","ocean_display_header":"default","ocean_header_style":"","ocean_center_header_left_menu":"0","ocean_custom_header_template":"0","ocean_custom_logo":0,"ocean_custom_retina_logo":0,"ocean_custom_logo_max_width":0,"ocean_custom_logo_tablet_max_width":0,"ocean_custom_logo_mobile_max_width":0,"ocean_custom_logo_max_height":0,"ocean_custom_logo_tablet_max_height":0,"ocean_custom_logo_mobile_max_height":0,"ocean_header_custom_menu":"0","ocean_menu_typo_font_family":"0","ocean_menu_typo_font_subset":"","ocean_menu_typo_font_size":0,"ocean_menu_typo_font_size_tablet":0,"ocean_menu_typo_font_size_mobile":0,"ocean_menu_typo_font_size_unit":"px","ocean_menu_typo_font_weight":"","ocean_menu_typo_font_weight_tablet":"","ocean_menu_typo_font_weight_mobile":"","ocean_menu_typo_transform":"","ocean_menu_typo_transform_tablet":"","ocean_menu_typo_transform_mobile":"","ocean_menu_typo_line_height":0,"ocean_menu_typo_line_height_tablet":0,"ocean_menu_typo_line_height_mobile":0,"ocean_menu_typo_line_height_unit":"","ocean_menu_typo_spacing":0,"ocean_menu_typo_spacing_tablet":0,"ocean_menu_typo_spacing_mobile":0,"ocean_menu_typo_spacing_unit":"","ocean_menu_link_color":"","ocean_menu_link_color_hover":"","ocean_menu_link_color_active":"","ocean_menu_link_background":"","ocean_menu_link_hover_background":"","ocean_menu_link_active_background":"","ocean_menu_social_links_bg":"","ocean_menu_social_hover_links_bg":"","ocean_menu_social_links_color":"","ocean_menu_social_hover_links_color":"","ocean_disable_title":"default","ocean_disable_heading":"default","ocean_post_title":"","ocean_post_subheading":"","ocean_post_title_style":"","ocean_post_title_background_color":"","ocean_post_title_background":0,"ocean_post_title_bg_image_position":"","ocean_post_title_bg_image_attachment":"","ocean_post_title_bg_image_repeat":"","ocean_post_title_bg_image_size":"","ocean_post_title_height":0,"ocean_post_title_bg_overlay":0.5,"ocean_post_title_bg_overlay_color":"","ocean_disable_breadcrumbs":"default","ocean_breadcrumbs_color":"","ocean_breadcrumbs_separator_color":"","ocean_breadcrumbs_links_color":"","ocean_breadcrumbs_links_hover_color":"","ocean_display_footer_widgets":"default","ocean_display_footer_bottom":"default","ocean_custom_footer_template":"0"},"product_brand":[],"product_cat":[163],"product_tag":[],"class_list":{"0":"post-7395","1":"product","2":"type-product","3":"status-publish","4":"has-post-thumbnail","6":"product_cat-banqueta","8":"entry","9":"has-media","11":"first","12":"instock","13":"shipping-taxable","14":"purchasable","15":"product-type-simple","16":"has-product-nav","17":"col","18":"span_1_of_3","19":"owp-content-center","20":"owp-thumbs-layout-horizontal","21":"owp-btn-big","22":"owp-tabs-layout-vertical","23":"has-no-thumbnails"},"aioseo_notices":[],"jetpack_sharing_enabled":true,"_links":{"self":[{"href":"https:\/\/bairesdeluxe.com.ar\/index.php?rest_route=\/wp\/v2\/product\/7395","targetHints":{"allow":["GET"]}}],"collection":[{"href":"https:\/\/bairesdeluxe.com.ar\/index.php?rest_route=\/wp\/v2\/product"}],"about":[{"href":"https:\/\/bairesdeluxe.com.ar\/index.php?rest_route=\/wp\/v2\/types\/product"}],"wp:featuredmedia":[{"embeddable":true,"href":"https:\/\/bairesdeluxe.com.ar\/index.php?rest_route=\/wp\/v2\/media\/7396"}],"wp:attachment":[{"href":"https:\/\/bairesdeluxe.com.ar\/index.php?rest_route=%2Fwp%2Fv2%2Fmedia&parent=7395"}],"wp:term":[{"taxonomy":"product_brand","embeddable":true,"href":"https:\/\/bairesdeluxe.com.ar\/index.php?rest_route=%2Fwp%2Fv2%2Fproduct_brand&post=7395"},{"taxonomy":"product_cat","embeddable":true,"href":"https:\/\/bairesdeluxe.com.ar\/index.php?rest_route=%2Fwp%2Fv2%2Fproduct_cat&post=7395"},{"taxonomy":"product_tag","embeddable":true,"href":"https:\/\/bairesdeluxe.com.ar\/index.php?rest_route=%2Fwp%2Fv2%2Fproduct_tag&post=7395"}],"curies":[{"name":"wp","href":"https:\/\/api.w.org\/{rel}","templated":true}]}}