{"id":6701,"date":"2023-07-14T16:18:58","date_gmt":"2023-07-14T19:18:58","guid":{"rendered":"https:\/\/bairesdeluxe.com.ar\/?post_type=product&#038;p=6701"},"modified":"2025-11-28T15:57:22","modified_gmt":"2025-11-28T18:57:22","slug":"sillon-estilo-bairesdeluxe","status":"publish","type":"product","link":"https:\/\/bairesdeluxe.com.ar\/?product=sillon-estilo-bairesdeluxe","title":{"rendered":"Sill\u00f3n Estilo Bairesdeluxe Paraiso Macizo"},"content":{"rendered":"<p><strong>Sill\u00f3n Estilo Bairesdeluxe<\/strong><\/p>\n<p>El SILL\u00d3N ESTILO es la combinaci\u00f3n perfecta de confort y elegancia en un dise\u00f1o cl\u00e1sico.<\/p>\n<p>Est\u00e1 fabricado en madera maciza de para\u00edso. El juego de texturas de sus patas inclinadas y la importante presencia de textil, imprime una nota actual y s\u00faper c\u00e1lida.<br \/>\nCaracter\u00edsticas de la Madera de Para\u00edso<br \/>\nColor: Desde el naranja con tonos rosas a un marr\u00f3n rojizo. La albura tiene un tono amarillo mucho m\u00e1s definido. Se oscurece con la exposici\u00f3n al sol.<br \/>\nSu nombre cient\u00edfico es Melia azedarach<\/p>\n<p>Fibra: Principalmente recta, en ocasiones entrelazada.<\/p>\n<p>Grano: Grueso.<\/p>\n<p>El almohad\u00f3n de espuma de 28 kg de densidad en el asiento lo termina de convertir en un producto muy c\u00f3modo. Su ergonom\u00eda proporciona una buena postura de sentado y un buen soporte a la espalda, distribuyendo el peso de manera uniforme y reduciendo las presiones musculares.<\/p>\n<p>Es ideal para combinar con una mesa de centro, para resolver un rinc\u00f3n de lectura con una l\u00e1mpara de pie o para complementar un sill\u00f3n principal. Por su dise\u00f1o sencillo y atemporal, puede utilizarse tanto en un living contempor\u00e1neo como de estilo n\u00f3rdico.<\/p>\n<p>Este producto ha sido probado tanto para uso dom\u00e9stico como para el segmento contract, cumpliendo los requisitos de durabilidad y seguridad.<\/p>\n<p>MEDIDAS DE LA SILLA :<\/p>\n<p>Largo: 58cm<br \/>\nProfundidad: 60cm<br \/>\nAlto: 90 cm<br \/>\nDesde el piso hasta donde termina Apoya Brazo :68cm<br \/>\nAltura desde el piso hasta donde termina el asiento: 50cm<\/p>\n<p>Estructura en madera PARAISO MACIZO<br \/>\nEstructura reforzada, encastrada, encolada y atornillada en madera seca cepillada<br \/>\nCosturas perfectas, de l\u00edneas rectas, sin imperfecciones<br \/>\nProducto Premium de excelente calidad tanto en terminaciones como en materiales utilizados, a un precio inmejorable<\/p>\n","protected":false},"excerpt":{"rendered":"<p>Sill\u00f3n Estilo Bairesdeluxe El SILL\u00d3N ESTILO es la combinaci\u00f3n perfecta de confort y elegancia en un dise\u00f1o cl\u00e1sico. Est\u00e1 fabricado en madera maciza de para\u00edso. El juego de texturas de sus patas inclinadas y la importante presencia de textil, imprime una nota actual y s\u00faper c\u00e1lida. Caracter\u00edsticas de la Madera de Para\u00edso Color: Desde el [&hellip;]<\/p>\n","protected":false},"featured_media":6714,"template":"","meta":{"ocean_post_layout":"","ocean_both_sidebars_style":"","ocean_both_sidebars_content_width":0,"ocean_both_sidebars_sidebars_width":0,"ocean_sidebar":"0","ocean_second_sidebar":"0","ocean_disable_margins":"enable","ocean_add_body_class":"","ocean_shortcode_before_top_bar":"","ocean_shortcode_after_top_bar":"","ocean_shortcode_before_header":"","ocean_shortcode_after_header":"","ocean_has_shortcode":"","ocean_shortcode_after_title":"","ocean_shortcode_before_footer_widgets":"","ocean_shortcode_after_footer_widgets":"","ocean_shortcode_before_footer_bottom":"","ocean_shortcode_after_footer_bottom":"","ocean_display_top_bar":"default","ocean_display_header":"default","ocean_header_style":"","ocean_center_header_left_menu":"0","ocean_custom_header_template":"0","ocean_custom_logo":0,"ocean_custom_retina_logo":0,"ocean_custom_logo_max_width":0,"ocean_custom_logo_tablet_max_width":0,"ocean_custom_logo_mobile_max_width":0,"ocean_custom_logo_max_height":0,"ocean_custom_logo_tablet_max_height":0,"ocean_custom_logo_mobile_max_height":0,"ocean_header_custom_menu":"0","ocean_menu_typo_font_family":"0","ocean_menu_typo_font_subset":"","ocean_menu_typo_font_size":0,"ocean_menu_typo_font_size_tablet":0,"ocean_menu_typo_font_size_mobile":0,"ocean_menu_typo_font_size_unit":"px","ocean_menu_typo_font_weight":"","ocean_menu_typo_font_weight_tablet":"","ocean_menu_typo_font_weight_mobile":"","ocean_menu_typo_transform":"","ocean_menu_typo_transform_tablet":"","ocean_menu_typo_transform_mobile":"","ocean_menu_typo_line_height":0,"ocean_menu_typo_line_height_tablet":0,"ocean_menu_typo_line_height_mobile":0,"ocean_menu_typo_line_height_unit":"","ocean_menu_typo_spacing":0,"ocean_menu_typo_spacing_tablet":0,"ocean_menu_typo_spacing_mobile":0,"ocean_menu_typo_spacing_unit":"","ocean_menu_link_color":"","ocean_menu_link_color_hover":"","ocean_menu_link_color_active":"","ocean_menu_link_background":"","ocean_menu_link_hover_background":"","ocean_menu_link_active_background":"","ocean_menu_social_links_bg":"","ocean_menu_social_hover_links_bg":"","ocean_menu_social_links_color":"","ocean_menu_social_hover_links_color":"","ocean_disable_title":"default","ocean_disable_heading":"default","ocean_post_title":"","ocean_post_subheading":"","ocean_post_title_style":"","ocean_post_title_background_color":"","ocean_post_title_background":0,"ocean_post_title_bg_image_position":"","ocean_post_title_bg_image_attachment":"","ocean_post_title_bg_image_repeat":"","ocean_post_title_bg_image_size":"","ocean_post_title_height":0,"ocean_post_title_bg_overlay":0.5,"ocean_post_title_bg_overlay_color":"","ocean_disable_breadcrumbs":"default","ocean_breadcrumbs_color":"","ocean_breadcrumbs_separator_color":"","ocean_breadcrumbs_links_color":"","ocean_breadcrumbs_links_hover_color":"","ocean_display_footer_widgets":"default","ocean_display_footer_bottom":"default","ocean_custom_footer_template":"0"},"product_brand":[],"product_cat":[181,164,160,15],"product_tag":[681,680,683,682,679,678,677,672],"class_list":{"0":"post-6701","1":"product","2":"type-product","3":"status-publish","4":"has-post-thumbnail","6":"product_cat-lino-alpha-antidesgarros","7":"product_cat-silla","8":"product_cat-sillones","9":"product_cat-todo","10":"product_tag-decoracion","11":"product_tag-diseno-interior","12":"product_tag-envios-a-todo-el-pais","13":"product_tag-fabricacion-propia","14":"product_tag-muebles-para-hogar","15":"product_tag-muebles-para-negocios","16":"product_tag-sillas-modernas","17":"product_tag-sillas-premium","19":"entry","20":"has-media","22":"first","23":"instock","24":"sale","25":"shipping-taxable","26":"purchasable","27":"product-type-simple","28":"has-product-nav","29":"col","30":"span_1_of_3","31":"owp-content-center","32":"owp-thumbs-layout-horizontal","33":"owp-btn-big","34":"owp-tabs-layout-vertical"},"aioseo_notices":[],"jetpack_sharing_enabled":true,"_links":{"self":[{"href":"https:\/\/bairesdeluxe.com.ar\/index.php?rest_route=\/wp\/v2\/product\/6701","targetHints":{"allow":["GET"]}}],"collection":[{"href":"https:\/\/bairesdeluxe.com.ar\/index.php?rest_route=\/wp\/v2\/product"}],"about":[{"href":"https:\/\/bairesdeluxe.com.ar\/index.php?rest_route=\/wp\/v2\/types\/product"}],"wp:featuredmedia":[{"embeddable":true,"href":"https:\/\/bairesdeluxe.com.ar\/index.php?rest_route=\/wp\/v2\/media\/6714"}],"wp:attachment":[{"href":"https:\/\/bairesdeluxe.com.ar\/index.php?rest_route=%2Fwp%2Fv2%2Fmedia&parent=6701"}],"wp:term":[{"taxonomy":"product_brand","embeddable":true,"href":"https:\/\/bairesdeluxe.com.ar\/index.php?rest_route=%2Fwp%2Fv2%2Fproduct_brand&post=6701"},{"taxonomy":"product_cat","embeddable":true,"href":"https:\/\/bairesdeluxe.com.ar\/index.php?rest_route=%2Fwp%2Fv2%2Fproduct_cat&post=6701"},{"taxonomy":"product_tag","embeddable":true,"href":"https:\/\/bairesdeluxe.com.ar\/index.php?rest_route=%2Fwp%2Fv2%2Fproduct_tag&post=6701"}],"curies":[{"name":"wp","href":"https:\/\/api.w.org\/{rel}","templated":true}]}}