{"id":6650,"date":"2023-07-14T15:37:18","date_gmt":"2023-07-14T18:37:18","guid":{"rendered":"https:\/\/bairesdeluxe.com.ar\/?post_type=product&#038;p=6650"},"modified":"2025-11-17T10:09:37","modified_gmt":"2025-11-17T13:09:37","slug":"banqueta-daven-rosa-hierro-dorada","status":"publish","type":"product","link":"https:\/\/bairesdeluxe.com.ar\/?product=banqueta-daven-rosa-hierro-dorada","title":{"rendered":"Banqueta Daven Hierro Dorada"},"content":{"rendered":"<p><strong>Banqueta Daven Hierro Epoxi<\/strong><\/p>\n<p>Este taburete de mostrador combina detalles de mediados de siglo con una silueta contempor\u00e1nea para crear un acento llamativo alrededor de la isla de su cocina. Est\u00e1 construido con una base de metal, con dos patas de trineo y una barra transversal en la parte delantera que act\u00faa como reposapi\u00e9s para un soporte adicional. El asiento tapizado en pana o lino proporciona un aspecto de lujo, y est\u00e1 lleno de espuma para la cantidad justa de apoyo mientras se sienta. El mech\u00f3n de canal decora la parte posterior completa para un toque vintage.<\/p>\n<p>&nbsp;<\/p>\n<p><strong>GARANT\u00cdA ESTRUCTURAL DE 24 MESES DE BAIRESDELUXE\u00a9<\/strong><\/p>\n<p>-100% La Estructura Es Pintada en Pintura Epoxica En Polvo Electro Estatica No Se Raya<\/p>\n<p>&nbsp;<\/p>\n<p>HECHO 100% A MANO EN ARGENTINA<\/p>\n<p>&nbsp;<\/p>\n<p><strong>CARACTER\u00cdSTICAS:<\/strong><\/p>\n<p>ALTO 115CM<\/p>\n<p>ANCHO O PROFUNDIDAD\u00a0 50 CM<\/p>\n<p>LARGO 46 CM<\/p>\n<p>ALTO DESDE EL PISO HASTA DONDE TERMINA EL ASIENTO 75 CM<\/p>\n<p><strong>GARANT\u00cdA ESTRUCTURAL DE 24 MESES DE BAIRESDELUXE\u00a9<\/strong><\/p>\n","protected":false},"excerpt":{"rendered":"<p>Banqueta Daven Hierro Epoxi Este taburete de mostrador combina detalles de mediados de siglo con una silueta contempor\u00e1nea para crear un acento llamativo alrededor de la isla de su cocina. Est\u00e1 construido con una base de metal, con dos patas de trineo y una barra transversal en la parte delantera que act\u00faa como reposapi\u00e9s para [&hellip;]<\/p>\n","protected":false},"featured_media":6652,"template":"","meta":{"ocean_post_layout":"","ocean_both_sidebars_style":"","ocean_both_sidebars_content_width":0,"ocean_both_sidebars_sidebars_width":0,"ocean_sidebar":"0","ocean_second_sidebar":"0","ocean_disable_margins":"enable","ocean_add_body_class":"","ocean_shortcode_before_top_bar":"","ocean_shortcode_after_top_bar":"","ocean_shortcode_before_header":"","ocean_shortcode_after_header":"","ocean_has_shortcode":"","ocean_shortcode_after_title":"","ocean_shortcode_before_footer_widgets":"","ocean_shortcode_after_footer_widgets":"","ocean_shortcode_before_footer_bottom":"","ocean_shortcode_after_footer_bottom":"","ocean_display_top_bar":"default","ocean_display_header":"default","ocean_header_style":"","ocean_center_header_left_menu":"0","ocean_custom_header_template":"0","ocean_custom_logo":0,"ocean_custom_retina_logo":0,"ocean_custom_logo_max_width":0,"ocean_custom_logo_tablet_max_width":0,"ocean_custom_logo_mobile_max_width":0,"ocean_custom_logo_max_height":0,"ocean_custom_logo_tablet_max_height":0,"ocean_custom_logo_mobile_max_height":0,"ocean_header_custom_menu":"0","ocean_menu_typo_font_family":"0","ocean_menu_typo_font_subset":"","ocean_menu_typo_font_size":0,"ocean_menu_typo_font_size_tablet":0,"ocean_menu_typo_font_size_mobile":0,"ocean_menu_typo_font_size_unit":"px","ocean_menu_typo_font_weight":"","ocean_menu_typo_font_weight_tablet":"","ocean_menu_typo_font_weight_mobile":"","ocean_menu_typo_transform":"","ocean_menu_typo_transform_tablet":"","ocean_menu_typo_transform_mobile":"","ocean_menu_typo_line_height":0,"ocean_menu_typo_line_height_tablet":0,"ocean_menu_typo_line_height_mobile":0,"ocean_menu_typo_line_height_unit":"","ocean_menu_typo_spacing":0,"ocean_menu_typo_spacing_tablet":0,"ocean_menu_typo_spacing_mobile":0,"ocean_menu_typo_spacing_unit":"","ocean_menu_link_color":"","ocean_menu_link_color_hover":"","ocean_menu_link_color_active":"","ocean_menu_link_background":"","ocean_menu_link_hover_background":"","ocean_menu_link_active_background":"","ocean_menu_social_links_bg":"","ocean_menu_social_hover_links_bg":"","ocean_menu_social_links_color":"","ocean_menu_social_hover_links_color":"","ocean_disable_title":"default","ocean_disable_heading":"default","ocean_post_title":"","ocean_post_subheading":"","ocean_post_title_style":"","ocean_post_title_background_color":"","ocean_post_title_background":0,"ocean_post_title_bg_image_position":"","ocean_post_title_bg_image_attachment":"","ocean_post_title_bg_image_repeat":"","ocean_post_title_bg_image_size":"","ocean_post_title_height":0,"ocean_post_title_bg_overlay":0.5,"ocean_post_title_bg_overlay_color":"","ocean_disable_breadcrumbs":"default","ocean_breadcrumbs_color":"","ocean_breadcrumbs_separator_color":"","ocean_breadcrumbs_links_color":"","ocean_breadcrumbs_links_hover_color":"","ocean_display_footer_widgets":"default","ocean_display_footer_bottom":"default","ocean_custom_footer_template":"0"},"product_brand":[],"product_cat":[184,553,179,15],"product_tag":[681,680,683,682,679,678,677,672],"class_list":{"0":"post-6650","1":"product","2":"type-product","3":"status-publish","4":"has-post-thumbnail","6":"product_cat-pana-antimanchas","7":"product_cat-sillas-premium","8":"product_cat-tela","9":"product_cat-todo","10":"product_tag-decoracion","11":"product_tag-diseno-interior","12":"product_tag-envios-a-todo-el-pais","13":"product_tag-fabricacion-propia","14":"product_tag-muebles-para-hogar","15":"product_tag-muebles-para-negocios","16":"product_tag-sillas-modernas","17":"product_tag-sillas-premium","19":"entry","20":"has-media","22":"first","23":"instock","24":"shipping-taxable","25":"purchasable","26":"product-type-simple","27":"has-product-nav","28":"col","29":"span_1_of_3","30":"owp-content-center","31":"owp-thumbs-layout-horizontal","32":"owp-btn-big","33":"owp-tabs-layout-vertical"},"aioseo_notices":[],"jetpack_sharing_enabled":true,"_links":{"self":[{"href":"https:\/\/bairesdeluxe.com.ar\/index.php?rest_route=\/wp\/v2\/product\/6650","targetHints":{"allow":["GET"]}}],"collection":[{"href":"https:\/\/bairesdeluxe.com.ar\/index.php?rest_route=\/wp\/v2\/product"}],"about":[{"href":"https:\/\/bairesdeluxe.com.ar\/index.php?rest_route=\/wp\/v2\/types\/product"}],"wp:featuredmedia":[{"embeddable":true,"href":"https:\/\/bairesdeluxe.com.ar\/index.php?rest_route=\/wp\/v2\/media\/6652"}],"wp:attachment":[{"href":"https:\/\/bairesdeluxe.com.ar\/index.php?rest_route=%2Fwp%2Fv2%2Fmedia&parent=6650"}],"wp:term":[{"taxonomy":"product_brand","embeddable":true,"href":"https:\/\/bairesdeluxe.com.ar\/index.php?rest_route=%2Fwp%2Fv2%2Fproduct_brand&post=6650"},{"taxonomy":"product_cat","embeddable":true,"href":"https:\/\/bairesdeluxe.com.ar\/index.php?rest_route=%2Fwp%2Fv2%2Fproduct_cat&post=6650"},{"taxonomy":"product_tag","embeddable":true,"href":"https:\/\/bairesdeluxe.com.ar\/index.php?rest_route=%2Fwp%2Fv2%2Fproduct_tag&post=6650"}],"curies":[{"name":"wp","href":"https:\/\/api.w.org\/{rel}","templated":true}]}}