{"id":6460,"date":"2023-01-19T21:56:52","date_gmt":"2023-01-20T00:56:52","guid":{"rendered":"https:\/\/bairesdeluxe.com.ar\/?post_type=product&#038;p=6460"},"modified":"2025-09-13T14:20:57","modified_gmt":"2025-09-13T17:20:57","slug":"puff-redondo-mirror-pana-metal-cromado","status":"publish","type":"product","link":"https:\/\/bairesdeluxe.com.ar\/?product=puff-redondo-mirror-pana-metal-cromado","title":{"rendered":"Puff Redondo Mirror Pana Metal Cromado"},"content":{"rendered":"<p><strong>Puff Redondo Mirror Pana Metal Cromado<\/strong><\/p>\n<p>El puff redondo Mirror de Pana Anti-Manchas y metal Cromado Espejo te encantar\u00e1 por su dise\u00f1o depurado y su estilo contempor\u00e1neo, con sus patas finas de metal 100% Cromadas y su asiento de pana Podr\u00e1s disfrutar de confort y dulzura durante tus momentos de relax o cuando lleguen amigos de improviso.<\/p>\n<p><strong>MEDIDAS<\/strong><\/p>\n<p>Altura x Largo x Ancho: 44 cm x 39 cm x 39 cm<\/p>\n<p><strong>CARACTER\u00cdSTICAS<\/strong><\/p>\n<p>-NOTA :Un elemento cromado debe pasar por las siguientes fases:<\/p>\n<p>-se debe pulir la pieza con esmeril<\/p>\n<p>-desengrasado para retirar la suciedad superficial<\/p>\n<p>-limpieza manual para retirar todas las trazas restantes de suciedad e impurezas superficiales;<\/p>\n<p>-varios tratamientos previos dependiendo del sustrato;<\/p>\n<p>-introducci\u00f3n en el vaso de cromado, donde se calienta hasta la temperatura de la disoluci\u00f3n; y aplicaci\u00f3n de la corriente galv\u00e1nica, bajo la que se deja el componente durante el tiempo que se requiera para que se deposite el espesor de cromo requerido sobre el mismo.<\/p>\n<p><em>Nota: la estructura es 100% CROMADO ESPEJO no pintada color cromo este articulo no es pintado es cromad, no se ralla no se oxida no se rompe<\/em><\/p>\n<p>-Consulte por otras Telas Disponibles<\/p>\n<p>-Costuras dobles internas y simples externas.<\/p>\n<p>-Disponible en pana con tratamiento anti-manchas<\/p>\n<p>-Eco-Cuero Talampaya<\/p>\n<p>*En Cuero Preguntar Precio<\/p>\n","protected":false},"excerpt":{"rendered":"<p>Puff Redondo Mirror Pana Metal Cromado El puff redondo Mirror de Pana Anti-Manchas y metal Cromado Espejo te encantar\u00e1 por su dise\u00f1o depurado y su estilo contempor\u00e1neo, con sus patas finas de metal 100% Cromadas y su asiento de pana Podr\u00e1s disfrutar de confort y dulzura durante tus momentos de relax o cuando lleguen amigos [&hellip;]<\/p>\n","protected":false},"featured_media":6491,"template":"","meta":{"ocean_post_layout":"","ocean_both_sidebars_style":"","ocean_both_sidebars_content_width":0,"ocean_both_sidebars_sidebars_width":0,"ocean_sidebar":"0","ocean_second_sidebar":"0","ocean_disable_margins":"enable","ocean_add_body_class":"","ocean_shortcode_before_top_bar":"","ocean_shortcode_after_top_bar":"","ocean_shortcode_before_header":"","ocean_shortcode_after_header":"","ocean_has_shortcode":"","ocean_shortcode_after_title":"","ocean_shortcode_before_footer_widgets":"","ocean_shortcode_after_footer_widgets":"","ocean_shortcode_before_footer_bottom":"","ocean_shortcode_after_footer_bottom":"","ocean_display_top_bar":"default","ocean_display_header":"default","ocean_header_style":"","ocean_center_header_left_menu":"0","ocean_custom_header_template":"0","ocean_custom_logo":0,"ocean_custom_retina_logo":0,"ocean_custom_logo_max_width":0,"ocean_custom_logo_tablet_max_width":0,"ocean_custom_logo_mobile_max_width":0,"ocean_custom_logo_max_height":0,"ocean_custom_logo_tablet_max_height":0,"ocean_custom_logo_mobile_max_height":0,"ocean_header_custom_menu":"0","ocean_menu_typo_font_family":"0","ocean_menu_typo_font_subset":"","ocean_menu_typo_font_size":0,"ocean_menu_typo_font_size_tablet":0,"ocean_menu_typo_font_size_mobile":0,"ocean_menu_typo_font_size_unit":"px","ocean_menu_typo_font_weight":"","ocean_menu_typo_font_weight_tablet":"","ocean_menu_typo_font_weight_mobile":"","ocean_menu_typo_transform":"","ocean_menu_typo_transform_tablet":"","ocean_menu_typo_transform_mobile":"","ocean_menu_typo_line_height":0,"ocean_menu_typo_line_height_tablet":0,"ocean_menu_typo_line_height_mobile":0,"ocean_menu_typo_line_height_unit":"","ocean_menu_typo_spacing":0,"ocean_menu_typo_spacing_tablet":0,"ocean_menu_typo_spacing_mobile":0,"ocean_menu_typo_spacing_unit":"","ocean_menu_link_color":"","ocean_menu_link_color_hover":"","ocean_menu_link_color_active":"","ocean_menu_link_background":"","ocean_menu_link_hover_background":"","ocean_menu_link_active_background":"","ocean_menu_social_links_bg":"","ocean_menu_social_hover_links_bg":"","ocean_menu_social_links_color":"","ocean_menu_social_hover_links_color":"","ocean_disable_title":"default","ocean_disable_heading":"default","ocean_post_title":"","ocean_post_subheading":"","ocean_post_title_style":"","ocean_post_title_background_color":"","ocean_post_title_background":0,"ocean_post_title_bg_image_position":"","ocean_post_title_bg_image_attachment":"","ocean_post_title_bg_image_repeat":"","ocean_post_title_bg_image_size":"","ocean_post_title_height":0,"ocean_post_title_bg_overlay":0.5,"ocean_post_title_bg_overlay_color":"","ocean_disable_breadcrumbs":"default","ocean_breadcrumbs_color":"","ocean_breadcrumbs_separator_color":"","ocean_breadcrumbs_links_color":"","ocean_breadcrumbs_links_hover_color":"","ocean_display_footer_widgets":"default","ocean_display_footer_bottom":"default","ocean_custom_footer_template":"0"},"product_brand":[],"product_cat":[171,172,173,184,187,166,179,15],"product_tag":[],"class_list":{"0":"post-6460","1":"product","2":"type-product","3":"status-publish","4":"has-post-thumbnail","6":"product_cat-1-cuerpo","7":"product_cat-modelo","8":"product_cat-otro","9":"product_cat-pana-antimanchas","10":"product_cat-puff","11":"product_cat-tamano","12":"product_cat-tela","13":"product_cat-todo","15":"entry","16":"has-media","18":"first","19":"instock","20":"shipping-taxable","21":"purchasable","22":"product-type-simple","23":"has-product-nav","24":"col","25":"span_1_of_3","26":"owp-content-center","27":"owp-thumbs-layout-horizontal","28":"owp-btn-big","29":"owp-tabs-layout-vertical","30":"has-no-thumbnails"},"aioseo_notices":[],"jetpack_sharing_enabled":true,"_links":{"self":[{"href":"https:\/\/bairesdeluxe.com.ar\/index.php?rest_route=\/wp\/v2\/product\/6460","targetHints":{"allow":["GET"]}}],"collection":[{"href":"https:\/\/bairesdeluxe.com.ar\/index.php?rest_route=\/wp\/v2\/product"}],"about":[{"href":"https:\/\/bairesdeluxe.com.ar\/index.php?rest_route=\/wp\/v2\/types\/product"}],"wp:featuredmedia":[{"embeddable":true,"href":"https:\/\/bairesdeluxe.com.ar\/index.php?rest_route=\/wp\/v2\/media\/6491"}],"wp:attachment":[{"href":"https:\/\/bairesdeluxe.com.ar\/index.php?rest_route=%2Fwp%2Fv2%2Fmedia&parent=6460"}],"wp:term":[{"taxonomy":"product_brand","embeddable":true,"href":"https:\/\/bairesdeluxe.com.ar\/index.php?rest_route=%2Fwp%2Fv2%2Fproduct_brand&post=6460"},{"taxonomy":"product_cat","embeddable":true,"href":"https:\/\/bairesdeluxe.com.ar\/index.php?rest_route=%2Fwp%2Fv2%2Fproduct_cat&post=6460"},{"taxonomy":"product_tag","embeddable":true,"href":"https:\/\/bairesdeluxe.com.ar\/index.php?rest_route=%2Fwp%2Fv2%2Fproduct_tag&post=6460"}],"curies":[{"name":"wp","href":"https:\/\/api.w.org\/{rel}","templated":true}]}}