{"id":2451,"date":"2021-03-25T15:36:16","date_gmt":"2021-03-25T18:36:16","guid":{"rendered":"https:\/\/bairesdeluxe.com.ar\/?post_type=product&#038;p=2451"},"modified":"2025-09-13T14:21:31","modified_gmt":"2025-09-13T17:21:31","slug":"sillon-many-3-cuerpos-pana-antimancha","status":"publish","type":"product","link":"https:\/\/bairesdeluxe.com.ar\/?product=sillon-many-3-cuerpos-pana-antimancha","title":{"rendered":"Sill\u00f3n Many 3 Cuerpos Pana Antimancha"},"content":{"rendered":"<p><strong>Sill\u00f3n Many 3 Cuerpos Pana Antimancha<\/strong><\/p>\n<p>Este sof\u00e1 de 3 plazas combina a la perfecci\u00f3n la funcionalidad con el estilo, por lo que es una elecci\u00f3n adecuada para cualquier interior tradicional o moderno. Fabricado con materiales duraderos de alta calidad, ofrece la m\u00e1xima comodidad de uso. El asiento acolchado grueso y los reposabrazos anchos garantizan un apoyo adicional. dise\u00f1o simple de la pieza se eleva con m\u00faltiples cojines a juego, que a\u00f1aden calidez a todo el interior.<\/p>\n<p>Tenga en cuenta que la tela pana puede verse un poco diferente cuando se expone a una iluminaci\u00f3n diferente: tiende a brillar m\u00e1s a la luz del d\u00eda y parece m\u00e1s atenuada en la iluminaci\u00f3n artificial interior. Debido a la estructura suave de alta densidad, el tono de la tela tambi\u00e9n puede variar cuando se pasa la mano en diferentes direcciones y \u00e1ngulos. Para igualar el color y eliminar las arrugas, el material debe limpiarse con la palma de mano abierta en una direcci\u00f3n, limpiarse con un pa\u00f1o h\u00famedo o una plancha con vapor.<\/p>\n<p><strong>CARACTER\u00cdSTICAS:<\/strong><\/p>\n<p>* Estructura de madera maciza de 1&#8243; pulgada de espesor.<\/p>\n<p>* El esqueleto es perfectamente encuadrado, encolado, clavado y engrapado para su firmeza y estabilidad estructural integral.<\/p>\n<p>* Colores: A Tu Elecci\u00f3n Variedad de Colores<\/p>\n<p>*Completamente tapizado en PANA antimancha, para Lino Nirvana tiene un adicional $6200 los cuales puedes agregar despu\u00e9s de ofertar<\/p>\n<p>* Asiento relleno de placas Piero Efecto Memoria de alta resistencia de densidad 24 kg, la espuma de alta resistencia es m\u00e1s confortable y m\u00e1s s\u00f3lida que las espumas cl\u00e1sicas por lo que te garantiza un gran confort y una mejor resistencia al paso del tiempo.<\/p>\n<p>*Respaldo y Apoyabrazos relleno de espuma de poliuretano Piero de densidad 22 kg<\/p>\n<p>*Suspensi\u00f3n del respaldo sobre cintas el\u00e1sticas.<\/p>\n<p>*Estructura en madera, patas en madera Dura Torneadas. Pintadas o en Color Natural.<\/p>\n<p><strong>Dimensiones:<\/strong><\/p>\n<p>*Altura: 67cm<\/p>\n<p>*Ancho: 200 cm<\/p>\n<p>*Profundidad: 82 cm<\/p>\n<p>*Altura de la pata: 7 cm<\/p>\n<p>*Superficie del asiento: 153 x 67 cm<\/p>\n<p>*Altura del asiento: 41 cm<\/p>\n<p>*Costuras dobles internas y simples externas.<\/p>\n<p>*Traducci\u00f3n contempor\u00e1nea del sillon escandinavo<\/p>\n<p><strong>OTRAS OPCIONES:<\/strong><\/p>\n<p>&#8211; Consulte por fabricaci\u00f3n en distintas medidas.<\/p>\n<p>&#8211; Consulte por fabricaci\u00f3n en otros tapizados.<\/p>\n<p>&#8211; Si prefieres los almohadones de asiento en placa de 28kg efecto memoria tiene un costo adicional.<\/p>\n","protected":false},"excerpt":{"rendered":"<p>Sill\u00f3n Many 3 Cuerpos Pana Antimancha Este sof\u00e1 de 3 plazas combina a la perfecci\u00f3n la funcionalidad con el estilo, por lo que es una elecci\u00f3n adecuada para cualquier interior tradicional o moderno. Fabricado con materiales duraderos de alta calidad, ofrece la m\u00e1xima comodidad de uso. El asiento acolchado grueso y los reposabrazos anchos garantizan [&hellip;]<\/p>\n","protected":false},"featured_media":2460,"template":"","meta":{"ocean_post_layout":"","ocean_both_sidebars_style":"","ocean_both_sidebars_content_width":0,"ocean_both_sidebars_sidebars_width":0,"ocean_sidebar":"0","ocean_second_sidebar":"0","ocean_disable_margins":"enable","ocean_add_body_class":"","ocean_shortcode_before_top_bar":"","ocean_shortcode_after_top_bar":"","ocean_shortcode_before_header":"","ocean_shortcode_after_header":"","ocean_has_shortcode":"","ocean_shortcode_after_title":"","ocean_shortcode_before_footer_widgets":"","ocean_shortcode_after_footer_widgets":"","ocean_shortcode_before_footer_bottom":"","ocean_shortcode_after_footer_bottom":"","ocean_display_top_bar":"default","ocean_display_header":"default","ocean_header_style":"","ocean_center_header_left_menu":"0","ocean_custom_header_template":"0","ocean_custom_logo":0,"ocean_custom_retina_logo":0,"ocean_custom_logo_max_width":0,"ocean_custom_logo_tablet_max_width":0,"ocean_custom_logo_mobile_max_width":0,"ocean_custom_logo_max_height":0,"ocean_custom_logo_tablet_max_height":0,"ocean_custom_logo_mobile_max_height":0,"ocean_header_custom_menu":"0","ocean_menu_typo_font_family":"0","ocean_menu_typo_font_subset":"","ocean_menu_typo_font_size":0,"ocean_menu_typo_font_size_tablet":0,"ocean_menu_typo_font_size_mobile":0,"ocean_menu_typo_font_size_unit":"px","ocean_menu_typo_font_weight":"","ocean_menu_typo_font_weight_tablet":"","ocean_menu_typo_font_weight_mobile":"","ocean_menu_typo_transform":"","ocean_menu_typo_transform_tablet":"","ocean_menu_typo_transform_mobile":"","ocean_menu_typo_line_height":0,"ocean_menu_typo_line_height_tablet":0,"ocean_menu_typo_line_height_mobile":0,"ocean_menu_typo_line_height_unit":"","ocean_menu_typo_spacing":0,"ocean_menu_typo_spacing_tablet":0,"ocean_menu_typo_spacing_mobile":0,"ocean_menu_typo_spacing_unit":"","ocean_menu_link_color":"","ocean_menu_link_color_hover":"","ocean_menu_link_color_active":"","ocean_menu_link_background":"","ocean_menu_link_hover_background":"","ocean_menu_link_active_background":"","ocean_menu_social_links_bg":"","ocean_menu_social_hover_links_bg":"","ocean_menu_social_links_color":"","ocean_menu_social_hover_links_color":"","ocean_disable_title":"default","ocean_disable_heading":"default","ocean_post_title":"","ocean_post_subheading":"","ocean_post_title_style":"","ocean_post_title_background_color":"","ocean_post_title_background":0,"ocean_post_title_bg_image_position":"","ocean_post_title_bg_image_attachment":"","ocean_post_title_bg_image_repeat":"","ocean_post_title_bg_image_size":"","ocean_post_title_height":0,"ocean_post_title_bg_overlay":0.5,"ocean_post_title_bg_overlay_color":"","ocean_disable_breadcrumbs":"default","ocean_breadcrumbs_color":"","ocean_breadcrumbs_separator_color":"","ocean_breadcrumbs_links_color":"","ocean_breadcrumbs_links_hover_color":"","ocean_display_footer_widgets":"default","ocean_display_footer_bottom":"default","ocean_custom_footer_template":"0"},"product_brand":[],"product_cat":[169,172,173,184,160,166,179,15],"product_tag":[],"class_list":{"0":"post-2451","1":"product","2":"type-product","3":"status-publish","4":"has-post-thumbnail","6":"product_cat-3-cuerpos","7":"product_cat-modelo","8":"product_cat-otro","9":"product_cat-pana-antimanchas","10":"product_cat-sillones","11":"product_cat-tamano","12":"product_cat-tela","13":"product_cat-todo","15":"entry","16":"has-media","18":"first","19":"instock","20":"shipping-taxable","21":"purchasable","22":"product-type-simple","23":"has-product-nav","24":"col","25":"span_1_of_3","26":"owp-content-center","27":"owp-thumbs-layout-horizontal","28":"owp-btn-big","29":"owp-tabs-layout-vertical"},"aioseo_notices":[],"jetpack_sharing_enabled":true,"_links":{"self":[{"href":"https:\/\/bairesdeluxe.com.ar\/index.php?rest_route=\/wp\/v2\/product\/2451","targetHints":{"allow":["GET"]}}],"collection":[{"href":"https:\/\/bairesdeluxe.com.ar\/index.php?rest_route=\/wp\/v2\/product"}],"about":[{"href":"https:\/\/bairesdeluxe.com.ar\/index.php?rest_route=\/wp\/v2\/types\/product"}],"wp:featuredmedia":[{"embeddable":true,"href":"https:\/\/bairesdeluxe.com.ar\/index.php?rest_route=\/wp\/v2\/media\/2460"}],"wp:attachment":[{"href":"https:\/\/bairesdeluxe.com.ar\/index.php?rest_route=%2Fwp%2Fv2%2Fmedia&parent=2451"}],"wp:term":[{"taxonomy":"product_brand","embeddable":true,"href":"https:\/\/bairesdeluxe.com.ar\/index.php?rest_route=%2Fwp%2Fv2%2Fproduct_brand&post=2451"},{"taxonomy":"product_cat","embeddable":true,"href":"https:\/\/bairesdeluxe.com.ar\/index.php?rest_route=%2Fwp%2Fv2%2Fproduct_cat&post=2451"},{"taxonomy":"product_tag","embeddable":true,"href":"https:\/\/bairesdeluxe.com.ar\/index.php?rest_route=%2Fwp%2Fv2%2Fproduct_tag&post=2451"}],"curies":[{"name":"wp","href":"https:\/\/api.w.org\/{rel}","templated":true}]}}