{"id":2446,"date":"2021-03-25T15:24:12","date_gmt":"2021-03-25T18:24:12","guid":{"rendered":"https:\/\/bairesdeluxe.com.ar\/?post_type=product&#038;p=2446"},"modified":"2025-11-11T09:42:56","modified_gmt":"2025-11-11T12:42:56","slug":"sillon-chesterfield-para-exterior-2-cuerpos-ecocuero","status":"publish","type":"product","link":"https:\/\/bairesdeluxe.com.ar\/?product=sillon-chesterfield-para-exterior-2-cuerpos-ecocuero","title":{"rendered":"Sill\u00f3n Chesterfield Para Exterior 2 Cuerpos Ecocuero"},"content":{"rendered":"<p><strong>Sill\u00f3n Chesterfield Para Exterior Dos Cuerpos Ecocuero<\/strong><\/p>\n<p>Te gusta disfrutar del verano del aire libre, pero tambi\u00e9n sentirte con todas las comodidades?, este hermoso dise\u00f1o chesterfield no solo te brinda todo el lujo y el confort que un sill\u00f3n con estas caracter\u00edsticas puede tener sino que adem\u00e1s podes dejarlo al aire libre, es aprueba de agua.<\/p>\n<p><strong>CARACTER\u00cdSTICAS:<\/strong><\/p>\n<p>*Alto 78 cm<\/p>\n<p>*Ancho 160 cm<\/p>\n<p>*Profundidad 78 cm<\/p>\n<p>*Hecho a mano para una artesan\u00eda y calidad excepcionales, este sof\u00e1 est\u00e1 tapizado con pana antimanchas duradera, f\u00e1cil de mantener y suave al tacto.<\/p>\n<p>*Construido con el marco de madera maciza para una mayor durabilidad, este sill\u00f3n est\u00e1 lleno de espuma de alta densidad de 28kg para una m\u00e1xima comodidad.<\/p>\n<p>*Con un marco rectangular con detalles de acolchado cl\u00e1sico en los respaldos de los asientos y los brazos, el asiento de 2 plazas con costuras reforzadas.<\/p>\n<p><strong>OTRAS OPCIONES:<\/strong><\/p>\n<p>&#8211; Consulte por fabricaci\u00f3n en distintas medidas.<\/p>\n","protected":false},"excerpt":{"rendered":"<p>Sill\u00f3n Chesterfield Para Exterior Dos Cuerpos Ecocuero Te gusta disfrutar del verano del aire libre, pero tambi\u00e9n sentirte con todas las comodidades?, este hermoso dise\u00f1o chesterfield no solo te brinda todo el lujo y el confort que un sill\u00f3n con estas caracter\u00edsticas puede tener sino que adem\u00e1s podes dejarlo al aire libre, es aprueba de [&hellip;]<\/p>\n","protected":false},"featured_media":2449,"template":"","meta":{"ocean_post_layout":"","ocean_both_sidebars_style":"","ocean_both_sidebars_content_width":0,"ocean_both_sidebars_sidebars_width":0,"ocean_sidebar":"0","ocean_second_sidebar":"0","ocean_disable_margins":"enable","ocean_add_body_class":"","ocean_shortcode_before_top_bar":"","ocean_shortcode_after_top_bar":"","ocean_shortcode_before_header":"","ocean_shortcode_after_header":"","ocean_has_shortcode":"","ocean_shortcode_after_title":"","ocean_shortcode_before_footer_widgets":"","ocean_shortcode_after_footer_widgets":"","ocean_shortcode_before_footer_bottom":"","ocean_shortcode_after_footer_bottom":"","ocean_display_top_bar":"default","ocean_display_header":"default","ocean_header_style":"","ocean_center_header_left_menu":"0","ocean_custom_header_template":"0","ocean_custom_logo":0,"ocean_custom_retina_logo":0,"ocean_custom_logo_max_width":0,"ocean_custom_logo_tablet_max_width":0,"ocean_custom_logo_mobile_max_width":0,"ocean_custom_logo_max_height":0,"ocean_custom_logo_tablet_max_height":0,"ocean_custom_logo_mobile_max_height":0,"ocean_header_custom_menu":"0","ocean_menu_typo_font_family":"0","ocean_menu_typo_font_subset":"","ocean_menu_typo_font_size":0,"ocean_menu_typo_font_size_tablet":0,"ocean_menu_typo_font_size_mobile":0,"ocean_menu_typo_font_size_unit":"px","ocean_menu_typo_font_weight":"","ocean_menu_typo_font_weight_tablet":"","ocean_menu_typo_font_weight_mobile":"","ocean_menu_typo_transform":"","ocean_menu_typo_transform_tablet":"","ocean_menu_typo_transform_mobile":"","ocean_menu_typo_line_height":0,"ocean_menu_typo_line_height_tablet":0,"ocean_menu_typo_line_height_mobile":0,"ocean_menu_typo_line_height_unit":"","ocean_menu_typo_spacing":0,"ocean_menu_typo_spacing_tablet":0,"ocean_menu_typo_spacing_mobile":0,"ocean_menu_typo_spacing_unit":"","ocean_menu_link_color":"","ocean_menu_link_color_hover":"","ocean_menu_link_color_active":"","ocean_menu_link_background":"","ocean_menu_link_hover_background":"","ocean_menu_link_active_background":"","ocean_menu_social_links_bg":"","ocean_menu_social_hover_links_bg":"","ocean_menu_social_links_color":"","ocean_menu_social_hover_links_color":"","ocean_disable_title":"default","ocean_disable_heading":"default","ocean_post_title":"","ocean_post_subheading":"","ocean_post_title_style":"","ocean_post_title_background_color":"","ocean_post_title_background":0,"ocean_post_title_bg_image_position":"","ocean_post_title_bg_image_attachment":"","ocean_post_title_bg_image_repeat":"","ocean_post_title_bg_image_size":"","ocean_post_title_height":0,"ocean_post_title_bg_overlay":0.5,"ocean_post_title_bg_overlay_color":"","ocean_disable_breadcrumbs":"default","ocean_breadcrumbs_color":"","ocean_breadcrumbs_separator_color":"","ocean_breadcrumbs_links_color":"","ocean_breadcrumbs_links_hover_color":"","ocean_display_footer_widgets":"default","ocean_display_footer_bottom":"default","ocean_custom_footer_template":"0"},"product_brand":[],"product_cat":[170,177,183,172,160,166,179,15],"product_tag":[641,651,602,649,608,650],"class_list":{"0":"post-2446","1":"product","2":"type-product","3":"status-publish","4":"has-post-thumbnail","6":"product_cat-2-cuerpos","7":"product_cat-chesterfield","8":"product_cat-eco-cuero","9":"product_cat-modelo","10":"product_cat-sillones","11":"product_cat-tamano","12":"product_cat-tela","13":"product_cat-todo","14":"product_tag-sillon-2-cuerpos","15":"product_tag-sillon-chesterfield","16":"product_tag-sillon-de-fabrica","17":"product_tag-sillon-exterior","18":"product_tag-sillones-de-diseno","19":"product_tag-sillones-de-lujo","21":"entry","22":"has-media","24":"first","25":"instock","26":"shipping-taxable","27":"purchasable","28":"product-type-simple","29":"has-product-nav","30":"col","31":"span_1_of_3","32":"owp-content-center","33":"owp-thumbs-layout-horizontal","34":"owp-btn-big","35":"owp-tabs-layout-vertical"},"aioseo_notices":[],"jetpack_sharing_enabled":true,"_links":{"self":[{"href":"https:\/\/bairesdeluxe.com.ar\/index.php?rest_route=\/wp\/v2\/product\/2446","targetHints":{"allow":["GET"]}}],"collection":[{"href":"https:\/\/bairesdeluxe.com.ar\/index.php?rest_route=\/wp\/v2\/product"}],"about":[{"href":"https:\/\/bairesdeluxe.com.ar\/index.php?rest_route=\/wp\/v2\/types\/product"}],"wp:featuredmedia":[{"embeddable":true,"href":"https:\/\/bairesdeluxe.com.ar\/index.php?rest_route=\/wp\/v2\/media\/2449"}],"wp:attachment":[{"href":"https:\/\/bairesdeluxe.com.ar\/index.php?rest_route=%2Fwp%2Fv2%2Fmedia&parent=2446"}],"wp:term":[{"taxonomy":"product_brand","embeddable":true,"href":"https:\/\/bairesdeluxe.com.ar\/index.php?rest_route=%2Fwp%2Fv2%2Fproduct_brand&post=2446"},{"taxonomy":"product_cat","embeddable":true,"href":"https:\/\/bairesdeluxe.com.ar\/index.php?rest_route=%2Fwp%2Fv2%2Fproduct_cat&post=2446"},{"taxonomy":"product_tag","embeddable":true,"href":"https:\/\/bairesdeluxe.com.ar\/index.php?rest_route=%2Fwp%2Fv2%2Fproduct_tag&post=2446"}],"curies":[{"name":"wp","href":"https:\/\/api.w.org\/{rel}","templated":true}]}}