{"id":2410,"date":"2021-03-25T13:09:46","date_gmt":"2021-03-25T16:09:46","guid":{"rendered":"https:\/\/bairesdeluxe.com.ar\/?post_type=product&#038;p=2410"},"modified":"2025-09-13T14:21:33","modified_gmt":"2025-09-13T17:21:33","slug":"sillon-sofa-moderno-2-cuerpos-puff-pana-antimanchas","status":"publish","type":"product","link":"https:\/\/bairesdeluxe.com.ar\/?product=sillon-sofa-moderno-2-cuerpos-puff-pana-antimanchas","title":{"rendered":"Sill\u00f3n Sof\u00e1 Moderno 2 Cuerpos + Puff Pana Antimanchas"},"content":{"rendered":"<p><strong>Sill\u00f3n Sof\u00e1 Moderno 2 Cuerpos + Puff Pana Antimanchas<\/strong><\/p>\n<p>Dise\u00f1o cl\u00e1sico con un toque moderno, este sof\u00e1 de esquina Harmony es un \u00e1rea de conversaci\u00f3n ideal en cualquier sala de estar con una decoraci\u00f3n tradicional y contempor\u00e1nea.<\/p>\n<p><strong>CARACTER\u00cdSTICAS:<\/strong><\/p>\n<p>*Material de la pierna: madera maciza<\/p>\n<p>*ESTRUCTURA: Realizada en madera Saligna maciza de 1 pulgada de espesor encastrada, encolada, clavada y reforzada con escuadras, cubierta con espuma poliuret\u00e1nica hipoalerg\u00e9nica.<\/p>\n<p>*BASE DE ASIENTOS: Cinchas de nylon entrelazadas cubiertas de friselina y placa de poliuretano de 26 kg de densidad.<\/p>\n<p>*ALMOHADONES DE ASIENTO (con cierre): Placa soft 28 kg de densidad y 14 cm. de altura<\/p>\n<p>*ALMOHADONES DE RESPALDO (con cierre): Copos micronizados, con funda de friselina, envuelto para optimizar la comodidad del producto<\/p>\n<p>*COSTURAS:Reforzadas con hilo de nylon t\u00edtulo 40<\/p>\n<p>*PATAS: madera<\/p>\n<p><strong>MEDIDAS DEL SILL\u00d3N:<\/strong><\/p>\n<p>*Altura: 76 cm<\/p>\n<p>*Ancho: 170cm<\/p>\n<p>*Largo \/ Profundidad: 90 cm<\/p>\n<p>*Altura de la pierna: 17 cm<\/p>\n<p>*Espesor de llenado: 14 cm<\/p>\n<p>*Densidad del relleno del asiento: 28 kg \/ m3<\/p>\n<p><strong>MEDIDAS DE PUFF<\/strong>: 45 CM X 50CM X 50CM<\/p>\n<p><strong>OTRAS OPCIONES:<\/strong><\/p>\n<p>&#8211; Consulte por Patas de Aluminio<\/p>\n<p>\u2013 Consulte por otras medidas.<\/p>\n<p>\u2013 Consulte por otras Telas Disponibles<\/p>\n","protected":false},"excerpt":{"rendered":"<p>Sill\u00f3n Sof\u00e1 Moderno 2 Cuerpos + Puff Pana Antimanchas Dise\u00f1o cl\u00e1sico con un toque moderno, este sof\u00e1 de esquina Harmony es un \u00e1rea de conversaci\u00f3n ideal en cualquier sala de estar con una decoraci\u00f3n tradicional y contempor\u00e1nea. CARACTER\u00cdSTICAS: *Material de la pierna: madera maciza *ESTRUCTURA: Realizada en madera Saligna maciza de 1 pulgada de espesor [&hellip;]<\/p>\n","protected":false},"featured_media":2412,"template":"","meta":{"ocean_post_layout":"","ocean_both_sidebars_style":"","ocean_both_sidebars_content_width":0,"ocean_both_sidebars_sidebars_width":0,"ocean_sidebar":"0","ocean_second_sidebar":"0","ocean_disable_margins":"enable","ocean_add_body_class":"","ocean_shortcode_before_top_bar":"","ocean_shortcode_after_top_bar":"","ocean_shortcode_before_header":"","ocean_shortcode_after_header":"","ocean_has_shortcode":"","ocean_shortcode_after_title":"","ocean_shortcode_before_footer_widgets":"","ocean_shortcode_after_footer_widgets":"","ocean_shortcode_before_footer_bottom":"","ocean_shortcode_after_footer_bottom":"","ocean_display_top_bar":"default","ocean_display_header":"default","ocean_header_style":"","ocean_center_header_left_menu":"0","ocean_custom_header_template":"0","ocean_custom_logo":0,"ocean_custom_retina_logo":0,"ocean_custom_logo_max_width":0,"ocean_custom_logo_tablet_max_width":0,"ocean_custom_logo_mobile_max_width":0,"ocean_custom_logo_max_height":0,"ocean_custom_logo_tablet_max_height":0,"ocean_custom_logo_mobile_max_height":0,"ocean_header_custom_menu":"0","ocean_menu_typo_font_family":"0","ocean_menu_typo_font_subset":"","ocean_menu_typo_font_size":0,"ocean_menu_typo_font_size_tablet":0,"ocean_menu_typo_font_size_mobile":0,"ocean_menu_typo_font_size_unit":"px","ocean_menu_typo_font_weight":"","ocean_menu_typo_font_weight_tablet":"","ocean_menu_typo_font_weight_mobile":"","ocean_menu_typo_transform":"","ocean_menu_typo_transform_tablet":"","ocean_menu_typo_transform_mobile":"","ocean_menu_typo_line_height":0,"ocean_menu_typo_line_height_tablet":0,"ocean_menu_typo_line_height_mobile":0,"ocean_menu_typo_line_height_unit":"","ocean_menu_typo_spacing":0,"ocean_menu_typo_spacing_tablet":0,"ocean_menu_typo_spacing_mobile":0,"ocean_menu_typo_spacing_unit":"","ocean_menu_link_color":"","ocean_menu_link_color_hover":"","ocean_menu_link_color_active":"","ocean_menu_link_background":"","ocean_menu_link_hover_background":"","ocean_menu_link_active_background":"","ocean_menu_social_links_bg":"","ocean_menu_social_hover_links_bg":"","ocean_menu_social_links_color":"","ocean_menu_social_hover_links_color":"","ocean_disable_title":"default","ocean_disable_heading":"default","ocean_post_title":"","ocean_post_subheading":"","ocean_post_title_style":"","ocean_post_title_background_color":"","ocean_post_title_background":0,"ocean_post_title_bg_image_position":"","ocean_post_title_bg_image_attachment":"","ocean_post_title_bg_image_repeat":"","ocean_post_title_bg_image_size":"","ocean_post_title_height":0,"ocean_post_title_bg_overlay":0.5,"ocean_post_title_bg_overlay_color":"","ocean_disable_breadcrumbs":"default","ocean_breadcrumbs_color":"","ocean_breadcrumbs_separator_color":"","ocean_breadcrumbs_links_color":"","ocean_breadcrumbs_links_hover_color":"","ocean_display_footer_widgets":"default","ocean_display_footer_bottom":"default","ocean_custom_footer_template":"0"},"product_brand":[],"product_cat":[170,165,172,178,184,160,166,179,15],"product_tag":[],"class_list":{"0":"post-2410","1":"product","2":"type-product","3":"status-publish","4":"has-post-thumbnail","6":"product_cat-2-cuerpos","7":"product_cat-juegos","8":"product_cat-modelo","9":"product_cat-moderno","10":"product_cat-pana-antimanchas","11":"product_cat-sillones","12":"product_cat-tamano","13":"product_cat-tela","14":"product_cat-todo","16":"entry","17":"has-media","19":"first","20":"instock","21":"shipping-taxable","22":"purchasable","23":"product-type-simple","24":"has-product-nav","25":"col","26":"span_1_of_3","27":"owp-content-center","28":"owp-thumbs-layout-horizontal","29":"owp-btn-big","30":"owp-tabs-layout-vertical"},"aioseo_notices":[],"jetpack_sharing_enabled":true,"_links":{"self":[{"href":"https:\/\/bairesdeluxe.com.ar\/index.php?rest_route=\/wp\/v2\/product\/2410","targetHints":{"allow":["GET"]}}],"collection":[{"href":"https:\/\/bairesdeluxe.com.ar\/index.php?rest_route=\/wp\/v2\/product"}],"about":[{"href":"https:\/\/bairesdeluxe.com.ar\/index.php?rest_route=\/wp\/v2\/types\/product"}],"wp:featuredmedia":[{"embeddable":true,"href":"https:\/\/bairesdeluxe.com.ar\/index.php?rest_route=\/wp\/v2\/media\/2412"}],"wp:attachment":[{"href":"https:\/\/bairesdeluxe.com.ar\/index.php?rest_route=%2Fwp%2Fv2%2Fmedia&parent=2410"}],"wp:term":[{"taxonomy":"product_brand","embeddable":true,"href":"https:\/\/bairesdeluxe.com.ar\/index.php?rest_route=%2Fwp%2Fv2%2Fproduct_brand&post=2410"},{"taxonomy":"product_cat","embeddable":true,"href":"https:\/\/bairesdeluxe.com.ar\/index.php?rest_route=%2Fwp%2Fv2%2Fproduct_cat&post=2410"},{"taxonomy":"product_tag","embeddable":true,"href":"https:\/\/bairesdeluxe.com.ar\/index.php?rest_route=%2Fwp%2Fv2%2Fproduct_tag&post=2410"}],"curies":[{"name":"wp","href":"https:\/\/api.w.org\/{rel}","templated":true}]}}