{"id":2384,"date":"2021-03-25T12:33:41","date_gmt":"2021-03-25T15:33:41","guid":{"rendered":"https:\/\/bairesdeluxe.com.ar\/?post_type=product&#038;p=2384"},"modified":"2025-11-28T19:15:52","modified_gmt":"2025-11-28T22:15:52","slug":"silla-diamante-ecocuero-panamera-premium","status":"publish","type":"product","link":"https:\/\/bairesdeluxe.com.ar\/?product=silla-diamante-ecocuero-panamera-premium","title":{"rendered":"Silla Diamante Ecocuero Panamera Premium"},"content":{"rendered":"<p><strong>Silla Diamante Ecocuero Panamera Premium<\/strong><\/p>\n<p>Las sillas son un elemento esencial que acompa\u00f1a no solo a la mesa que las recoge, sino al sal\u00f3n en su conjunto.<\/p>\n<p>La funci\u00f3n principal de una silla es el confort, pero tambi\u00e9n su dise\u00f1o, que concorde con el resto de la habitaci\u00f3n.<\/p>\n<p>Esta silla vestida de respaldo alto aporta elegancia a sal\u00f3n y al comedor, tapizada en eco-cueros es una excelente elecci\u00f3n.<\/p>\n<p><strong>CARACTER\u00cdSTICAS:<\/strong><\/p>\n<p>*ANCHO: 46 cm<\/p>\n<p>*PROFUNDIDAD : 58 cm<\/p>\n<p>*ALTURA: 100 cm<\/p>\n<p>*ALTURA DESDE EL PISO AL ASIENTO : 53 cm<\/p>\n<p>*ALTURA DESDE EL ASIENTOS AL FINAL DEL RESPALDO 50 CM<\/p>\n<p><strong>OTRAS OPCIONES:<\/strong><\/p>\n<p>\u2013 Consulte por otras medidas.<\/p>\n<p>\u2013 Consulte por otras Telas Disponibles<\/p>\n","protected":false},"excerpt":{"rendered":"<p>Silla Diamante Ecocuero Panamera Premium Las sillas son un elemento esencial que acompa\u00f1a no solo a la mesa que las recoge, sino al sal\u00f3n en su conjunto. La funci\u00f3n principal de una silla es el confort, pero tambi\u00e9n su dise\u00f1o, que concorde con el resto de la habitaci\u00f3n. Esta silla vestida de respaldo alto aporta [&hellip;]<\/p>\n","protected":false},"featured_media":2391,"template":"","meta":{"ocean_post_layout":"","ocean_both_sidebars_style":"","ocean_both_sidebars_content_width":0,"ocean_both_sidebars_sidebars_width":0,"ocean_sidebar":"0","ocean_second_sidebar":"0","ocean_disable_margins":"enable","ocean_add_body_class":"","ocean_shortcode_before_top_bar":"","ocean_shortcode_after_top_bar":"","ocean_shortcode_before_header":"","ocean_shortcode_after_header":"","ocean_has_shortcode":"","ocean_shortcode_after_title":"","ocean_shortcode_before_footer_widgets":"","ocean_shortcode_after_footer_widgets":"","ocean_shortcode_before_footer_bottom":"","ocean_shortcode_after_footer_bottom":"","ocean_display_top_bar":"default","ocean_display_header":"default","ocean_header_style":"","ocean_center_header_left_menu":"0","ocean_custom_header_template":"0","ocean_custom_logo":0,"ocean_custom_retina_logo":0,"ocean_custom_logo_max_width":0,"ocean_custom_logo_tablet_max_width":0,"ocean_custom_logo_mobile_max_width":0,"ocean_custom_logo_max_height":0,"ocean_custom_logo_tablet_max_height":0,"ocean_custom_logo_mobile_max_height":0,"ocean_header_custom_menu":"0","ocean_menu_typo_font_family":"0","ocean_menu_typo_font_subset":"","ocean_menu_typo_font_size":0,"ocean_menu_typo_font_size_tablet":0,"ocean_menu_typo_font_size_mobile":0,"ocean_menu_typo_font_size_unit":"px","ocean_menu_typo_font_weight":"","ocean_menu_typo_font_weight_tablet":"","ocean_menu_typo_font_weight_mobile":"","ocean_menu_typo_transform":"","ocean_menu_typo_transform_tablet":"","ocean_menu_typo_transform_mobile":"","ocean_menu_typo_line_height":0,"ocean_menu_typo_line_height_tablet":0,"ocean_menu_typo_line_height_mobile":0,"ocean_menu_typo_line_height_unit":"","ocean_menu_typo_spacing":0,"ocean_menu_typo_spacing_tablet":0,"ocean_menu_typo_spacing_mobile":0,"ocean_menu_typo_spacing_unit":"","ocean_menu_link_color":"","ocean_menu_link_color_hover":"","ocean_menu_link_color_active":"","ocean_menu_link_background":"","ocean_menu_link_hover_background":"","ocean_menu_link_active_background":"","ocean_menu_social_links_bg":"","ocean_menu_social_hover_links_bg":"","ocean_menu_social_links_color":"","ocean_menu_social_hover_links_color":"","ocean_disable_title":"default","ocean_disable_heading":"default","ocean_post_title":"","ocean_post_subheading":"","ocean_post_title_style":"","ocean_post_title_background_color":"","ocean_post_title_background":0,"ocean_post_title_bg_image_position":"","ocean_post_title_bg_image_attachment":"","ocean_post_title_bg_image_repeat":"","ocean_post_title_bg_image_size":"","ocean_post_title_height":0,"ocean_post_title_bg_overlay":0.5,"ocean_post_title_bg_overlay_color":"","ocean_disable_breadcrumbs":"default","ocean_breadcrumbs_color":"","ocean_breadcrumbs_separator_color":"","ocean_breadcrumbs_links_color":"","ocean_breadcrumbs_links_hover_color":"","ocean_display_footer_widgets":"default","ocean_display_footer_bottom":"default","ocean_custom_footer_template":"0"},"product_brand":[723],"product_cat":[171,180,172,173,164,166,179,15],"product_tag":[681,680,694,682,679,678,677,672],"class_list":{"0":"post-2384","1":"product","2":"type-product","3":"status-publish","4":"has-post-thumbnail","6":"product_brand-bairesdeluxe","7":"product_cat-1-cuerpo","8":"product_cat-ecocuero-panamera","9":"product_cat-modelo","10":"product_cat-otro","11":"product_cat-silla","12":"product_cat-tamano","13":"product_cat-tela","14":"product_cat-todo","15":"product_tag-decoracion","16":"product_tag-diseno-interior","17":"product_tag-envios-a-todo-el-pa","18":"product_tag-fabricacion-propia","19":"product_tag-muebles-para-hogar","20":"product_tag-muebles-para-negocios","21":"product_tag-sillas-modernas","22":"product_tag-sillas-premium","24":"entry","25":"has-media","27":"first","28":"instock","29":"shipping-taxable","30":"purchasable","31":"product-type-simple","32":"has-product-nav","33":"col","34":"span_1_of_3","35":"owp-content-center","36":"owp-thumbs-layout-horizontal","37":"owp-btn-big","38":"owp-tabs-layout-vertical"},"aioseo_notices":[],"jetpack_sharing_enabled":true,"_links":{"self":[{"href":"https:\/\/bairesdeluxe.com.ar\/index.php?rest_route=\/wp\/v2\/product\/2384","targetHints":{"allow":["GET"]}}],"collection":[{"href":"https:\/\/bairesdeluxe.com.ar\/index.php?rest_route=\/wp\/v2\/product"}],"about":[{"href":"https:\/\/bairesdeluxe.com.ar\/index.php?rest_route=\/wp\/v2\/types\/product"}],"wp:featuredmedia":[{"embeddable":true,"href":"https:\/\/bairesdeluxe.com.ar\/index.php?rest_route=\/wp\/v2\/media\/2391"}],"wp:attachment":[{"href":"https:\/\/bairesdeluxe.com.ar\/index.php?rest_route=%2Fwp%2Fv2%2Fmedia&parent=2384"}],"wp:term":[{"taxonomy":"product_brand","embeddable":true,"href":"https:\/\/bairesdeluxe.com.ar\/index.php?rest_route=%2Fwp%2Fv2%2Fproduct_brand&post=2384"},{"taxonomy":"product_cat","embeddable":true,"href":"https:\/\/bairesdeluxe.com.ar\/index.php?rest_route=%2Fwp%2Fv2%2Fproduct_cat&post=2384"},{"taxonomy":"product_tag","embeddable":true,"href":"https:\/\/bairesdeluxe.com.ar\/index.php?rest_route=%2Fwp%2Fv2%2Fproduct_tag&post=2384"}],"curies":[{"name":"wp","href":"https:\/\/api.w.org\/{rel}","templated":true}]}}