{"id":2299,"date":"2021-03-25T11:24:51","date_gmt":"2021-03-25T14:24:51","guid":{"rendered":"https:\/\/bairesdeluxe.com.ar\/?post_type=product&#038;p=2299"},"modified":"2025-09-13T14:21:40","modified_gmt":"2025-09-13T17:21:40","slug":"combo-chesterfield-sillon-3-cuerpos-sofa-1-cuerpo-ecocuero","status":"publish","type":"product","link":"https:\/\/bairesdeluxe.com.ar\/?product=combo-chesterfield-sillon-3-cuerpos-sofa-1-cuerpo-ecocuero","title":{"rendered":"Combo Chesterfield Sill\u00f3n 3 Cuerpos + Sofa 1 Cuerpo Ecocuero"},"content":{"rendered":"<p><strong>Combo Chesterfield Sill\u00f3n 3 Cuerpos + Sofa 1 Cuerpo Ecocuero<\/strong><\/p>\n<p>Este hermoso LIVING s\u00edmbolo emblem\u00e1tico de la aristocracia inglesa, ofrece una combinaci\u00f3n verdaderamente sorprendente de estilo y comodidad, el sof\u00e1 de ecocuero Chesterfield es perfecto para todo tipo de decoraci\u00f3n, acompa\u00f1ado del sill\u00f3n de un cuerpo. estos elegantes sofas tienen un respaldo alto con un dise\u00f1o de bot\u00f3n profundo en la espalda y brazos que se extienden creando una sensaci\u00f3n acogedora y cerrada.<\/p>\n<p>Tapizado con los m\u00e1s altos est\u00e1ndares que incluyen una innovadora t\u00e9cnica de protecci\u00f3n, consistente en darle una protecci\u00f3n ign\u00edfuga, de larga durabilidad al ecocuero alargando su tiempo de vida \u00fatil; haciendo que no se pegue el polvo, es anti-\u00e1caros, anti-manchas, con gran variedad de colores a tu elecci\u00f3n y d\u00e1ndole una terminaci\u00f3n final de brillo, semi-brillo o mate.<\/p>\n<p><strong>Cuidado del producto:<\/strong> limpiar con un pa\u00f1o seco<\/p>\n<p><strong>CARACTER\u00cdSTICAS:<\/strong><\/p>\n<p>*Espalda alta con brazos amplios<\/p>\n<p>*Detalle de botones<\/p>\n<p>*Coj\u00edn de asiento densamente acolchado<\/p>\n<p>*Dise\u00f1o: Chesterfield<\/p>\n<p>*Estructura: madera saligna maciza, perfectamente encuadrado, encolado, clavado y engrapado para su firmeza y estabilidad estructural integral.<\/p>\n<p>*Relleno con espuma de alta resistencia de 28k efecto memoria (no se deforma)<\/p>\n<p><strong>MEDIDAS sill\u00f3n dos cuerpos:<\/strong><\/p>\n<p>*Ancho desde 190cm hasta 220 cm<\/p>\n<p>*Alto 72 cm<\/p>\n<p>*Profundidad 93 cm<\/p>\n<p>*Apoyabrazos 30 cm<\/p>\n<p><strong>MEDIDAS sill\u00f3n un cuerpo:<\/strong><\/p>\n<p>*Ancho 110 cm<\/p>\n<p>*Alto 72 cm<\/p>\n<p>*Profundidad 93 cm<\/p>\n<p>*Apoyabrazos 30 cm<\/p>\n<p><strong>OTRAS OPCIONES:<\/strong><\/p>\n<p>&#8211; Consulte por Patas de Aluminio<\/p>\n<p>\u2013 Consulte por otras medidas.<\/p>\n<p>\u2013 Consulte por otras Telas Disponibles<\/p>\n","protected":false},"excerpt":{"rendered":"<p>Combo Chesterfield Sill\u00f3n 3 Cuerpos + Sofa 1 Cuerpo Ecocuero Este hermoso LIVING s\u00edmbolo emblem\u00e1tico de la aristocracia inglesa, ofrece una combinaci\u00f3n verdaderamente sorprendente de estilo y comodidad, el sof\u00e1 de ecocuero Chesterfield es perfecto para todo tipo de decoraci\u00f3n, acompa\u00f1ado del sill\u00f3n de un cuerpo. estos elegantes sofas tienen un respaldo alto con un [&hellip;]<\/p>\n","protected":false},"featured_media":2303,"template":"","meta":{"ocean_post_layout":"","ocean_both_sidebars_style":"","ocean_both_sidebars_content_width":0,"ocean_both_sidebars_sidebars_width":0,"ocean_sidebar":"0","ocean_second_sidebar":"0","ocean_disable_margins":"enable","ocean_add_body_class":"","ocean_shortcode_before_top_bar":"","ocean_shortcode_after_top_bar":"","ocean_shortcode_before_header":"","ocean_shortcode_after_header":"","ocean_has_shortcode":"","ocean_shortcode_after_title":"","ocean_shortcode_before_footer_widgets":"","ocean_shortcode_after_footer_widgets":"","ocean_shortcode_before_footer_bottom":"","ocean_shortcode_after_footer_bottom":"","ocean_display_top_bar":"default","ocean_display_header":"default","ocean_header_style":"","ocean_center_header_left_menu":"0","ocean_custom_header_template":"0","ocean_custom_logo":0,"ocean_custom_retina_logo":0,"ocean_custom_logo_max_width":0,"ocean_custom_logo_tablet_max_width":0,"ocean_custom_logo_mobile_max_width":0,"ocean_custom_logo_max_height":0,"ocean_custom_logo_tablet_max_height":0,"ocean_custom_logo_mobile_max_height":0,"ocean_header_custom_menu":"0","ocean_menu_typo_font_family":"0","ocean_menu_typo_font_subset":"","ocean_menu_typo_font_size":0,"ocean_menu_typo_font_size_tablet":0,"ocean_menu_typo_font_size_mobile":0,"ocean_menu_typo_font_size_unit":"px","ocean_menu_typo_font_weight":"","ocean_menu_typo_font_weight_tablet":"","ocean_menu_typo_font_weight_mobile":"","ocean_menu_typo_transform":"","ocean_menu_typo_transform_tablet":"","ocean_menu_typo_transform_mobile":"","ocean_menu_typo_line_height":0,"ocean_menu_typo_line_height_tablet":0,"ocean_menu_typo_line_height_mobile":0,"ocean_menu_typo_line_height_unit":"","ocean_menu_typo_spacing":0,"ocean_menu_typo_spacing_tablet":0,"ocean_menu_typo_spacing_mobile":0,"ocean_menu_typo_spacing_unit":"","ocean_menu_link_color":"","ocean_menu_link_color_hover":"","ocean_menu_link_color_active":"","ocean_menu_link_background":"","ocean_menu_link_hover_background":"","ocean_menu_link_active_background":"","ocean_menu_social_links_bg":"","ocean_menu_social_hover_links_bg":"","ocean_menu_social_links_color":"","ocean_menu_social_hover_links_color":"","ocean_disable_title":"default","ocean_disable_heading":"default","ocean_post_title":"","ocean_post_subheading":"","ocean_post_title_style":"","ocean_post_title_background_color":"","ocean_post_title_background":0,"ocean_post_title_bg_image_position":"","ocean_post_title_bg_image_attachment":"","ocean_post_title_bg_image_repeat":"","ocean_post_title_bg_image_size":"","ocean_post_title_height":0,"ocean_post_title_bg_overlay":0.5,"ocean_post_title_bg_overlay_color":"","ocean_disable_breadcrumbs":"default","ocean_breadcrumbs_color":"","ocean_breadcrumbs_separator_color":"","ocean_breadcrumbs_links_color":"","ocean_breadcrumbs_links_hover_color":"","ocean_display_footer_widgets":"default","ocean_display_footer_bottom":"default","ocean_custom_footer_template":"0"},"product_brand":[],"product_cat":[170,177,183,165,172,166,179,15],"product_tag":[],"class_list":{"0":"post-2299","1":"product","2":"type-product","3":"status-publish","4":"has-post-thumbnail","6":"product_cat-2-cuerpos","7":"product_cat-chesterfield","8":"product_cat-eco-cuero","9":"product_cat-juegos","10":"product_cat-modelo","11":"product_cat-tamano","12":"product_cat-tela","13":"product_cat-todo","15":"entry","16":"has-media","18":"first","19":"instock","20":"shipping-taxable","21":"purchasable","22":"product-type-simple","23":"has-product-nav","24":"col","25":"span_1_of_3","26":"owp-content-center","27":"owp-thumbs-layout-horizontal","28":"owp-btn-big","29":"owp-tabs-layout-vertical"},"aioseo_notices":[],"jetpack_sharing_enabled":true,"_links":{"self":[{"href":"https:\/\/bairesdeluxe.com.ar\/index.php?rest_route=\/wp\/v2\/product\/2299","targetHints":{"allow":["GET"]}}],"collection":[{"href":"https:\/\/bairesdeluxe.com.ar\/index.php?rest_route=\/wp\/v2\/product"}],"about":[{"href":"https:\/\/bairesdeluxe.com.ar\/index.php?rest_route=\/wp\/v2\/types\/product"}],"wp:featuredmedia":[{"embeddable":true,"href":"https:\/\/bairesdeluxe.com.ar\/index.php?rest_route=\/wp\/v2\/media\/2303"}],"wp:attachment":[{"href":"https:\/\/bairesdeluxe.com.ar\/index.php?rest_route=%2Fwp%2Fv2%2Fmedia&parent=2299"}],"wp:term":[{"taxonomy":"product_brand","embeddable":true,"href":"https:\/\/bairesdeluxe.com.ar\/index.php?rest_route=%2Fwp%2Fv2%2Fproduct_brand&post=2299"},{"taxonomy":"product_cat","embeddable":true,"href":"https:\/\/bairesdeluxe.com.ar\/index.php?rest_route=%2Fwp%2Fv2%2Fproduct_cat&post=2299"},{"taxonomy":"product_tag","embeddable":true,"href":"https:\/\/bairesdeluxe.com.ar\/index.php?rest_route=%2Fwp%2Fv2%2Fproduct_tag&post=2299"}],"curies":[{"name":"wp","href":"https:\/\/api.w.org\/{rel}","templated":true}]}}