{"id":2282,"date":"2021-03-25T10:01:49","date_gmt":"2021-03-25T13:01:49","guid":{"rendered":"https:\/\/bairesdeluxe.com.ar\/?post_type=product&#038;p=2282"},"modified":"2025-11-02T23:12:01","modified_gmt":"2025-11-03T02:12:01","slug":"sillon-esquinero-chesterfield-capitone-3-cuerpos-ecocuero","status":"publish","type":"product","link":"https:\/\/bairesdeluxe.com.ar\/?product=sillon-esquinero-chesterfield-capitone-3-cuerpos-ecocuero","title":{"rendered":"Sill\u00f3n Esquinero Chesterfield Capiton\u00e9 3 Cuerpos Ecocuero"},"content":{"rendered":"<p><strong>Sill\u00f3n Esquinero Chesterfield Capiton\u00e9 3 Cuerpos Ecocuero<\/strong><\/p>\n<p>Este sof\u00e1 de esquina modular muestra el estilo vintage de Chesterfield con abotonaciones profundas, espaldar y apoya-brazo robusto, ideal para sentarse y descansar, pasa una tarde de cocteles con tus amigas y no te preocupes por las machas, pasa un trapo h\u00famedo y como nuevo.<\/p>\n<p><strong>CARACTER\u00cdSTICAS:<\/strong><\/p>\n<p>*Estructura de Madera Saligna maciza tratada y estacionada, encastrada, encolada, y clavada perfectamente. Asiento de Placa Soft.<\/p>\n<p>*Almohadones de respaldo rellenos de vell\u00f3n suave importado<\/p>\n<p>*Costuras a la vista<\/p>\n<p>*Asiento en t\u00e9cnica \u00fanica estilo bombe de BAIRESDELUXE<\/p>\n<p><strong>MEDIDAS:<\/strong><\/p>\n<p>*Altura Total: 72 cm<\/p>\n<p>*Ancho: 220 cm X 160CM<\/p>\n<p>*Longitud \/ profundidad: 90cm<\/p>\n<p>*Ancho del Apoyabrazos: 30 cm<\/p>\n<p>*Espesor de Asiento Placa Soft Efecto Memoria : 14 cm<\/p>\n<p>*Altura del asiento: 43 cm<\/p>\n<p>*Asientos: 3 cuerpos<\/p>\n<p>*Capacidad de carga: 360 kg<\/p>\n<p>*Densidad del relleno del asiento: 28Kg\/m3<\/p>\n<p><strong>OTRAS OPCIONES:<\/strong><\/p>\n<p>&#8211; Consulte por Patas de Aluminio<\/p>\n<p>\u2013 Consulte por otras medidas.<\/p>\n<p>\u2013 Consulte por otras Telas Disponibles<\/p>\n","protected":false},"excerpt":{"rendered":"<p>Sill\u00f3n Esquinero Chesterfield Capiton\u00e9 3 Cuerpos Ecocuero Este sof\u00e1 de esquina modular muestra el estilo vintage de Chesterfield con abotonaciones profundas, espaldar y apoya-brazo robusto, ideal para sentarse y descansar, pasa una tarde de cocteles con tus amigas y no te preocupes por las machas, pasa un trapo h\u00famedo y como nuevo. CARACTER\u00cdSTICAS: *Estructura de [&hellip;]<\/p>\n","protected":false},"featured_media":2287,"template":"","meta":{"ocean_post_layout":"","ocean_both_sidebars_style":"","ocean_both_sidebars_content_width":0,"ocean_both_sidebars_sidebars_width":0,"ocean_sidebar":"0","ocean_second_sidebar":"0","ocean_disable_margins":"enable","ocean_add_body_class":"","ocean_shortcode_before_top_bar":"","ocean_shortcode_after_top_bar":"","ocean_shortcode_before_header":"","ocean_shortcode_after_header":"","ocean_has_shortcode":"","ocean_shortcode_after_title":"","ocean_shortcode_before_footer_widgets":"","ocean_shortcode_after_footer_widgets":"","ocean_shortcode_before_footer_bottom":"","ocean_shortcode_after_footer_bottom":"","ocean_display_top_bar":"default","ocean_display_header":"default","ocean_header_style":"","ocean_center_header_left_menu":"0","ocean_custom_header_template":"0","ocean_custom_logo":0,"ocean_custom_retina_logo":0,"ocean_custom_logo_max_width":0,"ocean_custom_logo_tablet_max_width":0,"ocean_custom_logo_mobile_max_width":0,"ocean_custom_logo_max_height":0,"ocean_custom_logo_tablet_max_height":0,"ocean_custom_logo_mobile_max_height":0,"ocean_header_custom_menu":"0","ocean_menu_typo_font_family":"0","ocean_menu_typo_font_subset":"","ocean_menu_typo_font_size":0,"ocean_menu_typo_font_size_tablet":0,"ocean_menu_typo_font_size_mobile":0,"ocean_menu_typo_font_size_unit":"px","ocean_menu_typo_font_weight":"","ocean_menu_typo_font_weight_tablet":"","ocean_menu_typo_font_weight_mobile":"","ocean_menu_typo_transform":"","ocean_menu_typo_transform_tablet":"","ocean_menu_typo_transform_mobile":"","ocean_menu_typo_line_height":0,"ocean_menu_typo_line_height_tablet":0,"ocean_menu_typo_line_height_mobile":0,"ocean_menu_typo_line_height_unit":"","ocean_menu_typo_spacing":0,"ocean_menu_typo_spacing_tablet":0,"ocean_menu_typo_spacing_mobile":0,"ocean_menu_typo_spacing_unit":"","ocean_menu_link_color":"","ocean_menu_link_color_hover":"","ocean_menu_link_color_active":"","ocean_menu_link_background":"","ocean_menu_link_hover_background":"","ocean_menu_link_active_background":"","ocean_menu_social_links_bg":"","ocean_menu_social_hover_links_bg":"","ocean_menu_social_links_color":"","ocean_menu_social_hover_links_color":"","ocean_disable_title":"default","ocean_disable_heading":"default","ocean_post_title":"","ocean_post_subheading":"","ocean_post_title_style":"","ocean_post_title_background_color":"","ocean_post_title_background":0,"ocean_post_title_bg_image_position":"","ocean_post_title_bg_image_attachment":"","ocean_post_title_bg_image_repeat":"","ocean_post_title_bg_image_size":"","ocean_post_title_height":0,"ocean_post_title_bg_overlay":0.5,"ocean_post_title_bg_overlay_color":"","ocean_disable_breadcrumbs":"default","ocean_breadcrumbs_color":"","ocean_breadcrumbs_separator_color":"","ocean_breadcrumbs_links_color":"","ocean_breadcrumbs_links_hover_color":"","ocean_display_footer_widgets":"default","ocean_display_footer_bottom":"default","ocean_custom_footer_template":"0"},"product_brand":[],"product_cat":[169,177,183,161,172,166,179,15],"product_tag":[],"class_list":{"0":"post-2282","1":"product","2":"type-product","3":"status-publish","4":"has-post-thumbnail","6":"product_cat-3-cuerpos","7":"product_cat-chesterfield","8":"product_cat-eco-cuero","9":"product_cat-esquineros","10":"product_cat-modelo","11":"product_cat-tamano","12":"product_cat-tela","13":"product_cat-todo","15":"entry","16":"has-media","18":"first","19":"instock","20":"shipping-taxable","21":"purchasable","22":"product-type-simple","23":"has-product-nav","24":"col","25":"span_1_of_3","26":"owp-content-center","27":"owp-thumbs-layout-horizontal","28":"owp-btn-big","29":"owp-tabs-layout-vertical"},"aioseo_notices":[],"jetpack_sharing_enabled":true,"_links":{"self":[{"href":"https:\/\/bairesdeluxe.com.ar\/index.php?rest_route=\/wp\/v2\/product\/2282","targetHints":{"allow":["GET"]}}],"collection":[{"href":"https:\/\/bairesdeluxe.com.ar\/index.php?rest_route=\/wp\/v2\/product"}],"about":[{"href":"https:\/\/bairesdeluxe.com.ar\/index.php?rest_route=\/wp\/v2\/types\/product"}],"wp:featuredmedia":[{"embeddable":true,"href":"https:\/\/bairesdeluxe.com.ar\/index.php?rest_route=\/wp\/v2\/media\/2287"}],"wp:attachment":[{"href":"https:\/\/bairesdeluxe.com.ar\/index.php?rest_route=%2Fwp%2Fv2%2Fmedia&parent=2282"}],"wp:term":[{"taxonomy":"product_brand","embeddable":true,"href":"https:\/\/bairesdeluxe.com.ar\/index.php?rest_route=%2Fwp%2Fv2%2Fproduct_brand&post=2282"},{"taxonomy":"product_cat","embeddable":true,"href":"https:\/\/bairesdeluxe.com.ar\/index.php?rest_route=%2Fwp%2Fv2%2Fproduct_cat&post=2282"},{"taxonomy":"product_tag","embeddable":true,"href":"https:\/\/bairesdeluxe.com.ar\/index.php?rest_route=%2Fwp%2Fv2%2Fproduct_tag&post=2282"}],"curies":[{"name":"wp","href":"https:\/\/api.w.org\/{rel}","templated":true}]}}