{"id":2079,"date":"2021-03-23T15:25:07","date_gmt":"2021-03-23T18:25:07","guid":{"rendered":"https:\/\/bairesdeluxe.com.ar\/?post_type=product&#038;p=2079"},"modified":"2025-09-13T14:21:54","modified_gmt":"2025-09-13T17:21:54","slug":"respaldo-sommier-de-pie-capitone-210x130-pie-de-cama-pana-antimancha","status":"publish","type":"product","link":"https:\/\/bairesdeluxe.com.ar\/?product=respaldo-sommier-de-pie-capitone-210x130-pie-de-cama-pana-antimancha","title":{"rendered":"Respaldo Sommier de Pie Capitone 210&#215;130 + Pie de Cama Pana Antimancha"},"content":{"rendered":"<p><strong>Respaldo Sommier de Pie Capitone 210&#215;130 + Pie de Cama Pana Antimancha<\/strong><\/p>\n<p>Este cabecero de lujo Chesterfield hecho con placa soft de 22kg y tapizado con tela pana antimancha, te proteger\u00e1 del frio y dar\u00e1 a tu habitaci\u00f3n ese lujo y confort que tanto te gusta.<\/p>\n<p><strong>CARACTER\u00cdSTICAS:<\/strong><\/p>\n<p>* Hecho a mano 100% artesanal<\/p>\n<p>* Bot\u00f3n forrado anudado pliegue tipo Diamante<\/p>\n<p>* Estructura de madera Maciza Encuadra, pegada y grapada para mayor estabilidad<\/p>\n<p>* Placa soft entera de 22kg M3 para un m\u00e1ximo confort<\/p>\n<p><strong>MEDIDAS respaldo:<\/strong><\/p>\n<p>*Ancho 200 \u2013 210 cm a elecci\u00f3n<\/p>\n<p>*Alto 130cm ( base 60cm y 70cm de capiton\u00e9 )<\/p>\n<p>*Profundidad 14cm<\/p>\n<p>*MADERA saligna de 1 pulgada de espesor<\/p>\n<p><strong>MEDIDAS pie de cama tipo ba\u00fal:<\/strong><\/p>\n<p>*Alto 45cm<\/p>\n<p>*Ancho desde 150 hasta 210cm a elecci\u00f3n<\/p>\n<p>*Profundidad 50cm<\/p>\n<p><strong>OTRAS OPCIONES:<\/strong><\/p>\n<p>\u2013 Consulte por otras medidas.<\/p>\n<p>\u2013 Consulte por otras Telas Disponibles<\/p>\n","protected":false},"excerpt":{"rendered":"<p>Respaldo Sommier de Pie Capitone 210&#215;130 + Pie de Cama Pana Antimancha Este cabecero de lujo Chesterfield hecho con placa soft de 22kg y tapizado con tela pana antimancha, te proteger\u00e1 del frio y dar\u00e1 a tu habitaci\u00f3n ese lujo y confort que tanto te gusta. CARACTER\u00cdSTICAS: * Hecho a mano 100% artesanal * Bot\u00f3n [&hellip;]<\/p>\n","protected":false},"featured_media":2081,"template":"","meta":{"ocean_post_layout":"","ocean_both_sidebars_style":"","ocean_both_sidebars_content_width":0,"ocean_both_sidebars_sidebars_width":0,"ocean_sidebar":"0","ocean_second_sidebar":"0","ocean_disable_margins":"enable","ocean_add_body_class":"","ocean_shortcode_before_top_bar":"","ocean_shortcode_after_top_bar":"","ocean_shortcode_before_header":"","ocean_shortcode_after_header":"","ocean_has_shortcode":"","ocean_shortcode_after_title":"","ocean_shortcode_before_footer_widgets":"","ocean_shortcode_after_footer_widgets":"","ocean_shortcode_before_footer_bottom":"","ocean_shortcode_after_footer_bottom":"","ocean_display_top_bar":"default","ocean_display_header":"default","ocean_header_style":"","ocean_center_header_left_menu":"0","ocean_custom_header_template":"0","ocean_custom_logo":0,"ocean_custom_retina_logo":0,"ocean_custom_logo_max_width":0,"ocean_custom_logo_tablet_max_width":0,"ocean_custom_logo_mobile_max_width":0,"ocean_custom_logo_max_height":0,"ocean_custom_logo_tablet_max_height":0,"ocean_custom_logo_mobile_max_height":0,"ocean_header_custom_menu":"0","ocean_menu_typo_font_family":"0","ocean_menu_typo_font_subset":"","ocean_menu_typo_font_size":0,"ocean_menu_typo_font_size_tablet":0,"ocean_menu_typo_font_size_mobile":0,"ocean_menu_typo_font_size_unit":"px","ocean_menu_typo_font_weight":"","ocean_menu_typo_font_weight_tablet":"","ocean_menu_typo_font_weight_mobile":"","ocean_menu_typo_transform":"","ocean_menu_typo_transform_tablet":"","ocean_menu_typo_transform_mobile":"","ocean_menu_typo_line_height":0,"ocean_menu_typo_line_height_tablet":0,"ocean_menu_typo_line_height_mobile":0,"ocean_menu_typo_line_height_unit":"","ocean_menu_typo_spacing":0,"ocean_menu_typo_spacing_tablet":0,"ocean_menu_typo_spacing_mobile":0,"ocean_menu_typo_spacing_unit":"","ocean_menu_link_color":"","ocean_menu_link_color_hover":"","ocean_menu_link_color_active":"","ocean_menu_link_background":"","ocean_menu_link_hover_background":"","ocean_menu_link_active_background":"","ocean_menu_social_links_bg":"","ocean_menu_social_hover_links_bg":"","ocean_menu_social_links_color":"","ocean_menu_social_hover_links_color":"","ocean_disable_title":"default","ocean_disable_heading":"default","ocean_post_title":"","ocean_post_subheading":"","ocean_post_title_style":"","ocean_post_title_background_color":"","ocean_post_title_background":0,"ocean_post_title_bg_image_position":"","ocean_post_title_bg_image_attachment":"","ocean_post_title_bg_image_repeat":"","ocean_post_title_bg_image_size":"","ocean_post_title_height":0,"ocean_post_title_bg_overlay":0.5,"ocean_post_title_bg_overlay_color":"","ocean_disable_breadcrumbs":"default","ocean_breadcrumbs_color":"","ocean_breadcrumbs_separator_color":"","ocean_breadcrumbs_links_color":"","ocean_breadcrumbs_links_hover_color":"","ocean_display_footer_widgets":"default","ocean_display_footer_bottom":"default","ocean_custom_footer_template":"0"},"product_brand":[],"product_cat":[172,173,184,419,179,15],"product_tag":[],"class_list":{"0":"post-2079","1":"product","2":"type-product","3":"status-publish","4":"has-post-thumbnail","6":"product_cat-modelo","7":"product_cat-otro","8":"product_cat-pana-antimanchas","9":"product_cat-respaldos","10":"product_cat-tela","11":"product_cat-todo","13":"entry","14":"has-media","16":"first","17":"instock","18":"shipping-taxable","19":"purchasable","20":"product-type-simple","21":"has-product-nav","22":"col","23":"span_1_of_3","24":"owp-content-center","25":"owp-thumbs-layout-horizontal","26":"owp-btn-big","27":"owp-tabs-layout-vertical"},"aioseo_notices":[],"jetpack_sharing_enabled":true,"_links":{"self":[{"href":"https:\/\/bairesdeluxe.com.ar\/index.php?rest_route=\/wp\/v2\/product\/2079","targetHints":{"allow":["GET"]}}],"collection":[{"href":"https:\/\/bairesdeluxe.com.ar\/index.php?rest_route=\/wp\/v2\/product"}],"about":[{"href":"https:\/\/bairesdeluxe.com.ar\/index.php?rest_route=\/wp\/v2\/types\/product"}],"wp:featuredmedia":[{"embeddable":true,"href":"https:\/\/bairesdeluxe.com.ar\/index.php?rest_route=\/wp\/v2\/media\/2081"}],"wp:attachment":[{"href":"https:\/\/bairesdeluxe.com.ar\/index.php?rest_route=%2Fwp%2Fv2%2Fmedia&parent=2079"}],"wp:term":[{"taxonomy":"product_brand","embeddable":true,"href":"https:\/\/bairesdeluxe.com.ar\/index.php?rest_route=%2Fwp%2Fv2%2Fproduct_brand&post=2079"},{"taxonomy":"product_cat","embeddable":true,"href":"https:\/\/bairesdeluxe.com.ar\/index.php?rest_route=%2Fwp%2Fv2%2Fproduct_cat&post=2079"},{"taxonomy":"product_tag","embeddable":true,"href":"https:\/\/bairesdeluxe.com.ar\/index.php?rest_route=%2Fwp%2Fv2%2Fproduct_tag&post=2079"}],"curies":[{"name":"wp","href":"https:\/\/api.w.org\/{rel}","templated":true}]}}