{"id":1958,"date":"2021-03-23T11:09:04","date_gmt":"2021-03-23T14:09:04","guid":{"rendered":"https:\/\/bairesdeluxe.com.ar\/?post_type=product&#038;p=1958"},"modified":"2025-09-13T14:22:01","modified_gmt":"2025-09-13T17:22:01","slug":"sillon-moderno-cubo-circe-1-cuerpo-pana-antimanchas","status":"publish","type":"product","link":"https:\/\/bairesdeluxe.com.ar\/?product=sillon-moderno-cubo-circe-1-cuerpo-pana-antimanchas","title":{"rendered":"Sill\u00f3n Moderno Cubo Circe 2 Cuerpos Pana Antimanchas"},"content":{"rendered":"<p><strong>Sill\u00f3n Moderno Cubo Circe 1 Cuerpo Pana Antimanchas<\/strong><\/p>\n<p>Agregue un toque de estilo a su hogar con este moderno sof\u00e1 de dos cuerpos ideal para espacios peque\u00f1os y con mucho estilo, limpio, cl\u00e1sico y espacioso, este estilo de Chesterfield imbuye su espacio de vida con el encanto del estilo de devoluci\u00f3n.<\/p>\n<p>Hecho a mano para una artesan\u00eda y calidad excepcionales, este sof\u00e1 est\u00e1 tapizado con pana antimanchas duradera, f\u00e1cil de mantener y suave al tacto.<\/p>\n<p><strong>CARACTER\u00cdSTICAS:<\/strong><\/p>\n<p>*Construido con el marco de madera maciza para una mayor durabilidad, este sill\u00f3n est\u00e1 lleno de espuma de alta densidad de 28kg para una m\u00e1xima comodidad.<\/p>\n<p>*Con un marco rectangular con detalles de acolchado cl\u00e1sico en los respaldos de los asientos y los brazos, el asiento de 2 plazas con costuras reforzadas es la pieza que la hace falta a tu living.<\/p>\n<p>*Las patas met\u00e1licas y lustradas completan el aspecto moderno de esta pieza, creando un lugar para relajarse y descansar en su sala de estar, estudio o habitaci\u00f3n de invitados.<\/p>\n<p><strong>MEDIDAS:<\/strong><\/p>\n<p>*Alto 72 cm<\/p>\n<p>*Ancho 160 cm<\/p>\n<p>*Profundidad 90 cm<\/p>\n<p><strong>OTRAS OPCIONES:<\/strong><\/p>\n<p>&#8211; Consulte por otras medidas.<\/p>\n<p>\u2013 Consulte por otras Telas Disponibles<\/p>\n","protected":false},"excerpt":{"rendered":"<p>Sill\u00f3n Moderno Cubo Circe 1 Cuerpo Pana Antimanchas Agregue un toque de estilo a su hogar con este moderno sof\u00e1 de dos cuerpos ideal para espacios peque\u00f1os y con mucho estilo, limpio, cl\u00e1sico y espacioso, este estilo de Chesterfield imbuye su espacio de vida con el encanto del estilo de devoluci\u00f3n. Hecho a mano para [&hellip;]<\/p>\n","protected":false},"featured_media":1961,"template":"","meta":{"ocean_post_layout":"","ocean_both_sidebars_style":"","ocean_both_sidebars_content_width":0,"ocean_both_sidebars_sidebars_width":0,"ocean_sidebar":"0","ocean_second_sidebar":"0","ocean_disable_margins":"enable","ocean_add_body_class":"","ocean_shortcode_before_top_bar":"","ocean_shortcode_after_top_bar":"","ocean_shortcode_before_header":"","ocean_shortcode_after_header":"","ocean_has_shortcode":"","ocean_shortcode_after_title":"","ocean_shortcode_before_footer_widgets":"","ocean_shortcode_after_footer_widgets":"","ocean_shortcode_before_footer_bottom":"","ocean_shortcode_after_footer_bottom":"","ocean_display_top_bar":"default","ocean_display_header":"default","ocean_header_style":"","ocean_center_header_left_menu":"0","ocean_custom_header_template":"0","ocean_custom_logo":0,"ocean_custom_retina_logo":0,"ocean_custom_logo_max_width":0,"ocean_custom_logo_tablet_max_width":0,"ocean_custom_logo_mobile_max_width":0,"ocean_custom_logo_max_height":0,"ocean_custom_logo_tablet_max_height":0,"ocean_custom_logo_mobile_max_height":0,"ocean_header_custom_menu":"0","ocean_menu_typo_font_family":"0","ocean_menu_typo_font_subset":"","ocean_menu_typo_font_size":0,"ocean_menu_typo_font_size_tablet":0,"ocean_menu_typo_font_size_mobile":0,"ocean_menu_typo_font_size_unit":"px","ocean_menu_typo_font_weight":"","ocean_menu_typo_font_weight_tablet":"","ocean_menu_typo_font_weight_mobile":"","ocean_menu_typo_transform":"","ocean_menu_typo_transform_tablet":"","ocean_menu_typo_transform_mobile":"","ocean_menu_typo_line_height":0,"ocean_menu_typo_line_height_tablet":0,"ocean_menu_typo_line_height_mobile":0,"ocean_menu_typo_line_height_unit":"","ocean_menu_typo_spacing":0,"ocean_menu_typo_spacing_tablet":0,"ocean_menu_typo_spacing_mobile":0,"ocean_menu_typo_spacing_unit":"","ocean_menu_link_color":"","ocean_menu_link_color_hover":"","ocean_menu_link_color_active":"","ocean_menu_link_background":"","ocean_menu_link_hover_background":"","ocean_menu_link_active_background":"","ocean_menu_social_links_bg":"","ocean_menu_social_hover_links_bg":"","ocean_menu_social_links_color":"","ocean_menu_social_hover_links_color":"","ocean_disable_title":"default","ocean_disable_heading":"default","ocean_post_title":"","ocean_post_subheading":"","ocean_post_title_style":"","ocean_post_title_background_color":"","ocean_post_title_background":0,"ocean_post_title_bg_image_position":"","ocean_post_title_bg_image_attachment":"","ocean_post_title_bg_image_repeat":"","ocean_post_title_bg_image_size":"","ocean_post_title_height":0,"ocean_post_title_bg_overlay":0.5,"ocean_post_title_bg_overlay_color":"","ocean_disable_breadcrumbs":"default","ocean_breadcrumbs_color":"","ocean_breadcrumbs_separator_color":"","ocean_breadcrumbs_links_color":"","ocean_breadcrumbs_links_hover_color":"","ocean_display_footer_widgets":"default","ocean_display_footer_bottom":"default","ocean_custom_footer_template":"0"},"product_brand":[],"product_cat":[171,172,178,184,160,166,179,15],"product_tag":[],"class_list":{"0":"post-1958","1":"product","2":"type-product","3":"status-publish","4":"has-post-thumbnail","6":"product_cat-1-cuerpo","7":"product_cat-modelo","8":"product_cat-moderno","9":"product_cat-pana-antimanchas","10":"product_cat-sillones","11":"product_cat-tamano","12":"product_cat-tela","13":"product_cat-todo","15":"entry","16":"has-media","18":"first","19":"instock","20":"shipping-taxable","21":"purchasable","22":"product-type-simple","23":"has-product-nav","24":"col","25":"span_1_of_3","26":"owp-content-center","27":"owp-thumbs-layout-horizontal","28":"owp-btn-big","29":"owp-tabs-layout-vertical"},"aioseo_notices":[],"jetpack_sharing_enabled":true,"_links":{"self":[{"href":"https:\/\/bairesdeluxe.com.ar\/index.php?rest_route=\/wp\/v2\/product\/1958","targetHints":{"allow":["GET"]}}],"collection":[{"href":"https:\/\/bairesdeluxe.com.ar\/index.php?rest_route=\/wp\/v2\/product"}],"about":[{"href":"https:\/\/bairesdeluxe.com.ar\/index.php?rest_route=\/wp\/v2\/types\/product"}],"wp:featuredmedia":[{"embeddable":true,"href":"https:\/\/bairesdeluxe.com.ar\/index.php?rest_route=\/wp\/v2\/media\/1961"}],"wp:attachment":[{"href":"https:\/\/bairesdeluxe.com.ar\/index.php?rest_route=%2Fwp%2Fv2%2Fmedia&parent=1958"}],"wp:term":[{"taxonomy":"product_brand","embeddable":true,"href":"https:\/\/bairesdeluxe.com.ar\/index.php?rest_route=%2Fwp%2Fv2%2Fproduct_brand&post=1958"},{"taxonomy":"product_cat","embeddable":true,"href":"https:\/\/bairesdeluxe.com.ar\/index.php?rest_route=%2Fwp%2Fv2%2Fproduct_cat&post=1958"},{"taxonomy":"product_tag","embeddable":true,"href":"https:\/\/bairesdeluxe.com.ar\/index.php?rest_route=%2Fwp%2Fv2%2Fproduct_tag&post=1958"}],"curies":[{"name":"wp","href":"https:\/\/api.w.org\/{rel}","templated":true}]}}