{"id":1777,"date":"2021-03-22T14:21:38","date_gmt":"2021-03-22T17:21:38","guid":{"rendered":"https:\/\/bairesdeluxe.com.ar\/?post_type=product&#038;p=1777"},"modified":"2025-11-11T09:48:38","modified_gmt":"2025-11-11T12:48:38","slug":"silla-matera-marte-pana-antimanchas","status":"publish","type":"product","link":"https:\/\/bairesdeluxe.com.ar\/?product=silla-matera-marte-pana-antimanchas","title":{"rendered":"Silla Matera Marte Pana Antimanchas"},"content":{"rendered":"<p><strong>Silla Matera Marte Pana Antimanchas<\/strong><\/p>\n<p>Dise\u00f1ada para brillar, con respaldo acanalado de estilo n\u00f3rdico, con patas altas, moderna en pana antimanchas, suave y c\u00f3moda.<\/p>\n<p><strong>CARACTER\u00cdSTICAS:<\/strong><\/p>\n<p>*Estructura de madera maciza de 1&#8243; pulgada de espesor.<\/p>\n<p>*El esqueleto es perfectamente encuadrado, encolado, clavado y engrapado para su firmeza y estabilidad estructural integral.<\/p>\n<p>*Asiento relleno de placas Piero Efecto Memoria de alta resistencia de densidad 28 kg, la espuma de alta resistencia es m\u00e1s confortable y m\u00e1s s\u00f3lida que las espumas cl\u00e1sicas por lo que te garantiza un gran confort y una mejor resistencia al paso del tiempo.<\/p>\n<p>*Respaldo y Apoyabrazos relleno de espuma de poliuretano Piero de densidad 24 kg<\/p>\n<p>*Suspensi\u00f3n del respaldo sobre cintas el\u00e1sticas.<\/p>\n<p>*Material de las patas: madera maciza torneadas y pulidas de color natural para que el cliente pueda pintarlas de el color que prefiera<\/p>\n<p>*Espesor de llenado: 14 cm<\/p>\n<p>*Densidad del relleno del asiento: 24 kg \/ m3<\/p>\n<p>*Costuras dobles internas y simples externas.<\/p>\n<p><strong>MEDIDA:<\/strong><\/p>\n<p>*Altura desde el piso hasta donde termina el respaldo: 87cm<\/p>\n<p>*Ancho: 60 cm<\/p>\n<p>*Largo \/ Profundidad total: 75 cm<\/p>\n<p>*Asiento Altura 43cm x 62cm superior y bajo 30cm<\/p>\n<p>*Profundidad Area Asiento:50x60cm<\/p>\n<p>*Patas : Madera maciza torneadas 25cm<\/p>\n<p><strong>OTRAS OPCIONES:<\/strong><\/p>\n<p>&#8211; Consulte por Patas en Aluminio.<\/p>\n<p>\u2013 Consulte por otras medidas.<\/p>\n<p>\u2013 Consulte por otras Telas Disponibles<\/p>\n","protected":false},"excerpt":{"rendered":"<p>Silla Matera Marte Pana Antimanchas Dise\u00f1ada para brillar, con respaldo acanalado de estilo n\u00f3rdico, con patas altas, moderna en pana antimanchas, suave y c\u00f3moda. CARACTER\u00cdSTICAS: *Estructura de madera maciza de 1&#8243; pulgada de espesor. *El esqueleto es perfectamente encuadrado, encolado, clavado y engrapado para su firmeza y estabilidad estructural integral. *Asiento relleno de placas Piero [&hellip;]<\/p>\n","protected":false},"featured_media":1785,"template":"","meta":{"ocean_post_layout":"","ocean_both_sidebars_style":"","ocean_both_sidebars_content_width":0,"ocean_both_sidebars_sidebars_width":0,"ocean_sidebar":"0","ocean_second_sidebar":"0","ocean_disable_margins":"enable","ocean_add_body_class":"","ocean_shortcode_before_top_bar":"","ocean_shortcode_after_top_bar":"","ocean_shortcode_before_header":"","ocean_shortcode_after_header":"","ocean_has_shortcode":"","ocean_shortcode_after_title":"","ocean_shortcode_before_footer_widgets":"","ocean_shortcode_after_footer_widgets":"","ocean_shortcode_before_footer_bottom":"","ocean_shortcode_after_footer_bottom":"","ocean_display_top_bar":"default","ocean_display_header":"default","ocean_header_style":"","ocean_center_header_left_menu":"0","ocean_custom_header_template":"0","ocean_custom_logo":0,"ocean_custom_retina_logo":0,"ocean_custom_logo_max_width":0,"ocean_custom_logo_tablet_max_width":0,"ocean_custom_logo_mobile_max_width":0,"ocean_custom_logo_max_height":0,"ocean_custom_logo_tablet_max_height":0,"ocean_custom_logo_mobile_max_height":0,"ocean_header_custom_menu":"0","ocean_menu_typo_font_family":"0","ocean_menu_typo_font_subset":"","ocean_menu_typo_font_size":0,"ocean_menu_typo_font_size_tablet":0,"ocean_menu_typo_font_size_mobile":0,"ocean_menu_typo_font_size_unit":"px","ocean_menu_typo_font_weight":"","ocean_menu_typo_font_weight_tablet":"","ocean_menu_typo_font_weight_mobile":"","ocean_menu_typo_transform":"","ocean_menu_typo_transform_tablet":"","ocean_menu_typo_transform_mobile":"","ocean_menu_typo_line_height":0,"ocean_menu_typo_line_height_tablet":0,"ocean_menu_typo_line_height_mobile":0,"ocean_menu_typo_line_height_unit":"","ocean_menu_typo_spacing":0,"ocean_menu_typo_spacing_tablet":0,"ocean_menu_typo_spacing_mobile":0,"ocean_menu_typo_spacing_unit":"","ocean_menu_link_color":"","ocean_menu_link_color_hover":"","ocean_menu_link_color_active":"","ocean_menu_link_background":"","ocean_menu_link_hover_background":"","ocean_menu_link_active_background":"","ocean_menu_social_links_bg":"","ocean_menu_social_hover_links_bg":"","ocean_menu_social_links_color":"","ocean_menu_social_hover_links_color":"","ocean_disable_title":"default","ocean_disable_heading":"default","ocean_post_title":"","ocean_post_subheading":"","ocean_post_title_style":"","ocean_post_title_background_color":"","ocean_post_title_background":0,"ocean_post_title_bg_image_position":"","ocean_post_title_bg_image_attachment":"","ocean_post_title_bg_image_repeat":"","ocean_post_title_bg_image_size":"","ocean_post_title_height":0,"ocean_post_title_bg_overlay":0.5,"ocean_post_title_bg_overlay_color":"","ocean_disable_breadcrumbs":"default","ocean_breadcrumbs_color":"","ocean_breadcrumbs_separator_color":"","ocean_breadcrumbs_links_color":"","ocean_breadcrumbs_links_hover_color":"","ocean_display_footer_widgets":"default","ocean_display_footer_bottom":"default","ocean_custom_footer_template":"0"},"product_brand":[],"product_cat":[171,172,173,184,164,166,179,15],"product_tag":[],"class_list":{"0":"post-1777","1":"product","2":"type-product","3":"status-publish","4":"has-post-thumbnail","6":"product_cat-1-cuerpo","7":"product_cat-modelo","8":"product_cat-otro","9":"product_cat-pana-antimanchas","10":"product_cat-silla","11":"product_cat-tamano","12":"product_cat-tela","13":"product_cat-todo","15":"entry","16":"has-media","18":"first","19":"instock","20":"shipping-taxable","21":"purchasable","22":"product-type-simple","23":"has-product-nav","24":"col","25":"span_1_of_3","26":"owp-content-center","27":"owp-thumbs-layout-horizontal","28":"owp-btn-big","29":"owp-tabs-layout-vertical"},"aioseo_notices":[],"jetpack_sharing_enabled":true,"_links":{"self":[{"href":"https:\/\/bairesdeluxe.com.ar\/index.php?rest_route=\/wp\/v2\/product\/1777","targetHints":{"allow":["GET"]}}],"collection":[{"href":"https:\/\/bairesdeluxe.com.ar\/index.php?rest_route=\/wp\/v2\/product"}],"about":[{"href":"https:\/\/bairesdeluxe.com.ar\/index.php?rest_route=\/wp\/v2\/types\/product"}],"wp:featuredmedia":[{"embeddable":true,"href":"https:\/\/bairesdeluxe.com.ar\/index.php?rest_route=\/wp\/v2\/media\/1785"}],"wp:attachment":[{"href":"https:\/\/bairesdeluxe.com.ar\/index.php?rest_route=%2Fwp%2Fv2%2Fmedia&parent=1777"}],"wp:term":[{"taxonomy":"product_brand","embeddable":true,"href":"https:\/\/bairesdeluxe.com.ar\/index.php?rest_route=%2Fwp%2Fv2%2Fproduct_brand&post=1777"},{"taxonomy":"product_cat","embeddable":true,"href":"https:\/\/bairesdeluxe.com.ar\/index.php?rest_route=%2Fwp%2Fv2%2Fproduct_cat&post=1777"},{"taxonomy":"product_tag","embeddable":true,"href":"https:\/\/bairesdeluxe.com.ar\/index.php?rest_route=%2Fwp%2Fv2%2Fproduct_tag&post=1777"}],"curies":[{"name":"wp","href":"https:\/\/api.w.org\/{rel}","templated":true}]}}