{"id":1731,"date":"2021-03-22T12:27:08","date_gmt":"2021-03-22T15:27:08","guid":{"rendered":"https:\/\/bairesdeluxe.com.ar\/?post_type=product&#038;p=1731"},"modified":"2025-11-13T13:12:29","modified_gmt":"2025-11-13T16:12:29","slug":"sillon-nordico-vintage-un-cuerpo-lino-alpha-antidesgarros","status":"publish","type":"product","link":"https:\/\/bairesdeluxe.com.ar\/?product=sillon-nordico-vintage-un-cuerpo-lino-alpha-antidesgarros","title":{"rendered":"Sill\u00f3n N\u00f3rdico Vintage Un Cuerpo Lino Alpha Antidesgarros  Cyber Monday 2025"},"content":{"rendered":"<p><strong>Sill\u00f3n N\u00f3rdico Vintage Un Cuerpo Lino Alpha Antidesgarros<\/strong><\/p>\n<p>Muy elegante, el Sill\u00f3n n\u00f3rdico vintage de un cuerpo no solo tiene un dise\u00f1o excepcional.<\/p>\n<p>con sus patas en madera color natural que garantizan su estabilidad, cuenta con botones decorativos en el respaldo, este dise\u00f1o es atemporal, el sill\u00f3n n\u00f3rdico introducir\u00e1 un estilo refinado en cualquier interior y su c\u00f3modo respaldo lo invita a sentarse y relajarse. El sof\u00e1 se ajustar\u00e1 perfectamente a la sala de estar y al dormitorio.<\/p>\n<p>Cuidado del producto: limpie las manchas claras con un champ\u00fa seco y una esponja h\u00fameda, elimine las manchas dif\u00edciles con agua tibia y jab\u00f3n, no use agentes blanqueadores con cloro, aspire con una punta especial, limpie las manchas con agua destilada<\/p>\n<p><strong>CARACTER\u00cdSTICAS:<\/strong><\/p>\n<p>*Estructura de madera maciza de 1&#8243; pulgada de espesor.<\/p>\n<p>*El esqueleto es perfectamente encuadrado, encolado, clavado y engrapado para su firmeza y estabilidad estructural integral.<\/p>\n<p>*Colores: A Tu Elecci\u00f3n Variedad de Colores<\/p>\n<p>*Completamente tapizado en Lino Alpha Anti-Desgarro de Alta Resistencia<\/p>\n<p>*Asiento relleno de placas Piero Efecto Memoria de alta resistencia de densidad 22 kg, la espuma de alta resistencia es m\u00e1s confortable y m\u00e1s s\u00f3lida que las espumas cl\u00e1sicas por lo que te garantiza un gran confort y una mejor resistencia al paso del tiempo.<\/p>\n<p>*Respaldo y Apoyabrazos relleno de espuma de poliuretano Piero de densidad 20 kg<\/p>\n<p>*Suspensi\u00f3n del respaldo sobre cintas el\u00e1sticas.<\/p>\n<p>*Estructura en madera, patas en madera Dura Torneadas. Pintadas o en Color Natural.<\/p>\n<p><strong>MEDIDA PUBLICADA ESTANDAR:<\/strong><\/p>\n<p>*Altura: 72 cm<\/p>\n<p>*Ancho: 80 cm<\/p>\n<p>*Largo \/ Profundidad: 80 cm<\/p>\n<p>*Altura de la pierna: 17 cm<\/p>\n<p>*Altura del reposabrazos: 48 cm<\/p>\n<p>*\u00c1rea del asiento: 44 x 51 cm<\/p>\n<p>*Espesor de llenado: 14 cm<\/p>\n<p>*Densidad del relleno del asiento: 22 kg \/ m3<\/p>\n<p>*Altura del asiento: 45 cm<\/p>\n<p><strong>VENTAJAS<\/strong><\/p>\n<p>*El sill\u00f3n atemporal ofrece total comodidad.<\/p>\n<p>*La altura del asiento proporciona un confort de asiento \u00f3ptimo.<\/p>\n<p>*La tapicer\u00eda c\u00f3moda y este sof\u00e1 de sal\u00f3n beige son extremadamente c\u00f3modos<\/p>\n<p>*El sof\u00e1 es incre\u00edblemente estable y f\u00e1cil de mantener.<\/p>\n<p><strong>OTRAS OPCIONES:<\/strong><\/p>\n<p>\u2013 Nota: si la espuma de asiento lo prefieres de 28kg efecto memoria tiene un costo adicional<\/p>\n<p>&#8211; Consulte por Patas en Aluminio.<\/p>\n<p>\u2013 Consulte por otras medidas.<\/p>\n<p>\u2013 Consulte por otras Telas Disponibles<\/p>\n","protected":false},"excerpt":{"rendered":"<p>Sill\u00f3n N\u00f3rdico Vintage Un Cuerpo Lino Alpha Antidesgarros Muy elegante, el Sill\u00f3n n\u00f3rdico vintage de un cuerpo no solo tiene un dise\u00f1o excepcional. con sus patas en madera color natural que garantizan su estabilidad, cuenta con botones decorativos en el respaldo, este dise\u00f1o es atemporal, el sill\u00f3n n\u00f3rdico introducir\u00e1 un estilo refinado en cualquier interior [&hellip;]<\/p>\n","protected":false},"featured_media":1733,"template":"","meta":{"ocean_post_layout":"","ocean_both_sidebars_style":"","ocean_both_sidebars_content_width":0,"ocean_both_sidebars_sidebars_width":0,"ocean_sidebar":"0","ocean_second_sidebar":"0","ocean_disable_margins":"enable","ocean_add_body_class":"","ocean_shortcode_before_top_bar":"","ocean_shortcode_after_top_bar":"","ocean_shortcode_before_header":"","ocean_shortcode_after_header":"","ocean_has_shortcode":"","ocean_shortcode_after_title":"","ocean_shortcode_before_footer_widgets":"","ocean_shortcode_after_footer_widgets":"","ocean_shortcode_before_footer_bottom":"","ocean_shortcode_after_footer_bottom":"","ocean_display_top_bar":"default","ocean_display_header":"default","ocean_header_style":"","ocean_center_header_left_menu":"0","ocean_custom_header_template":"0","ocean_custom_logo":0,"ocean_custom_retina_logo":0,"ocean_custom_logo_max_width":0,"ocean_custom_logo_tablet_max_width":0,"ocean_custom_logo_mobile_max_width":0,"ocean_custom_logo_max_height":0,"ocean_custom_logo_tablet_max_height":0,"ocean_custom_logo_mobile_max_height":0,"ocean_header_custom_menu":"0","ocean_menu_typo_font_family":"0","ocean_menu_typo_font_subset":"","ocean_menu_typo_font_size":0,"ocean_menu_typo_font_size_tablet":0,"ocean_menu_typo_font_size_mobile":0,"ocean_menu_typo_font_size_unit":"px","ocean_menu_typo_font_weight":"","ocean_menu_typo_font_weight_tablet":"","ocean_menu_typo_font_weight_mobile":"","ocean_menu_typo_transform":"","ocean_menu_typo_transform_tablet":"","ocean_menu_typo_transform_mobile":"","ocean_menu_typo_line_height":0,"ocean_menu_typo_line_height_tablet":0,"ocean_menu_typo_line_height_mobile":0,"ocean_menu_typo_line_height_unit":"","ocean_menu_typo_spacing":0,"ocean_menu_typo_spacing_tablet":0,"ocean_menu_typo_spacing_mobile":0,"ocean_menu_typo_spacing_unit":"","ocean_menu_link_color":"","ocean_menu_link_color_hover":"","ocean_menu_link_color_active":"","ocean_menu_link_background":"","ocean_menu_link_hover_background":"","ocean_menu_link_active_background":"","ocean_menu_social_links_bg":"","ocean_menu_social_hover_links_bg":"","ocean_menu_social_links_color":"","ocean_menu_social_hover_links_color":"","ocean_disable_title":"default","ocean_disable_heading":"default","ocean_post_title":"","ocean_post_subheading":"","ocean_post_title_style":"","ocean_post_title_background_color":"","ocean_post_title_background":0,"ocean_post_title_bg_image_position":"","ocean_post_title_bg_image_attachment":"","ocean_post_title_bg_image_repeat":"","ocean_post_title_bg_image_size":"","ocean_post_title_height":0,"ocean_post_title_bg_overlay":0.5,"ocean_post_title_bg_overlay_color":"","ocean_disable_breadcrumbs":"default","ocean_breadcrumbs_color":"","ocean_breadcrumbs_separator_color":"","ocean_breadcrumbs_links_color":"","ocean_breadcrumbs_links_hover_color":"","ocean_display_footer_widgets":"default","ocean_display_footer_bottom":"default","ocean_custom_footer_template":"0"},"product_brand":[],"product_cat":[171,181,172,178,160,166,179,15,174],"product_tag":[],"class_list":{"0":"post-1731","1":"product","2":"type-product","3":"status-publish","4":"has-post-thumbnail","6":"product_cat-1-cuerpo","7":"product_cat-lino-alpha-antidesgarros","8":"product_cat-modelo","9":"product_cat-moderno","10":"product_cat-sillones","11":"product_cat-tamano","12":"product_cat-tela","13":"product_cat-todo","14":"product_cat-vintage","16":"entry","17":"has-media","19":"first","20":"instock","21":"shipping-taxable","22":"purchasable","23":"product-type-simple","24":"has-product-nav","25":"col","26":"span_1_of_3","27":"owp-content-center","28":"owp-thumbs-layout-horizontal","29":"owp-btn-big","30":"owp-tabs-layout-vertical"},"aioseo_notices":[],"jetpack_sharing_enabled":true,"_links":{"self":[{"href":"https:\/\/bairesdeluxe.com.ar\/index.php?rest_route=\/wp\/v2\/product\/1731","targetHints":{"allow":["GET"]}}],"collection":[{"href":"https:\/\/bairesdeluxe.com.ar\/index.php?rest_route=\/wp\/v2\/product"}],"about":[{"href":"https:\/\/bairesdeluxe.com.ar\/index.php?rest_route=\/wp\/v2\/types\/product"}],"wp:featuredmedia":[{"embeddable":true,"href":"https:\/\/bairesdeluxe.com.ar\/index.php?rest_route=\/wp\/v2\/media\/1733"}],"wp:attachment":[{"href":"https:\/\/bairesdeluxe.com.ar\/index.php?rest_route=%2Fwp%2Fv2%2Fmedia&parent=1731"}],"wp:term":[{"taxonomy":"product_brand","embeddable":true,"href":"https:\/\/bairesdeluxe.com.ar\/index.php?rest_route=%2Fwp%2Fv2%2Fproduct_brand&post=1731"},{"taxonomy":"product_cat","embeddable":true,"href":"https:\/\/bairesdeluxe.com.ar\/index.php?rest_route=%2Fwp%2Fv2%2Fproduct_cat&post=1731"},{"taxonomy":"product_tag","embeddable":true,"href":"https:\/\/bairesdeluxe.com.ar\/index.php?rest_route=%2Fwp%2Fv2%2Fproduct_tag&post=1731"}],"curies":[{"name":"wp","href":"https:\/\/api.w.org\/{rel}","templated":true}]}}