{"id":1166,"date":"2021-02-04T16:57:25","date_gmt":"2021-02-04T19:57:25","guid":{"rendered":"https:\/\/bairesdeluxe.com.ar\/?post_type=product&#038;p=1166"},"modified":"2025-09-13T14:22:14","modified_gmt":"2025-09-13T17:22:14","slug":"sillon-chesterfield-2-cuerpos-pana-antimanchas","status":"publish","type":"product","link":"https:\/\/bairesdeluxe.com.ar\/?product=sillon-chesterfield-2-cuerpos-pana-antimanchas","title":{"rendered":"Sill\u00f3n Chesterfied 2 Cuerpos Pana Antimanchas"},"content":{"rendered":"<p><strong>Sill\u00f3n Chesterfied 2 Cuerpos Pana Antimanchas<\/strong><\/p>\n<p>Es perfecto tanto para hogares modernos como de dise\u00f1o cl\u00e1sico.<\/p>\n<p>El marco base est\u00e1 hecho de una construcci\u00f3n de madera resistente, mientras que los pies redondos garantizan un soporte seguro. Con su robusta suspensi\u00f3n ondulada y su acolchado de espuma transpirable, este sof\u00e1 ser\u00e1 un mueble confiable para la sala de estar, la habitaci\u00f3n de invitados o incluso una entrada durante muchos a\u00f1os. Este sof\u00e1 de alta calidad tambi\u00e9n se puede colocar en el centro de la habitaci\u00f3n, donde seguramente ser\u00e1 un verdadero punto culminante.<\/p>\n<p><strong>Cuidado del producto:<\/strong> limpiar con un pa\u00f1o seco<\/p>\n<p><strong>CARACTER\u00cdSTICAS:<\/strong><\/p>\n<p>*Tapizado en pana antimancha de alta calidad con costuras finamente decoradas.<\/p>\n<p>*M\u00e1ximo confort gracias a la robusta tapicer\u00eda con chincha neum\u00e1tica que garantizan una *larga vida \u00fatil.<\/p>\n<p>*C\u00f3moda suspensi\u00f3n.<\/p>\n<p>*Cojines de asiento extra\u00edbles.<\/p>\n<p>*El respaldo bajo y los reposabrazos anchos y curvos lo invitan a quedarse un poco m\u00e1s.<\/p>\n<p>*Pies de madera robustos y cortos.<\/p>\n<p>*Asiento relleno de dos capas de espuma de poliuretano de alta resistencia de densidad 30 kg\/m3 y de una capa de densidad 24 kg\/m3, la espuma de alta resistencia es m\u00e1s confortable y m\u00e1s s\u00f3lida que las espumas cl\u00e1sicas por lo que te garantiza un gran confort y una mejor resistencia al paso del tiempo.<\/p>\n<p>*Respaldo y reposabrazos relleno de espuma de poliuretano de densidad 24 kg\/m3.<\/p>\n<p>*Estructura: madera saligna maciza, perfectamente encuadrado, encolado, clavado y engrapado para su firmeza y estabilidad estructural integral.<\/p>\n<p>*Relleno con espuma de alta resistencia de 28k efecto memoria (no se deforma)<\/p>\n<p><strong>MEDIDAS:<\/strong><\/p>\n<p>*Ancho desde 160 cm hasta 180 cm (rango personalizado)<\/p>\n<p>*Alto 72 cm<\/p>\n<p>*Profundidad 93 cm<\/p>\n<p>*Apoyabrazos 30 cm<\/p>\n<p><strong>OTRAS OPCIONES:<\/strong><\/p>\n<p>&#8211; Consulte por Patas en Aluminio.<\/p>\n<p>&#8211; Consulte por otras medidas.<\/p>\n<p>\u2013 Consulte por otras Telas Disponibles<\/p>\n","protected":false},"excerpt":{"rendered":"<p>Altura: 72 Cm Ancho: 195 Cm Profundidad: 95 Cm<\/p>\n","protected":false},"featured_media":1168,"template":"","meta":{"ocean_post_layout":"","ocean_both_sidebars_style":"","ocean_both_sidebars_content_width":0,"ocean_both_sidebars_sidebars_width":0,"ocean_sidebar":"0","ocean_second_sidebar":"0","ocean_disable_margins":"enable","ocean_add_body_class":"","ocean_shortcode_before_top_bar":"","ocean_shortcode_after_top_bar":"","ocean_shortcode_before_header":"","ocean_shortcode_after_header":"","ocean_has_shortcode":"","ocean_shortcode_after_title":"","ocean_shortcode_before_footer_widgets":"","ocean_shortcode_after_footer_widgets":"","ocean_shortcode_before_footer_bottom":"","ocean_shortcode_after_footer_bottom":"","ocean_display_top_bar":"default","ocean_display_header":"default","ocean_header_style":"","ocean_center_header_left_menu":"0","ocean_custom_header_template":"0","ocean_custom_logo":0,"ocean_custom_retina_logo":0,"ocean_custom_logo_max_width":0,"ocean_custom_logo_tablet_max_width":0,"ocean_custom_logo_mobile_max_width":0,"ocean_custom_logo_max_height":0,"ocean_custom_logo_tablet_max_height":0,"ocean_custom_logo_mobile_max_height":0,"ocean_header_custom_menu":"0","ocean_menu_typo_font_family":"0","ocean_menu_typo_font_subset":"","ocean_menu_typo_font_size":0,"ocean_menu_typo_font_size_tablet":0,"ocean_menu_typo_font_size_mobile":0,"ocean_menu_typo_font_size_unit":"px","ocean_menu_typo_font_weight":"","ocean_menu_typo_font_weight_tablet":"","ocean_menu_typo_font_weight_mobile":"","ocean_menu_typo_transform":"","ocean_menu_typo_transform_tablet":"","ocean_menu_typo_transform_mobile":"","ocean_menu_typo_line_height":0,"ocean_menu_typo_line_height_tablet":0,"ocean_menu_typo_line_height_mobile":0,"ocean_menu_typo_line_height_unit":"","ocean_menu_typo_spacing":0,"ocean_menu_typo_spacing_tablet":0,"ocean_menu_typo_spacing_mobile":0,"ocean_menu_typo_spacing_unit":"","ocean_menu_link_color":"","ocean_menu_link_color_hover":"","ocean_menu_link_color_active":"","ocean_menu_link_background":"","ocean_menu_link_hover_background":"","ocean_menu_link_active_background":"","ocean_menu_social_links_bg":"","ocean_menu_social_hover_links_bg":"","ocean_menu_social_links_color":"","ocean_menu_social_hover_links_color":"","ocean_disable_title":"default","ocean_disable_heading":"default","ocean_post_title":"","ocean_post_subheading":"","ocean_post_title_style":"","ocean_post_title_background_color":"","ocean_post_title_background":0,"ocean_post_title_bg_image_position":"","ocean_post_title_bg_image_attachment":"","ocean_post_title_bg_image_repeat":"","ocean_post_title_bg_image_size":"","ocean_post_title_height":0,"ocean_post_title_bg_overlay":0.5,"ocean_post_title_bg_overlay_color":"","ocean_disable_breadcrumbs":"default","ocean_breadcrumbs_color":"","ocean_breadcrumbs_separator_color":"","ocean_breadcrumbs_links_color":"","ocean_breadcrumbs_links_hover_color":"","ocean_display_footer_widgets":"default","ocean_display_footer_bottom":"default","ocean_custom_footer_template":"0"},"product_brand":[],"product_cat":[170,177,498,172,184,160,166,179,15],"product_tag":[113,135,132,144,137,146],"class_list":{"0":"post-1166","1":"product","2":"type-product","3":"status-publish","4":"has-post-thumbnail","6":"product_cat-2-cuerpos","7":"product_cat-chesterfield","8":"product_cat-comedores-bairesdeluxe","9":"product_cat-modelo","10":"product_cat-pana-antimanchas","11":"product_cat-sillones","12":"product_cat-tamano","13":"product_cat-tela","14":"product_cat-todo","15":"product_tag-calidad-confort-y-comodidad","16":"product_tag-chesterfield","17":"product_tag-dos-cuerpos","18":"product_tag-exclusivo","19":"product_tag-pana-antimancha","20":"product_tag-unico","22":"entry","23":"has-media","25":"first","26":"instock","27":"shipping-taxable","28":"purchasable","29":"product-type-simple","30":"has-product-nav","31":"col","32":"span_1_of_3","33":"owp-content-center","34":"owp-thumbs-layout-horizontal","35":"owp-btn-big","36":"owp-tabs-layout-vertical"},"aioseo_notices":[],"jetpack_sharing_enabled":true,"_links":{"self":[{"href":"https:\/\/bairesdeluxe.com.ar\/index.php?rest_route=\/wp\/v2\/product\/1166","targetHints":{"allow":["GET"]}}],"collection":[{"href":"https:\/\/bairesdeluxe.com.ar\/index.php?rest_route=\/wp\/v2\/product"}],"about":[{"href":"https:\/\/bairesdeluxe.com.ar\/index.php?rest_route=\/wp\/v2\/types\/product"}],"wp:featuredmedia":[{"embeddable":true,"href":"https:\/\/bairesdeluxe.com.ar\/index.php?rest_route=\/wp\/v2\/media\/1168"}],"wp:attachment":[{"href":"https:\/\/bairesdeluxe.com.ar\/index.php?rest_route=%2Fwp%2Fv2%2Fmedia&parent=1166"}],"wp:term":[{"taxonomy":"product_brand","embeddable":true,"href":"https:\/\/bairesdeluxe.com.ar\/index.php?rest_route=%2Fwp%2Fv2%2Fproduct_brand&post=1166"},{"taxonomy":"product_cat","embeddable":true,"href":"https:\/\/bairesdeluxe.com.ar\/index.php?rest_route=%2Fwp%2Fv2%2Fproduct_cat&post=1166"},{"taxonomy":"product_tag","embeddable":true,"href":"https:\/\/bairesdeluxe.com.ar\/index.php?rest_route=%2Fwp%2Fv2%2Fproduct_tag&post=1166"}],"curies":[{"name":"wp","href":"https:\/\/api.w.org\/{rel}","templated":true}]}}