{"id":1154,"date":"2021-02-04T15:53:24","date_gmt":"2021-02-04T18:53:24","guid":{"rendered":"https:\/\/bairesdeluxe.com.ar\/?post_type=product&#038;p=1154"},"modified":"2025-11-02T23:22:22","modified_gmt":"2025-11-03T02:22:22","slug":"sillon-chesterfield-3-cuerpos-ecocuero","status":"publish","type":"product","link":"https:\/\/bairesdeluxe.com.ar\/?product=sillon-chesterfield-3-cuerpos-ecocuero","title":{"rendered":"Sillon Chesterfield 3 Cuerpos Ecocuero"},"content":{"rendered":"<p><strong>Sillon Chesterfield 3 Cuerpos Ecocuero<\/strong><\/p>\n<p>Es perfecto tanto para hogares modernos como de dise\u00f1o cl\u00e1sico. El marco base est\u00e1 hecho de una construcci\u00f3n de madera resistente, mientras que los pies redondos garantizan un soporte seguro.<\/p>\n<p>Con su robusta suspensi\u00f3n ondulada y su acolchado de espuma transpirable, este sof\u00e1 ser\u00e1 un mueble confiable para la sala de estar, la habitaci\u00f3n de invitados o incluso una entrada durante muchos a\u00f1os. Este sof\u00e1 de alta calidad tambi\u00e9n se puede colocar en el centro de la habitaci\u00f3n, donde seguramente ser\u00e1 un verdadero punto culminante.<\/p>\n<p><strong>CARACTER\u00cdSTICAS:<\/strong><\/p>\n<p>*M\u00e1ximo confort gracias a la robusta tapicer\u00eda con chincha neum\u00e1tica que garantizan una larga vida \u00fatil.<\/p>\n<p>*C\u00f3moda suspensi\u00f3n.<\/p>\n<p>*Cojines de asiento extra\u00edbles.<\/p>\n<p>*El respaldo bajo y los reposabrazos anchos y curvos lo invitan a quedarse un poco m\u00e1s.<\/p>\n<p>*Pies de madera robustos y cortos.<\/p>\n<p>*Asiento relleno de dos capas de espuma de poliuretano de alta resistencia de densidad 30 kg\/m3 y de una capa de densidad 24 kg\/m3, la espuma de alta resistencia es m\u00e1s confortable y m\u00e1s s\u00f3lida que las espumas cl\u00e1sicas por lo que te garantiza un gran confort y una mejor resistencia al paso del tiempo.<\/p>\n<p>*Respaldo y reposabrazos relleno de espuma de poliuretano de densidad 24 kg\/m3.<\/p>\n<p><strong>MEDIDAS:<\/strong><\/p>\n<p>*Altura: 72 cm<\/p>\n<p>*Ancho: desde 190cm hasta 220cm<\/p>\n<p>*Profundidad: 95 cm<\/p>\n<p>*Grosor del asiento: 16 cm<\/p>\n<p>*Altura del asiento: 45 cm<\/p>\n<p><strong>OTRAS OPCIONES:<\/strong><\/p>\n<p>&#8211; Consulte por Patas de Aluminio<\/p>\n<p>\u2013 Consulte por otras medidas.<\/p>\n<p>\u2013 Consulte por otras Telas Disponibles<\/p>\n","protected":false},"excerpt":{"rendered":"<p>DIMENSIONES APROX:<\/p>\n<p>Altura: 72 cm<\/p>\n<p>Ancho: 220cm<\/p>\n<p>Profundidad: 95 cm<\/p>\n<p>Grosor del asiento: 16 cm<\/p>\n<p>Altura del asiento: 45 cm<\/p>\n","protected":false},"featured_media":2171,"template":"","meta":{"ocean_post_layout":"","ocean_both_sidebars_style":"","ocean_both_sidebars_content_width":0,"ocean_both_sidebars_sidebars_width":0,"ocean_sidebar":"0","ocean_second_sidebar":"0","ocean_disable_margins":"enable","ocean_add_body_class":"","ocean_shortcode_before_top_bar":"","ocean_shortcode_after_top_bar":"","ocean_shortcode_before_header":"","ocean_shortcode_after_header":"","ocean_has_shortcode":"","ocean_shortcode_after_title":"","ocean_shortcode_before_footer_widgets":"","ocean_shortcode_after_footer_widgets":"","ocean_shortcode_before_footer_bottom":"","ocean_shortcode_after_footer_bottom":"","ocean_display_top_bar":"default","ocean_display_header":"default","ocean_header_style":"","ocean_center_header_left_menu":"0","ocean_custom_header_template":"0","ocean_custom_logo":0,"ocean_custom_retina_logo":0,"ocean_custom_logo_max_width":0,"ocean_custom_logo_tablet_max_width":0,"ocean_custom_logo_mobile_max_width":0,"ocean_custom_logo_max_height":0,"ocean_custom_logo_tablet_max_height":0,"ocean_custom_logo_mobile_max_height":0,"ocean_header_custom_menu":"0","ocean_menu_typo_font_family":"0","ocean_menu_typo_font_subset":"","ocean_menu_typo_font_size":0,"ocean_menu_typo_font_size_tablet":0,"ocean_menu_typo_font_size_mobile":0,"ocean_menu_typo_font_size_unit":"px","ocean_menu_typo_font_weight":"","ocean_menu_typo_font_weight_tablet":"","ocean_menu_typo_font_weight_mobile":"","ocean_menu_typo_transform":"","ocean_menu_typo_transform_tablet":"","ocean_menu_typo_transform_mobile":"","ocean_menu_typo_line_height":0,"ocean_menu_typo_line_height_tablet":0,"ocean_menu_typo_line_height_mobile":0,"ocean_menu_typo_line_height_unit":"","ocean_menu_typo_spacing":0,"ocean_menu_typo_spacing_tablet":0,"ocean_menu_typo_spacing_mobile":0,"ocean_menu_typo_spacing_unit":"","ocean_menu_link_color":"","ocean_menu_link_color_hover":"","ocean_menu_link_color_active":"","ocean_menu_link_background":"","ocean_menu_link_hover_background":"","ocean_menu_link_active_background":"","ocean_menu_social_links_bg":"","ocean_menu_social_hover_links_bg":"","ocean_menu_social_links_color":"","ocean_menu_social_hover_links_color":"","ocean_disable_title":"default","ocean_disable_heading":"default","ocean_post_title":"","ocean_post_subheading":"","ocean_post_title_style":"","ocean_post_title_background_color":"","ocean_post_title_background":0,"ocean_post_title_bg_image_position":"","ocean_post_title_bg_image_attachment":"","ocean_post_title_bg_image_repeat":"","ocean_post_title_bg_image_size":"","ocean_post_title_height":0,"ocean_post_title_bg_overlay":0.5,"ocean_post_title_bg_overlay_color":"","ocean_disable_breadcrumbs":"default","ocean_breadcrumbs_color":"","ocean_breadcrumbs_separator_color":"","ocean_breadcrumbs_links_color":"","ocean_breadcrumbs_links_hover_color":"","ocean_display_footer_widgets":"default","ocean_display_footer_bottom":"default","ocean_custom_footer_template":"0"},"product_brand":[],"product_cat":[169,177,183,172,160,166,179,15],"product_tag":[145,135,142,143,144,105],"class_list":{"0":"post-1154","1":"product","2":"type-product","3":"status-publish","4":"has-post-thumbnail","6":"product_cat-3-cuerpos","7":"product_cat-chesterfield","8":"product_cat-eco-cuero","9":"product_cat-modelo","10":"product_cat-sillones","11":"product_cat-tamano","12":"product_cat-tela","13":"product_cat-todo","14":"product_tag-artesanal","15":"product_tag-chesterfield","16":"product_tag-cuero","17":"product_tag-elegante","18":"product_tag-exclusivo","19":"product_tag-vintage","21":"entry","22":"has-media","24":"first","25":"instock","26":"sale","27":"shipping-taxable","28":"purchasable","29":"product-type-simple","30":"has-product-nav","31":"col","32":"span_1_of_3","33":"owp-content-center","34":"owp-thumbs-layout-horizontal","35":"owp-btn-big","36":"owp-tabs-layout-vertical"},"aioseo_notices":[],"jetpack_sharing_enabled":true,"_links":{"self":[{"href":"https:\/\/bairesdeluxe.com.ar\/index.php?rest_route=\/wp\/v2\/product\/1154","targetHints":{"allow":["GET"]}}],"collection":[{"href":"https:\/\/bairesdeluxe.com.ar\/index.php?rest_route=\/wp\/v2\/product"}],"about":[{"href":"https:\/\/bairesdeluxe.com.ar\/index.php?rest_route=\/wp\/v2\/types\/product"}],"wp:featuredmedia":[{"embeddable":true,"href":"https:\/\/bairesdeluxe.com.ar\/index.php?rest_route=\/wp\/v2\/media\/2171"}],"wp:attachment":[{"href":"https:\/\/bairesdeluxe.com.ar\/index.php?rest_route=%2Fwp%2Fv2%2Fmedia&parent=1154"}],"wp:term":[{"taxonomy":"product_brand","embeddable":true,"href":"https:\/\/bairesdeluxe.com.ar\/index.php?rest_route=%2Fwp%2Fv2%2Fproduct_brand&post=1154"},{"taxonomy":"product_cat","embeddable":true,"href":"https:\/\/bairesdeluxe.com.ar\/index.php?rest_route=%2Fwp%2Fv2%2Fproduct_cat&post=1154"},{"taxonomy":"product_tag","embeddable":true,"href":"https:\/\/bairesdeluxe.com.ar\/index.php?rest_route=%2Fwp%2Fv2%2Fproduct_tag&post=1154"}],"curies":[{"name":"wp","href":"https:\/\/api.w.org\/{rel}","templated":true}]}}