{"id":1096,"date":"2021-02-04T14:36:21","date_gmt":"2021-02-04T17:36:21","guid":{"rendered":"https:\/\/bairesdeluxe.com.ar\/?post_type=product&#038;p=1096"},"modified":"2025-11-26T10:51:20","modified_gmt":"2025-11-26T13:51:20","slug":"sillon-chesterfield-3-cuerpos-cuero-100-vacuno","status":"publish","type":"product","link":"https:\/\/bairesdeluxe.com.ar\/?product=sillon-chesterfield-3-cuerpos-cuero-100-vacuno","title":{"rendered":"&#x1f451; Sill\u00f3n Chesterfield 3 Cuerpos Cuero 100% Vacuno"},"content":{"rendered":"<p><strong>&#x1f451; Sill\u00f3n Chesterfield 3 Cuerpos Cuero 100% Vacuno Dise\u00f1o Cl\u00e1sico Capiton\u00e9 &#8211; 220cm<\/strong><\/p>\n<p>Nuestro <b>Sill\u00f3n Sof\u00e1 Chesterfield de 3 Cuerpos<\/b> es una pieza ic\u00f3nica que se adapta perfectamente tanto a <b>hogares modernos<\/b> como a espacios de <b>dise\u00f1o cl\u00e1sico<\/b>. Tapizado en <b>Cuero 100% Vacuno<\/b> de alta calidad, es un mueble que ser\u00e1 un verdadero punto culminante en su <b>sala de estar<\/b> o <b>living<\/b> durante muchos a\u00f1os. Gracias a que el respaldo est\u00e1 completamente cubierto, este <b>sof\u00e1 de 3 plazas<\/b> puede colocarse en el centro de la habitaci\u00f3n.<\/p>\n<p>Con su robusta suspensi\u00f3n ondulada y su acolchado de espuma transpirable, este sof\u00e1 ser\u00e1 un mueble confiable para la sala de estar, la habitaci\u00f3n de invitados o incluso una entrada durante muchos a\u00f1os. Como el respaldo tambi\u00e9n est\u00e1 cubierto con piel sint\u00e9tica duradera, este sof\u00e1 de alta calidad tambi\u00e9n se puede colocar en el centro de la habitaci\u00f3n, donde seguramente ser\u00e1 un verdadero punto culminante. El color del sof\u00e1 Chesterfield de 3 plazas puede variar ligeramente de la foto.<\/p>\n<p><strong>CARACTER\u00cdSTICAS:<\/strong><\/p>\n<table data-path-to-node=\"20\">\n<thead>\n<tr>\n<td><strong>Caracter\u00edstica Clave<\/strong><\/td>\n<td><strong>Detalle T\u00e9cnico de Calidad<\/strong><\/td>\n<td><strong>Beneficio para el Cliente<\/strong><\/td>\n<\/tr>\n<\/thead>\n<tbody>\n<tr>\n<td><span data-path-to-node=\"20,1,0,0\"><b>Tapizado Exclusivo<\/b><\/span><\/td>\n<td><span data-path-to-node=\"20,1,1,0\"><b>Cuero 100% Vacuno<\/b> con costuras finamente decoradas.<\/span><\/td>\n<td><span data-path-to-node=\"20,1,2,0\">M\u00e1ximo lujo y durabilidad, el material mejora con el tiempo. Colores a elecci\u00f3n.<\/span><\/td>\n<\/tr>\n<tr>\n<td><span data-path-to-node=\"20,2,0,0\"><b>Confort Superior<\/b><\/span><\/td>\n<td><span data-path-to-node=\"20,2,1,0\">Asiento relleno de <b>doble capa de espuma de poliuretano<\/b> de alta resistencia (<span class=\"math-inline\" data-math=\"{30 kg\/m^3}\">${30 kg\/m^3}$<\/span> y <span class=\"math-inline\" data-math=\"{24 kg\/m^3}\">${24 kg\/m^3}$<\/span>).<\/span><\/td>\n<td><span data-path-to-node=\"20,2,2,0\"><b>Mayor confort y solidez<\/b> que la espuma cl\u00e1sica. Garant\u00eda de larga vida \u00fatil y resistencia al hundimiento.<\/span><\/td>\n<\/tr>\n<tr>\n<td><span data-path-to-node=\"20,3,0,0\"><b>Estructura<\/b><\/span><\/td>\n<td><span data-path-to-node=\"20,3,1,0\"><b>Marco base de madera resistente<\/b> con pies de madera cortos y robustos.<\/span><\/td>\n<td><span data-path-to-node=\"20,3,2,0\">Mueble <b>confiable<\/b> y duradero, dise\u00f1ado para el uso diario.<\/span><\/td>\n<\/tr>\n<tr>\n<td><span data-path-to-node=\"20,4,0,0\"><b>Dise\u00f1o Cl\u00e1sico<\/b><\/span><\/td>\n<td><span data-path-to-node=\"20,4,1,0\">Tapicer\u00eda profunda con <b>capiton\u00e9<\/b>, respaldo bajo y <b>reposabrazos anchos y curvos<\/b>.<\/span><\/td>\n<td><span data-path-to-node=\"20,4,2,0\">Invita a la relajaci\u00f3n. <b>Cojines de asiento extra\u00edbles<\/b> para f\u00e1cil limpieza.<\/span><\/td>\n<\/tr>\n<tr>\n<td><span data-path-to-node=\"20,5,0,0\"><b>Versatilidad<\/b><\/span><\/td>\n<td><span data-path-to-node=\"20,5,1,0\">Respaldo y laterales cubiertos.<\/span><\/td>\n<td><span data-path-to-node=\"20,5,2,0\">Puede colocarse en el <b>centro del living<\/b> sin necesidad de apoyarse contra una pared.<\/span><\/td>\n<\/tr>\n<\/tbody>\n<\/table>\n<h4><b>Dimensiones Clave del Sof\u00e1 de 3 Cuerpos:<\/b><\/h4>\n<p data-path-to-node=\"22\">Las <b>dimensiones<\/b> generosas de este <b>sof\u00e1 Chesterfield<\/b> lo hacen ideal para el descanso:<\/p>\n<ul data-path-to-node=\"23\">\n<li>\n<p data-path-to-node=\"23,0,0\"><b>Ancho Total:<\/b> 220 cm (Ideal para 3 personas).<\/p>\n<\/li>\n<li>\n<p data-path-to-node=\"23,1,0\"><b>Profundidad:<\/b> 95 cm.<\/p>\n<\/li>\n<li>\n<p data-path-to-node=\"23,2,0\"><b>Altura Total:<\/b> 72 cm.<\/p>\n<\/li>\n<li>\n<p data-path-to-node=\"23,3,0\"><b>Altura del Asiento:<\/b> 45 cm.<\/p>\n<\/li>\n<\/ul>\n<p>&nbsp;<\/p>\n<h3 data-start=\"1412\" data-end=\"1444\">&#x1f527; <strong data-start=\"1419\" data-end=\"1444\">Opciones adicionales:<\/strong><\/h3>\n<ul data-start=\"1445\" data-end=\"1564\">\n<li data-start=\"1445\" data-end=\"1496\">\n<p data-start=\"1447\" data-end=\"1496\">&#x1f9bf; Patas de aluminio (consultar disponibilidad)<\/p>\n<\/li>\n<li data-start=\"1497\" data-end=\"1520\">\n<p data-start=\"1499\" data-end=\"1520\">&#x1f4cf; Medidas a pedido<\/p>\n<\/li>\n<li data-start=\"1521\" data-end=\"1564\">\n<p data-start=\"1523\" data-end=\"1564\">&#x1f3a8; Amplia variedad de tapizados y colores<\/p>\n<\/li>\n<\/ul>\n<hr data-start=\"1566\" data-end=\"1569\" \/>\n<p data-start=\"1571\" data-end=\"1694\">&#x1f4ac; <strong data-start=\"1574\" data-end=\"1660\">Fabricado en Argentina con materiales de primera calidad y atenci\u00f3n personalizada.<\/strong><br data-start=\"1660\" data-end=\"1663\" \/>&#x1f69b; <strong data-start=\"1666\" data-end=\"1692\">Env\u00edos a todo el pa\u00eds.<\/strong><\/p>\n<p data-start=\"1696\" data-end=\"1830\">Transform\u00e1 tu living con un sof\u00e1 que une estilo, comodidad y funcionalidad.<br data-start=\"1771\" data-end=\"1774\" \/><strong data-start=\"1774\" data-end=\"1830\">Eleg\u00ed Bairesdeluxe. Eleg\u00ed dise\u00f1o sin intermediarios.<\/strong><\/p>\n<h3>&#x1f4e3; Promoci\u00f3n de Compra<\/h3>\n<blockquote data-path-to-node=\"22\">\n<p data-path-to-node=\"22,0\"><b>PRECIOS EN PROMOCI\u00d3N: \u00a1Consulte por descuentos especiales abonando con PAGO EFECTIVO O TRANSFERENCIA!<\/b><\/p>\n<p data-path-to-node=\"22,1\"><b>\u00a1Renueva tu living con este dise\u00f1o exclusivo!<\/b><\/p>\n<\/blockquote>\n","protected":false},"excerpt":{"rendered":"<p><b>Sill\u00f3n Sof\u00e1 Chesterfield de 3 Cuerpos<\/b> (220 cm) tapizado en <b>Cuero 100% Vacuno<\/b>. Estructura de madera resistente, dise\u00f1o ic\u00f3nico con <b>capiton\u00e9<\/b> y pies de madera. Asiento con doble capa de espuma de alta densidad (hasta <span class=\"math-inline\" data-math=\"{30kg\/m^3}\"><span class=\"katex\"><span class=\"katex-html\" aria-hidden=\"true\"><span class=\"base\"><span class=\"mord\">30<span class=\"mord mathnormal\">k<\/span><span class=\"mord mathnormal\">g<\/span>\/<span class=\"mord mathnormal\">m<\/span><span class=\"msupsub\"><span class=\"vlist-t\"><span class=\"vlist-r\"><span class=\"vlist\"><span class=\"\"><span class=\"sizing reset-size6 size3 mtight\"><span class=\"mord mtight\">3<\/span><\/span><\/span><\/span><\/span><\/span><\/span><\/span><\/span><\/span><\/span><\/span>). Confort y estilo premium para su living.<\/p>\n","protected":false},"featured_media":1107,"template":"","meta":{"ocean_post_layout":"","ocean_both_sidebars_style":"","ocean_both_sidebars_content_width":0,"ocean_both_sidebars_sidebars_width":0,"ocean_sidebar":"0","ocean_second_sidebar":"0","ocean_disable_margins":"enable","ocean_add_body_class":"","ocean_shortcode_before_top_bar":"","ocean_shortcode_after_top_bar":"","ocean_shortcode_before_header":"","ocean_shortcode_after_header":"","ocean_has_shortcode":"","ocean_shortcode_after_title":"","ocean_shortcode_before_footer_widgets":"","ocean_shortcode_after_footer_widgets":"","ocean_shortcode_before_footer_bottom":"","ocean_shortcode_after_footer_bottom":"","ocean_display_top_bar":"default","ocean_display_header":"default","ocean_header_style":"","ocean_center_header_left_menu":"0","ocean_custom_header_template":"0","ocean_custom_logo":0,"ocean_custom_retina_logo":0,"ocean_custom_logo_max_width":0,"ocean_custom_logo_tablet_max_width":0,"ocean_custom_logo_mobile_max_width":0,"ocean_custom_logo_max_height":0,"ocean_custom_logo_tablet_max_height":0,"ocean_custom_logo_mobile_max_height":0,"ocean_header_custom_menu":"0","ocean_menu_typo_font_family":"0","ocean_menu_typo_font_subset":"","ocean_menu_typo_font_size":0,"ocean_menu_typo_font_size_tablet":0,"ocean_menu_typo_font_size_mobile":0,"ocean_menu_typo_font_size_unit":"px","ocean_menu_typo_font_weight":"","ocean_menu_typo_font_weight_tablet":"","ocean_menu_typo_font_weight_mobile":"","ocean_menu_typo_transform":"","ocean_menu_typo_transform_tablet":"","ocean_menu_typo_transform_mobile":"","ocean_menu_typo_line_height":0,"ocean_menu_typo_line_height_tablet":0,"ocean_menu_typo_line_height_mobile":0,"ocean_menu_typo_line_height_unit":"","ocean_menu_typo_spacing":0,"ocean_menu_typo_spacing_tablet":0,"ocean_menu_typo_spacing_mobile":0,"ocean_menu_typo_spacing_unit":"","ocean_menu_link_color":"","ocean_menu_link_color_hover":"","ocean_menu_link_color_active":"","ocean_menu_link_background":"","ocean_menu_link_hover_background":"","ocean_menu_link_active_background":"","ocean_menu_social_links_bg":"","ocean_menu_social_hover_links_bg":"","ocean_menu_social_links_color":"","ocean_menu_social_hover_links_color":"","ocean_disable_title":"default","ocean_disable_heading":"default","ocean_post_title":"","ocean_post_subheading":"","ocean_post_title_style":"","ocean_post_title_background_color":"","ocean_post_title_background":0,"ocean_post_title_bg_image_position":"","ocean_post_title_bg_image_attachment":"","ocean_post_title_bg_image_repeat":"","ocean_post_title_bg_image_size":"","ocean_post_title_height":0,"ocean_post_title_bg_overlay":0.5,"ocean_post_title_bg_overlay_color":"","ocean_disable_breadcrumbs":"default","ocean_breadcrumbs_color":"","ocean_breadcrumbs_separator_color":"","ocean_breadcrumbs_links_color":"","ocean_breadcrumbs_links_hover_color":"","ocean_display_footer_widgets":"default","ocean_display_footer_bottom":"default","ocean_custom_footer_template":"0"},"product_brand":[723],"product_cat":[169,177,172,160,166,15],"product_tag":[828,145,150,135,142,825,829,143,144,651,821,105],"class_list":{"0":"post-1096","1":"product","2":"type-product","3":"status-publish","4":"has-post-thumbnail","6":"product_brand-bairesdeluxe","7":"product_cat-3-cuerpos","8":"product_cat-chesterfield","9":"product_cat-modelo","10":"product_cat-sillones","11":"product_cat-tamano","12":"product_cat-todo","13":"product_tag-220cm","14":"product_tag-artesanal","15":"product_tag-capitone","16":"product_tag-chesterfield","17":"product_tag-cuero","18":"product_tag-cuero-100-vacuno","19":"product_tag-diseno-clasico","20":"product_tag-elegante","21":"product_tag-exclusivo","22":"product_tag-sillon-chesterfield","23":"product_tag-sofa-3-cuerpos","24":"product_tag-vintage","26":"entry","27":"has-media","29":"first","30":"instock","31":"shipping-taxable","32":"purchasable","33":"product-type-simple","34":"has-product-nav","35":"col","36":"span_1_of_3","37":"owp-content-center","38":"owp-thumbs-layout-horizontal","39":"owp-btn-big","40":"owp-tabs-layout-vertical"},"aioseo_notices":[],"jetpack_sharing_enabled":true,"_links":{"self":[{"href":"https:\/\/bairesdeluxe.com.ar\/index.php?rest_route=\/wp\/v2\/product\/1096","targetHints":{"allow":["GET"]}}],"collection":[{"href":"https:\/\/bairesdeluxe.com.ar\/index.php?rest_route=\/wp\/v2\/product"}],"about":[{"href":"https:\/\/bairesdeluxe.com.ar\/index.php?rest_route=\/wp\/v2\/types\/product"}],"wp:featuredmedia":[{"embeddable":true,"href":"https:\/\/bairesdeluxe.com.ar\/index.php?rest_route=\/wp\/v2\/media\/1107"}],"wp:attachment":[{"href":"https:\/\/bairesdeluxe.com.ar\/index.php?rest_route=%2Fwp%2Fv2%2Fmedia&parent=1096"}],"wp:term":[{"taxonomy":"product_brand","embeddable":true,"href":"https:\/\/bairesdeluxe.com.ar\/index.php?rest_route=%2Fwp%2Fv2%2Fproduct_brand&post=1096"},{"taxonomy":"product_cat","embeddable":true,"href":"https:\/\/bairesdeluxe.com.ar\/index.php?rest_route=%2Fwp%2Fv2%2Fproduct_cat&post=1096"},{"taxonomy":"product_tag","embeddable":true,"href":"https:\/\/bairesdeluxe.com.ar\/index.php?rest_route=%2Fwp%2Fv2%2Fproduct_tag&post=1096"}],"curies":[{"name":"wp","href":"https:\/\/api.w.org\/{rel}","templated":true}]}}